{"id":9522,"date":"2022-03-11T20:14:40","date_gmt":"2022-03-11T19:14:40","guid":{"rendered":"https:\/\/www.gardenshaman.eu\/newshop\/?post_type=product&#038;p=9522"},"modified":"2024-08-20T14:28:51","modified_gmt":"2024-08-20T12:28:51","slug":"murdannia-pflanze-murdannia-loriformis","status":"publish","type":"product","link":"https:\/\/www.gardenshaman.eu\/pt\/product\/murdannia-planta-murdannia-loriformis\/","title":{"rendered":"Planta Murdannia (Murdannia Loriformis)"},"content":{"rendered":"<p><span style=\"color: #ff6600;\"><strong>Pa\u00eds de origem:<\/strong><\/span> \u00c1ustria<br \/>\n<strong><span style=\"color: #ff6600;\">Dimens\u00e3o: <\/span><\/strong><span style=\"color: #333300;\">Altura: aprox. 10-15cm<\/span><br \/>\n<span style=\"color: #ff6600;\"><strong>Nota: <\/strong><span style=\"color: #000000;\"><em>Planta jovem, saud\u00e1vel e vigorosa, pronta a florescer.<br \/>\n<\/em><span style=\"color: #ff6600;\"><strong>Informa\u00e7\u00f5es:<\/strong><\/span><span style=\"color: #000000;\"> Planta bem conhecida da MTC (medicina tradicional chinesa) que se afirma ser eficaz na luta contra o cancro. <a href=\"https:\/\/www.tandfonline.com\/doi\/abs\/10.1300\/J044v04n01_06\" target=\"_blank\" rel=\"noopener\">LINK<\/a><br \/>\nDiz-se tamb\u00e9m que a Murdannia \u00e9 capaz de desintoxicar o f\u00edgado e fortalecer o sistema imunit\u00e1rio. Para al\u00e9m da sua reputa\u00e7\u00e3o como um antioxidante eficaz, os rebentos frescos desta planta tamb\u00e9m sabem bem \ud83d\ude42<br \/>\n<\/span><\/span><\/span><\/p>\n<p><span style=\"color: #ff6600;\"><strong>Instru\u00e7\u00f5es de manuten\u00e7\u00e3o:<\/strong><\/span><\/p>\n<div id=\"productDescription\" class=\"a-section a-spacing-small\" style=\"padding-left: 30px;\">\n<p><strong>Luz:<\/strong> A Murdannia desenvolve-se magnificamente no jardim, da primavera ao outono, tanto \u00e0 luz direta do sol como \u00e0 sombra parcial. No entanto, o sol permanente do meio-dia requer regas repetidas, pois a bola de terra tende a secar rapidamente.<\/p>\n<p><strong>\u00c1gua:<\/strong> Regar regularmente durante a esta\u00e7\u00e3o de crescimento. \u00c9 prefer\u00edvel utilizar a \u00e1gua da chuva. Regar de acordo com as necessidades e a localiza\u00e7\u00e3o. Quanto maior for a incid\u00eancia de luz, maior ser\u00e1 a necessidade de \u00e1gua.<\/p>\n<p><strong>Fertilizantes:<\/strong> Fertilizar semanalmente ou de quinze em quinze dias com um adubo l\u00edquido fraco contendo micronutrientes. Pode tamb\u00e9m utilizar um adubo natural de liberta\u00e7\u00e3o lenta ou um caldo de urtiga ou similar.<\/p>\n<p><strong>Substrato:<\/strong> Uma terra para vasos bem fertilizada com um pouco de perlite e\/ou gr\u00e2nulos de rocha vulc\u00e2nica assegura um equil\u00edbrio equilibrado de nutrientes.<\/p>\n<\/div>\n<p style=\"padding-left: 30px;\"><a href=\"\/\">Informa\u00e7\u00f5es importantes sobre a compra e o envio das nossas plantas!<\/a><\/p>\n<p><strong><span style=\"color: #ff6600;\">IMPORTANTE - POR FAVOR LEIA:<\/span><\/strong><br \/>\nN\u00e3o compre este produto se for al\u00e9rgico a um ou mais ingredientes do produto. <em>al\u00e9rgico<\/em> reagir ou fazer isso contra o <em>Leis do seu pa\u00eds<\/em> violado!<\/p>\n<p><!--more--><br \/>\nAntes de comprar\/utilizar este produto, informe-se suficientemente sobre os ingredientes, o efeito, o processamento, a legalidade, etc. - de prefer\u00eancia junto do seu farmac\u00eautico\/m\u00e9dico de confian\u00e7a e das autoridades respons\u00e1veis. Em caso de confisco deste produto pela alf\u00e2ndega, infelizmente n\u00e3o podemos oferecer uma substitui\u00e7\u00e3o!<br \/>\n<strong>N\u00e3o podemos ser responsabilizados pela utiliza\u00e7\u00e3o incorrecta deste produto pelos nossos clientes. <span style=\"color: #ff0000;\">nenhuma responsabilidade<\/span> assumir o controlo! Todas as informa\u00e7\u00f5es sem garantia. Este produto n\u00e3o se destina a ser consumido! Todas as informa\u00e7\u00f5es sobre o produto t\u00eam um car\u00e1cter meramente informativo e n\u00e3o se destinam a incentivar o seu consumo!<\/strong><\/p>\n<p>&nbsp;<\/p>","protected":false},"excerpt":{"rendered":"<p>Herkunftsland: \u00d6sterreich Abmessung: H\u00f6he: ca. 10-15cm Hinweis: Gesunde &amp; kr\u00e4ftige Jungpflanze, bl\u00fchf\u00e4hig. Information: Bekannte Pflanze aus der TCM (traditionelle, chinesische Medizin) von der behauptet wird, dass sie erfolgreich bei der Bek\u00e4mpfung von Krebs eingesetzt werden kann. LINK Weiters soll Murdannia in der Lage sein, die Leber zu entgiften und das Immunsystem zu st\u00e4rken. Neben seiner [&hellip;]<\/p>\n","protected":false},"featured_media":8779,"comment_status":"open","ping_status":"closed","template":"","meta":[],"product_brand":[],"product_cat":[375,215,233],"product_tag":[350,387,388,389,390,391],"class_list":{"0":"post-9522","1":"product","2":"type-product","3":"status-publish","4":"has-post-thumbnail","6":"product_cat-pflanzen","7":"product_cat-sale","8":"product_cat-samen","9":"product_tag-ayurveda","10":"product_tag-heilpflanze","11":"product_tag-krebs","12":"product_tag-krebsforschung","13":"product_tag-murdannia","14":"product_tag-tcm","15":"product_shipping_class-pflanzen","17":"first","18":"outofstock","19":"sale","20":"taxable","21":"shipping-taxable","22":"purchasable","23":"product-type-simple"},"_links":{"self":[{"href":"https:\/\/www.gardenshaman.eu\/pt\/wp-json\/wp\/v2\/product\/9522","targetHints":{"allow":["GET"]}}],"collection":[{"href":"https:\/\/www.gardenshaman.eu\/pt\/wp-json\/wp\/v2\/product"}],"about":[{"href":"https:\/\/www.gardenshaman.eu\/pt\/wp-json\/wp\/v2\/types\/product"}],"replies":[{"embeddable":true,"href":"https:\/\/www.gardenshaman.eu\/pt\/wp-json\/wp\/v2\/comments?post=9522"}],"wp:featuredmedia":[{"embeddable":true,"href":"https:\/\/www.gardenshaman.eu\/pt\/wp-json\/wp\/v2\/media\/8779"}],"wp:attachment":[{"href":"https:\/\/www.gardenshaman.eu\/pt\/wp-json\/wp\/v2\/media?parent=9522"}],"wp:term":[{"taxonomy":"product_brand","embeddable":true,"href":"https:\/\/www.gardenshaman.eu\/pt\/wp-json\/wp\/v2\/product_brand?post=9522"},{"taxonomy":"product_cat","embeddable":true,"href":"https:\/\/www.gardenshaman.eu\/pt\/wp-json\/wp\/v2\/product_cat?post=9522"},{"taxonomy":"product_tag","embeddable":true,"href":"https:\/\/www.gardenshaman.eu\/pt\/wp-json\/wp\/v2\/product_tag?post=9522"}],"curies":[{"name":"wp","href":"https:\/\/api.w.org\/{rel}","templated":true}]}}