{"id":90184,"date":"2024-08-28T09:10:25","date_gmt":"2024-08-28T07:10:25","guid":{"rendered":"https:\/\/www.gardenshaman.eu\/?post_type=product&#038;p=90184"},"modified":"2025-12-12T13:46:15","modified_gmt":"2025-12-12T12:46:15","slug":"nachtkerze-oenothera-biennis-samen","status":"publish","type":"product","link":"https:\/\/www.gardenshaman.eu\/pt\/product\/oenothera-biennis\/","title":{"rendered":"Pr\u00edmula (Oenothera biennis) - sementes"},"content":{"rendered":"<h2><strong>Pr\u00edmula (Oenothera biennis) - sementes<\/strong><\/h2>\n<p><strong>Origem:<\/strong> \u00c1ustria<br \/>\n<strong>Colheita:<\/strong> 2025<br \/>\n<strong>Per\u00edodo de germina\u00e7\u00e3o:\u00a0<\/strong>aprox. 2-3 semanas<\/p>\n<p>Cada embalagem cont\u00e9m cerca de 50 sementes! Quantidades maiores a pedido!<\/p>\n<p><strong>Instru\u00e7\u00f5es de sementeira<br \/>\n<\/strong><br \/>\nPara cultivar com sucesso a Oenothera biennis, tamb\u00e9m conhecida como pr\u00edmula comum, \u00e9 melhor come\u00e7ar na primavera. Semear as sementes diretamente ao ar livre ap\u00f3s o perigo de geada ter passado. Escolha um local ensolarado com solo bem drenado. Pressionar ligeiramente as sementes no solo e manter uma dist\u00e2ncia de cerca de 20-30 cm entre as plantas. Regar regularmente, mas evitar o encharcamento. A germina\u00e7\u00e3o demora cerca de 2-3 semanas.<\/p>\n<p><strong>Colheita, utiliza\u00e7\u00e3o e armazenagem<br \/>\n<\/strong><br \/>\nA pr\u00edmula comum floresce a partir do segundo ano de sementeira. Pode colher as flores, as folhas e as ra\u00edzes. As flores s\u00e3o ideais para ch\u00e1s ou saladas, enquanto as ra\u00edzes podem ser preparadas como legumes na cozinha. Para a conserva\u00e7\u00e3o, \u00e9 aconselh\u00e1vel secar as partes e conserv\u00e1-las num recipiente herm\u00e9tico, num local fresco e escuro.<\/p>\n<p><strong>Sugest\u00f5es e truques<br \/>\n<\/strong><br \/>\nA pr\u00edmula comum \u00e9 uma planta bienal que s\u00f3 forma uma roseta de folhas no primeiro ano e floresce no segundo ano. Regue regularmente as plantas, sobretudo durante os per\u00edodos de seca, para garantir um crescimento \u00f3timo. Uma poda ligeira ap\u00f3s a flora\u00e7\u00e3o favorece uma segunda fase de flora\u00e7\u00e3o. Para controlar a dispers\u00e3o das sementes, pode retirar atempadamente os caules desbotados.<\/p>\n<p><strong>Vale a pena conhecer<br \/>\n<\/strong><br \/>\nA pr\u00edmula comum n\u00e3o \u00e9 apenas uma festa para os olhos no seu jardim, mas tamb\u00e9m uma planta medicinal valiosa. O seu \u00f3leo \u00e9 tradicionalmente utilizado para problemas de pele e dist\u00farbios hormonais. Tamb\u00e9m atrai numerosos insectos ben\u00e9ficos com as suas flores perfumadas, o que enriquece ainda mais o seu jardim.<\/p>\n<p><span style=\"color: #99cc00;\"><strong>Sementes GR\u00c1TIS com cada encomenda \ud83d\ude42<\/strong><\/span><\/p>\n<p>&nbsp;<\/p>\n<p><span style=\"color: #99cc00;\"><strong><span style=\"color: #ff6600;\">Importante:<\/span><\/strong><\/span><\/p>\n<ul>\n<li><span style=\"color: #99cc00;\"><span style=\"color: #000000;\">Apesar dos controlos de qualidade constantes (verifica\u00e7\u00e3o da qualidade da germina\u00e7\u00e3o, da capacidade de armazenamento, etc., das sementes de plantas, etc.) <\/span><span style=\"color: #000000;\">infelizmente podemos <\/span><\/span><strong><em>nenhum<\/em> Garantia<\/strong> sobre a germina\u00e7\u00e3o das nossas sementes - demasiados factores diferentes no cultivo\/condi\u00e7\u00f5es podem impedir uma germina\u00e7\u00e3o bem sucedida.<\/li>\n<li>Informe-se sobre os regulamentos aplic\u00e1veis no seu pa\u00eds ANTES de adquirir este produto. <strong>Leis<\/strong> e regulamentos de importa\u00e7\u00e3o e se este produto pode ser importado\/utilizado\/cultivado.<\/li>\n<li>As nossas sementes de plantas s\u00e3o, se dispon\u00edveis no seu pa\u00eds<strong> Cultivo<\/strong> determinada e permitida, <em>exclusivamente<\/em> destinados \u00e0 cultura de plantas.<\/li>\n<li>Para mais informa\u00e7\u00f5es e orienta\u00e7\u00f5es, consulte os nossos termos e condi\u00e7\u00f5es ou envie-nos simplesmente as suas quest\u00f5es por correio eletr\u00f3nico para: support@gardenshaman.eu \ud83d\ude42<\/li>\n<\/ul>","protected":false},"excerpt":{"rendered":"<p>Nachtkerze (Oenothera biennis) &#8211; Samen Herkunft: \u00d6sterreich Ernte: 2025 Keimdauer:\u00a0ca. 2-3 Wochen Jede Packung enth\u00e4lt ca. 50 Samen! Gr\u00f6\u00dfere Mengen bitte auf Anfrage! Aussaathinweise Um Oenothera biennis, auch bekannt als Gemeine Nachtkerze, erfolgreich anzubauen, beginne am besten im Fr\u00fchjahr. S\u00e4e die Samen direkt ins Freiland aus, nachdem die Frostgefahr vor\u00fcber ist. W\u00e4hle einen sonnigen Standort [&hellip;]<\/p>\n","protected":false},"featured_media":90186,"comment_status":"open","ping_status":"closed","template":"","meta":[],"product_brand":[],"product_cat":[4900,4895,233,4899],"product_tag":[6723,6646,5167,5349,3552,4338,6721,387,3549,6725,6720,6724,4800,5888,6722],"class_list":{"0":"post-90184","1":"product","2":"type-product","3":"status-publish","4":"has-post-thumbnail","6":"product_cat-heilkraeuter","7":"product_cat-obst-gemuese-und-kraeuter","8":"product_cat-samen","9":"product_cat-schoenheiten","10":"product_tag-biennales-gewaechs","11":"product_tag-blueten-ernten","12":"product_tag-bluetenpracht","13":"product_tag-bodenbeschaffenheit","14":"product_tag-gartenpflanze","15":"product_tag-gartenpflege","16":"product_tag-gemeine-nachtkerze","17":"product_tag-heilpflanze","18":"product_tag-kraeuteranbau","19":"product_tag-natuerliche-heilmittel","20":"product_tag-oenothera-biennis","21":"product_tag-pflegeanleitung","22":"product_tag-samen-aussaeen","23":"product_tag-standortwahl","24":"product_tag-wurzeln-verwenden","25":"product_shipping_class-samen","27":"first","28":"instock","29":"taxable","30":"shipping-taxable","31":"purchasable","32":"product-type-simple"},"_links":{"self":[{"href":"https:\/\/www.gardenshaman.eu\/pt\/wp-json\/wp\/v2\/product\/90184","targetHints":{"allow":["GET"]}}],"collection":[{"href":"https:\/\/www.gardenshaman.eu\/pt\/wp-json\/wp\/v2\/product"}],"about":[{"href":"https:\/\/www.gardenshaman.eu\/pt\/wp-json\/wp\/v2\/types\/product"}],"replies":[{"embeddable":true,"href":"https:\/\/www.gardenshaman.eu\/pt\/wp-json\/wp\/v2\/comments?post=90184"}],"wp:featuredmedia":[{"embeddable":true,"href":"https:\/\/www.gardenshaman.eu\/pt\/wp-json\/wp\/v2\/media\/90186"}],"wp:attachment":[{"href":"https:\/\/www.gardenshaman.eu\/pt\/wp-json\/wp\/v2\/media?parent=90184"}],"wp:term":[{"taxonomy":"product_brand","embeddable":true,"href":"https:\/\/www.gardenshaman.eu\/pt\/wp-json\/wp\/v2\/product_brand?post=90184"},{"taxonomy":"product_cat","embeddable":true,"href":"https:\/\/www.gardenshaman.eu\/pt\/wp-json\/wp\/v2\/product_cat?post=90184"},{"taxonomy":"product_tag","embeddable":true,"href":"https:\/\/www.gardenshaman.eu\/pt\/wp-json\/wp\/v2\/product_tag?post=90184"}],"curies":[{"name":"wp","href":"https:\/\/api.w.org\/{rel}","templated":true}]}}