{"id":50248,"date":"2023-10-23T10:49:35","date_gmt":"2023-10-23T08:49:35","guid":{"rendered":"https:\/\/www.gardenshaman.eu\/?post_type=product&#038;p=50248"},"modified":"2026-04-15T15:54:12","modified_gmt":"2026-04-15T13:54:12","slug":"echter-lavendel-lavandula-angustifolia-subsp-angustifolia-samen","status":"publish","type":"product","link":"https:\/\/www.gardenshaman.eu\/pt\/product\/lavanda-verdadeira-lavandula-angustifolia-subsp-angustifolia-sementes\/","title":{"rendered":"Alfazema verdadeira (Lavandula angustifolia subsp. angustifolia) - Sementes"},"content":{"rendered":"<p><strong>Alfazema verdadeira, Alfazema de folhas estreitas, Alfazema inglesa (Lavandula angustifolia subsp. angustifolia) - Sementes<\/strong><\/p>\n<p style=\"padding-left: 30px;\"><span style=\"color: #ff6600;\"><strong>Origem:<\/strong><\/span> \u00c1ustria<br \/>\n<strong><span style=\"color: #ff6600;\">Colheita:<\/span><\/strong> outubro de 2023<br \/>\n<span style=\"color: #ff6600;\"><strong>Per\u00edodo de germina\u00e7\u00e3o:\u00a0<\/strong><span style=\"color: #000000;\">aprox. 2-4 semanas<br \/>\n<\/span><\/span><\/p>\n<p style=\"padding-left: 30px;\">Pode escolher entre aprox. <em>20 e aprox. 50 sementes individuais<\/em>n escolher!<\/p>\n<h4>Instru\u00e7\u00f5es de sementeira:<\/h4>\n<p>A alfazema, com o seu aroma calmante e as suas bonitas flores roxas, n\u00e3o \u00e9 apenas um deleite para os sentidos, mas tamb\u00e9m um ornamento para qualquer jardim. Se quiser cultivar voc\u00ea mesmo a encantadora lavanda, aqui ficam algumas dicas \u00fateis para a sementeira:<\/p>\n<ol>\n<li><strong>Calend\u00e1rio<\/strong>As sementes de alfazema s\u00e3o semeadas idealmente na primavera ou no in\u00edcio do ver\u00e3o. Escolha um local ensolarado com solo bem drenado.<\/li>\n<li><strong>Prepara\u00e7\u00e3o do pavimento<\/strong>Solte bem o solo e remova as ervas daninhas e as pedras. O alfazema desenvolve-se melhor num solo ligeiramente alcalino.<\/li>\n<li><strong>M\u00e9todo de sementeira<\/strong>Polvilhe as sementes de lavanda uniformemente sobre a superf\u00edcie do solo preparado e cubra-as ligeiramente com terra. Pressione o solo suavemente para garantir que as sementes est\u00e3o em contacto com o solo h\u00famido.<\/li>\n<li><strong>Irriga\u00e7\u00e3o<\/strong>Manter o solo h\u00famido, mas n\u00e3o molhado, durante a germina\u00e7\u00e3o. Evite encharcar o solo, pois isso pode prejudicar a germina\u00e7\u00e3o.<\/li>\n<li><strong>Germina\u00e7\u00e3o<\/strong>As sementes de alfazema demoram geralmente cerca de 2-3 semanas a germinar. Mantenha o local de sementeira quente e solarengo durante este per\u00edodo.<\/li>\n<\/ol>\n<h4>Dicas e truques:<\/h4>\n<ul>\n<li><strong>Rega regular<\/strong>A lavanda n\u00e3o gosta de ficar em solo h\u00famido. Certifique-se de que rega a alfazema apenas quando o solo estiver seco para evitar o encharcamento.<\/li>\n<li><strong>Corte correto<\/strong>Para favorecer a forma\u00e7\u00e3o de um arbusto de lavanda compacto e vi\u00e7oso, \u00e9 necess\u00e1rio cortar a lavanda ap\u00f3s a flora\u00e7\u00e3o. Retire as infloresc\u00eancias desbotadas para estimular o crescimento de novas flores.<\/li>\n<li><strong>Invernada<\/strong>A lavanda \u00e9 resistente, mas nas regi\u00f5es frias pode ser vantajoso cobrir a lavanda com uma camada de cobertura vegetal para a proteger das geadas.<\/li>\n<\/ul>\n<h4>Vale a pena conhecer:<\/h4>\n<ul>\n<li><strong>Utiliza\u00e7\u00e3o vers\u00e1til<\/strong>A alfazema n\u00e3o \u00e9 apenas um bonito arbusto ornamental, mas \u00e9 tamb\u00e9m apreciada pelas suas propriedades calmantes e arom\u00e1ticas. O \u00f3leo de lavanda \u00e9 frequentemente utilizado em aromaterapia para promover o relaxamento e reduzir o stress.<\/li>\n<li><strong>Atra\u00e7\u00e3o de insectos<\/strong>A alfazema n\u00e3o s\u00f3 atrai as pessoas com o seu aroma, como tamb\u00e9m \u00e9 um \u00edman para abelhas, borboletas e outros insectos polinizadores. Este facto torna-a uma planta valiosa para promover a biodiversidade no jardim.<\/li>\n<li><strong>Variedade diversidade<\/strong>Existem muitas variedades diferentes de alfazema com diferentes alturas, cores de flores e perfis de fragr\u00e2ncia. Desde a cl\u00e1ssica lavanda angustifolia at\u00e9 \u00e0s variedades extravagantes como a lavanda stoechas, existe uma variedade que se adapta a todos os gostos e estilos de jardim.<\/li>\n<\/ul>\n<p>&nbsp;<\/p>\n<p><span style=\"color: #99cc00;\"><strong>Sementes GR\u00c1TIS com cada encomenda \ud83d\ude42<\/strong><\/span><\/p>\n<p>&nbsp;<\/p>\n<p><span style=\"color: #99cc00;\"><strong><span style=\"color: #ff6600;\">Importante:<\/span><\/strong><\/span><\/p>\n<ul>\n<li><span style=\"color: #99cc00;\"><span style=\"color: #000000;\">Apesar dos controlos de qualidade constantes (verifica\u00e7\u00e3o da qualidade da germina\u00e7\u00e3o, da capacidade de armazenamento, etc., das sementes de plantas, etc.) <\/span><span style=\"color: #000000;\">infelizmente podemos <\/span><\/span><strong><em>nenhum<\/em> Garantia<\/strong> sobre a germina\u00e7\u00e3o das nossas sementes - demasiados factores diferentes no cultivo\/condi\u00e7\u00f5es podem impedir uma germina\u00e7\u00e3o bem sucedida.<\/li>\n<li>Informe-se sobre os regulamentos aplic\u00e1veis no seu pa\u00eds ANTES de adquirir este produto. <strong>Leis<\/strong> e regulamentos de importa\u00e7\u00e3o e se este produto pode ser importado\/utilizado\/cultivado.<\/li>\n<li>As nossas sementes de plantas s\u00e3o, se dispon\u00edveis no seu pa\u00eds<strong> Cultivo<\/strong> determinada e permitida, <em>exclusivamente<\/em> destinados \u00e0 cultura de plantas.<\/li>\n<li>Para mais informa\u00e7\u00f5es e orienta\u00e7\u00f5es, consulte os nossos termos e condi\u00e7\u00f5es ou envie-nos simplesmente as suas quest\u00f5es por correio eletr\u00f3nico para: support@gardenshaman.eu \ud83d\ude42<\/li>\n<\/ul>","protected":false},"excerpt":{"rendered":"<p>Echter Lavendel, Schmalbl\u00e4ttriger Lavendel, Englischer Lavendel (Lavandula angustifolia subsp. angustifolia) &#8211; Samen Herkunft: \u00d6sterreich Ernte: Oktober 2023 Keimdauer:\u00a0ca. 2-4 Wochen Du kannst zwischen ca. 20 &amp; ca. 50 Einzelsamen w\u00e4hlen! Aussaathinweise: Lavendel, mit seinem beruhigenden Duft und seinen h\u00fcbschen lila Bl\u00fcten, ist nicht nur eine Freude f\u00fcr die Sinne, sondern auch eine Zierde f\u00fcr jeden [&hellip;]<\/p>\n","protected":false},"featured_media":50251,"comment_status":"open","ping_status":"closed","template":"","meta":[],"product_brand":[],"product_cat":[4900,4897,233,4899],"product_tag":[2002,2003,1663,2001,1482,2004,1821],"class_list":{"0":"post-50248","1":"product","2":"type-product","3":"status-publish","4":"has-post-thumbnail","6":"product_cat-heilkraeuter","7":"product_cat-raeucherkraeuter","8":"product_cat-samen","9":"product_cat-schoenheiten","10":"product_tag-echter-lavendel","11":"product_tag-englischer-lavendel","12":"product_tag-lavendel","13":"product_tag-lila","14":"product_tag-schmalblattrig","15":"product_tag-schmallblattriger-lavendel","16":"product_tag-violett","17":"product_shipping_class-samen","19":"first","20":"instock","21":"taxable","22":"shipping-taxable","23":"purchasable","24":"product-type-variable","25":"has-default-attributes"},"_links":{"self":[{"href":"https:\/\/www.gardenshaman.eu\/pt\/wp-json\/wp\/v2\/product\/50248","targetHints":{"allow":["GET"]}}],"collection":[{"href":"https:\/\/www.gardenshaman.eu\/pt\/wp-json\/wp\/v2\/product"}],"about":[{"href":"https:\/\/www.gardenshaman.eu\/pt\/wp-json\/wp\/v2\/types\/product"}],"replies":[{"embeddable":true,"href":"https:\/\/www.gardenshaman.eu\/pt\/wp-json\/wp\/v2\/comments?post=50248"}],"wp:featuredmedia":[{"embeddable":true,"href":"https:\/\/www.gardenshaman.eu\/pt\/wp-json\/wp\/v2\/media\/50251"}],"wp:attachment":[{"href":"https:\/\/www.gardenshaman.eu\/pt\/wp-json\/wp\/v2\/media?parent=50248"}],"wp:term":[{"taxonomy":"product_brand","embeddable":true,"href":"https:\/\/www.gardenshaman.eu\/pt\/wp-json\/wp\/v2\/product_brand?post=50248"},{"taxonomy":"product_cat","embeddable":true,"href":"https:\/\/www.gardenshaman.eu\/pt\/wp-json\/wp\/v2\/product_cat?post=50248"},{"taxonomy":"product_tag","embeddable":true,"href":"https:\/\/www.gardenshaman.eu\/pt\/wp-json\/wp\/v2\/product_tag?post=50248"}],"curies":[{"name":"wp","href":"https:\/\/api.w.org\/{rel}","templated":true}]}}