{"id":184718,"date":"2025-11-13T10:51:18","date_gmt":"2025-11-13T09:51:18","guid":{"rendered":"https:\/\/www.gardenshaman.eu\/?post_type=product&#038;p=184718"},"modified":"2026-03-17T10:53:05","modified_gmt":"2026-03-17T09:53:05","slug":"cajamarca-x-jerry-samen-special-cross","status":"publish","type":"product","link":"https:\/\/www.gardenshaman.eu\/pt\/product\/cajamarca-x-jerry-seeds-special-cross\/","title":{"rendered":"\ud83c\udf35\ud83d\udd25 Cajamarca x Jerry \u2013 Sementes \u2013 Cruzamento especial!"},"content":{"rendered":"<h3>\ud83c\udf35\ud83d\udd25 Cajamarca x Jerry \u2013 Sementes \u2013 Cruzamento especial!<\/h3>\n<p><span style=\"color: #ff6600;\"><strong>Origem:<\/strong><\/span> Tenerife<br \/>\n<strong><span style=\"color: #ff6600;\">Colheita:<\/span><\/strong> 2025<br \/>\n<span style=\"color: #ff6600;\"><strong>Per\u00edodo de germina\u00e7\u00e3o:\u00a0<\/strong><span style=\"color: #000000;\">aprox. 1-4 semanas<\/span><\/span><\/p>\n<p style=\"padding-left: 30px;\">Pode escolher entre aprox.<em> 10 e aprox. 30 sementes individuais<\/em>n escolher!<\/p>\n<p>&nbsp;<\/p>\n<p><strong>Instru\u00e7\u00f5es de sementeira<\/strong><\/p>\n<p>Se quiser cultivar sementes de Trichocereus, tamb\u00e9m conhecidas como Echinopsis, est\u00e1 no caminho certo para cultivar cactos robustos e impressionantes. Estas plantas s\u00e3o conhecidas pelas suas flores grandes e vistosas e pela sua robustez. Aqui est\u00e3o algumas dicas para semear sementes de Trichocereus:<\/p>\n<ol>\n<li><strong>Escolha a localiza\u00e7\u00e3o correta:<\/strong> O Trichocereus prefere um local solarengo com um solo bem drenado. Um substrato para cactos \u00e9 ideal, pois est\u00e1 especialmente adaptado \u00e0s necessidades destas plantas.<\/li>\n<li><strong>Prepara\u00e7\u00e3o do solo:<\/strong> Encher os vasos ou tabuleiros de sementes com substrato para cactos. Certifique-se de que o solo est\u00e1 ligeiramente h\u00famido, mas n\u00e3o encharcado.<\/li>\n<li><strong>\u00c9poca de sementeira:<\/strong> A melhor altura para semear as sementes de Trichocereus \u00e9 na primavera ou no in\u00edcio do ver\u00e3o. Polvilhar as sementes na superf\u00edcie do substrato e pression\u00e1-las ligeiramente, mas n\u00e3o as cobrir com terra.<\/li>\n<li><strong>Germina\u00e7\u00e3o e cuidados:<\/strong> Cobrir o tabuleiro de sementes com uma cobertura de pl\u00e1stico transparente ou uma placa de vidro para criar um microclima h\u00famido. Manter o substrato uniformemente h\u00famido e colocar o tabuleiro num local quente e luminoso, mas n\u00e3o sob a luz direta do sol.<\/li>\n<\/ol>\n<p><strong>Dicas e truques<\/strong><\/p>\n<ul>\n<li><strong>Controlo da temperatura:<\/strong> As sementes de Trichocereus germinam melhor a temperaturas entre 20-25 \u00b0C. Se necess\u00e1rio, utilizar um tapete de aquecimento para assegurar temperaturas constantes.<\/li>\n<li><strong>Ventila\u00e7\u00e3o:<\/strong> Ventilar regularmente a cobertura para evitar o desenvolvimento de bolores e assegurar uma boa circula\u00e7\u00e3o do ar.<\/li>\n<li><strong>Repotenciamento:<\/strong> Logo que as pl\u00e2ntulas estejam suficientemente grandes, podem ser transplantadas para vasos individuais. Utiliza novamente um substrato para cactos bem drenado.<\/li>\n<\/ul>\n<p><strong>Vale a pena conhecer<\/strong><\/p>\n<ul>\n<li>O Trichocereus, tamb\u00e9m conhecido como Echinopsis, \u00e9 um g\u00e9nero de cactos origin\u00e1rios da Am\u00e9rica do Sul. S\u00e3o conhecidos pelas suas flores impressionantes, muitas vezes nocturnas, que podem aparecer em v\u00e1rias cores.<\/li>\n<li>Estes cactos n\u00e3o s\u00e3o apenas populares pela sua beleza, mas tamb\u00e9m pela sua adaptabilidade e facilidade de tratamento. S\u00e3o plantas ideais para parapeitos de janelas soalheiros ou \u00e1reas de jardim secas.<\/li>\n<li>\u00c9 importante notar que algumas esp\u00e9cies de Trichocereus cont\u00eam alcal\u00f3ides psicoactivos. Informe-se sobre as propriedades espec\u00edficas da esp\u00e9cie que pretende cultivar e respeite as normas legais da sua regi\u00e3o.<\/li>\n<\/ul>\n<p><span style=\"color: #99cc00;\"><strong>Sementes GR\u00c1TIS com cada encomenda \ud83d\ude42<\/strong><\/span><\/p>\n<p>&nbsp;<\/p>\n<p><span style=\"color: #99cc00;\"><strong><span style=\"color: #ff6600;\">Importante:<\/span><\/strong><\/span><\/p>\n<ul>\n<li><span style=\"color: #99cc00;\"><span style=\"color: #000000;\">Apesar dos controlos de qualidade constantes (verifica\u00e7\u00e3o da qualidade da germina\u00e7\u00e3o, da capacidade de armazenamento, etc., das sementes de plantas, etc.) <\/span><span style=\"color: #000000;\">infelizmente podemos <\/span><\/span><strong><em>nenhum<\/em> Garantia<\/strong> sobre a germina\u00e7\u00e3o das nossas sementes - demasiados factores diferentes no cultivo\/condi\u00e7\u00f5es podem impedir uma germina\u00e7\u00e3o bem sucedida.<\/li>\n<li>Informe-se sobre os regulamentos aplic\u00e1veis no seu pa\u00eds ANTES de adquirir este produto. <strong>Leis<\/strong> e regulamentos de importa\u00e7\u00e3o e se este produto pode ser importado\/utilizado\/cultivado.<\/li>\n<li>As nossas sementes de plantas s\u00e3o, se dispon\u00edveis no seu pa\u00eds<strong> Cultivo<\/strong> determinada e permitida, <em>exclusivamente<\/em> destinados \u00e0 cultura de plantas.<\/li>\n<li>Para mais informa\u00e7\u00f5es e orienta\u00e7\u00f5es, consulte os nossos termos e condi\u00e7\u00f5es ou envie-nos simplesmente as suas quest\u00f5es por correio eletr\u00f3nico para: support@gardenshaman.eu \ud83d\ude42<\/li>\n<\/ul>","protected":false},"excerpt":{"rendered":"<p>Trichocereus Cajamarca \u00d7 Jerry \u2013 h\u00edbrido raro e vigoroso, com crescimento forte, estrutura nervurada pronunciada e epiderme azul-esverdeada t\u00edpica.<\/p>","protected":false},"featured_media":184721,"comment_status":"open","ping_status":"closed","template":"","meta":[],"product_brand":[],"product_cat":[313,1517,215,233],"product_tag":[11237,11245,11248,11246,11240,11244,11242,11247,11233,11235,11239,11241,11243],"class_list":{"0":"post-184718","1":"product","2":"type-product","3":"status-publish","4":"has-post-thumbnail","6":"product_cat-kakteen-sukkulenten","7":"product_cat-rare","8":"product_cat-sale","9":"product_cat-samen","10":"product_tag-cactus-breeding","11":"product_tag-cajamarca-cactus","12":"product_tag-columnar-cactus-hybrid","13":"product_tag-echinopsis-hybride","14":"product_tag-ethnobotanische-kakteen","15":"product_tag-jerry-cactus-hybrid","16":"product_tag-kaktus-hybride","17":"product_tag-kaktus-zuchtlinien","18":"product_tag-rare-cactus-hybrid","19":"product_tag-san-pedro-hybrid","20":"product_tag-seltene-kakteen","21":"product_tag-trichocereus-cajamarca-x-jerry","22":"product_tag-trichocereus-kreuzung","23":"product_shipping_class-samen","25":"first","26":"instock","27":"sale","28":"taxable","29":"shipping-taxable","30":"purchasable","31":"product-type-variable","32":"has-default-attributes"},"_links":{"self":[{"href":"https:\/\/www.gardenshaman.eu\/pt\/wp-json\/wp\/v2\/product\/184718","targetHints":{"allow":["GET"]}}],"collection":[{"href":"https:\/\/www.gardenshaman.eu\/pt\/wp-json\/wp\/v2\/product"}],"about":[{"href":"https:\/\/www.gardenshaman.eu\/pt\/wp-json\/wp\/v2\/types\/product"}],"replies":[{"embeddable":true,"href":"https:\/\/www.gardenshaman.eu\/pt\/wp-json\/wp\/v2\/comments?post=184718"}],"wp:featuredmedia":[{"embeddable":true,"href":"https:\/\/www.gardenshaman.eu\/pt\/wp-json\/wp\/v2\/media\/184721"}],"wp:attachment":[{"href":"https:\/\/www.gardenshaman.eu\/pt\/wp-json\/wp\/v2\/media?parent=184718"}],"wp:term":[{"taxonomy":"product_brand","embeddable":true,"href":"https:\/\/www.gardenshaman.eu\/pt\/wp-json\/wp\/v2\/product_brand?post=184718"},{"taxonomy":"product_cat","embeddable":true,"href":"https:\/\/www.gardenshaman.eu\/pt\/wp-json\/wp\/v2\/product_cat?post=184718"},{"taxonomy":"product_tag","embeddable":true,"href":"https:\/\/www.gardenshaman.eu\/pt\/wp-json\/wp\/v2\/product_tag?post=184718"}],"curies":[{"name":"wp","href":"https:\/\/api.w.org\/{rel}","templated":true}]}}