{"id":113486,"date":"2025-02-05T09:44:20","date_gmt":"2025-02-05T08:44:20","guid":{"rendered":"https:\/\/www.gardenshaman.eu\/?post_type=product&#038;p=113486"},"modified":"2026-04-14T08:42:50","modified_gmt":"2026-04-14T06:42:50","slug":"romana-salat-rosha-lactuca-sativa-var-longifolia-samen","status":"publish","type":"product","link":"https:\/\/www.gardenshaman.eu\/pt\/product\/rosha-lactuca-sativa-var-longifolia\/","title":{"rendered":"Alface romana \"Rosha\" (Lactuca sativa var. longifolia) - sementes"},"content":{"rendered":"<h2><strong>Alface romana \"Rosha\" (Lactuca sativa var. longifolia) - sementes<\/strong><\/h2>\n<p><strong>Origem:<\/strong> \u00c1ustria<br \/>\n<strong>Colheita:<\/strong> 2025<br \/>\n<strong>Per\u00edodo de germina\u00e7\u00e3o:\u00a0<\/strong>cerca de 1-2 semanas<\/p>\n<p>Cada embalagem cont\u00e9m cerca de 30 sementes! Quantidades maiores a pedido!<\/p>\n<p>&nbsp;<\/p>\n<p>Com as sementes de <strong>Lactuca sativa var. longifolia \u201eRosha\u201c<\/strong> pode ter a certeza de uma alface romana de alta qualidade e saborosa, com folhas vermelhas brilhantes. Esta variedade impressiona pelo seu jogo de cores atraente, pela sua robustez e pelo seu sabor arom\u00e1tico e ligeiramente doce. Ideal para cultivar no jardim ou em canteiros elevados!<\/p>\n<h3><strong>Instru\u00e7\u00f5es de sementeira<\/strong><\/h3>\n<p>A sementeira de <strong>\u201eRosha\u201c<\/strong> \u00e9 simples:<\/p>\n<ul>\n<li><strong>\u00c9poca de sementeira:<\/strong> mar\u00e7o a agosto (em estufa j\u00e1 \u00e9 poss\u00edvel a partir de fevereiro)<\/li>\n<li><strong>Localiza\u00e7\u00e3o:<\/strong> Sol a meia-sombra, solo rico em h\u00famus e solto<\/li>\n<li><strong>Profundidade de sementeira:<\/strong> 0,5 - 1 cm<\/li>\n<li><strong>Temperatura de germina\u00e7\u00e3o:<\/strong> 12 - 18 \u00b0C<\/li>\n<li><strong>Per\u00edodo de germina\u00e7\u00e3o:<\/strong> 7 - 14 dias<\/li>\n<li><strong>Dist\u00e2ncia de planta\u00e7\u00e3o:<\/strong> 25 - 30 cm na linha, 30 - 40 cm entre as linhas<\/li>\n<\/ul>\n<p>Assegurar-se de que as sementes est\u00e3o apenas ligeiramente cobertas de terra, pois a alface \u00e9 um germinador ligeiro. Mantenha o solo constantemente h\u00famido, mas evite o encharcamento.<\/p>\n<h3><strong>Colheita, utiliza\u00e7\u00e3o e armazenagem<\/strong><\/h3>\n<p>Ap\u00f3s cerca de <strong>60 - 75 dias<\/strong> A sua alface \u201eRosha\u201c est\u00e1 pronta para ser colhida. Corte-a um pouco acima do solo com uma faca afiada para estimular o crescimento das folhas.<\/p>\n<p>Esta alface romana estaladi\u00e7a \u00e9 perfeita para:<\/p>\n<ul>\n<li>Saladas frescas de ver\u00e3o<\/li>\n<li>Sandu\u00edches e wraps<\/li>\n<li>Pratos de salada grelhados ou cozinhados a vapor<\/li>\n<\/ul>\n<p>\u00c9 melhor guardar a alface colhida no frigor\u00edfico num pano h\u00famido ou numa caixa de pel\u00edcula aderente. Isto manter\u00e1 a alface fresca at\u00e9 <strong>7 dias<\/strong> crocante.<\/p>\n<p><strong>Dicas e truques<\/strong><\/p>\n<ul>\n<li><strong>Colheita regular<\/strong> evita que a alface cres\u00e7a e se torne amarga.<\/li>\n<li><strong>Cultura mista<\/strong> com rabanetes, cenouras ou endro protege contra as pragas.<\/li>\n<li><strong>Prote\u00e7\u00e3o contra os carac\u00f3is:<\/strong> Uma coleira para carac\u00f3is ou barreiras naturais, como a areia, ajudam a evitar danos causados pela alimenta\u00e7\u00e3o.<\/li>\n<li><strong>A chover a potes nas primeiras horas da manh\u00e3<\/strong> previne doen\u00e7as f\u00fangicas.<\/li>\n<li><strong>Re-sementeira a cada 2-3 semanas<\/strong> assegura uma colheita cont\u00ednua.<\/li>\n<\/ul>\n<h3><strong>Vale a pena conhecer<\/strong><\/h3>\n<ul>\n<li>\u201eA \u201cRosha\" \u00e9 uma alface romana que impressiona pelas suas folhas alongadas e firmes e pela sua textura estaladi\u00e7a.<\/li>\n<li>A cor vermelha intensa deve-se ao elevado teor de <strong>Antocianinas<\/strong>, que possuem propriedades antioxidantes.<\/li>\n<li>A alface romana \u00e9 rica em <strong>Vitamina A, K e \u00e1cido f\u00f3lico<\/strong> - perfeito para uma dieta saud\u00e1vel.<\/li>\n<li>Esta variedade \u00e9 particularmente <strong>Resistente ao calor e \u00e0 prova de bala<\/strong>, o que os torna ideais para o ver\u00e3o.<\/li>\n<\/ul>\n<p>&nbsp;<\/p>\n<p><span style=\"color: #99cc00;\"><strong>Sementes GR\u00c1TIS com cada encomenda \ud83d\ude42<\/strong><\/span><\/p>\n<p>&nbsp;<\/p>\n<p><span style=\"color: #99cc00;\"><strong><span style=\"color: #ff6600;\">Importante:<\/span><\/strong><\/span><\/p>\n<ul>\n<li><span style=\"color: #99cc00;\"><span style=\"color: #000000;\">Apesar dos controlos de qualidade constantes (verifica\u00e7\u00e3o da qualidade da germina\u00e7\u00e3o, da capacidade de armazenamento, etc., das sementes de plantas, etc.) <\/span><span style=\"color: #000000;\">infelizmente podemos <\/span><\/span><strong><em>nenhum<\/em> Garantia<\/strong> sobre a germina\u00e7\u00e3o das nossas sementes - demasiados factores diferentes no cultivo\/condi\u00e7\u00f5es podem impedir uma germina\u00e7\u00e3o bem sucedida.<\/li>\n<li>Informe-se sobre os regulamentos aplic\u00e1veis no seu pa\u00eds ANTES de adquirir este produto. <strong>Leis<\/strong> e regulamentos de importa\u00e7\u00e3o e se este produto pode ser importado\/utilizado\/cultivado.<\/li>\n<li>As nossas sementes de plantas s\u00e3o, se dispon\u00edveis no seu pa\u00eds<strong> Cultivo<\/strong> determinada e permitida, <em>exclusivamente<\/em> destinados \u00e0 cultura de plantas.<\/li>\n<li>Para mais informa\u00e7\u00f5es e diretrizes, consulte os nossos termos e condi\u00e7\u00f5es ou envie-nos simplesmente as suas quest\u00f5es por correio eletr\u00f3nico para: support@gardenshaman.eu \ud83d\ude42<\/li>\n<\/ul>","protected":false},"excerpt":{"rendered":"<p>Romana-Salat &#8222;Rosha&#8220; (Lactuca sativa var. longifolia) &#8211; Samen Herkunft: \u00d6sterreich Ernte: 2025 Keimdauer:\u00a0ca. 1-2 Wochen Jede Packung enth\u00e4lt ca. 30 Samen! Gr\u00f6\u00dfere Mengen bitte auf Anfrage! &nbsp; Mit den Samen von Lactuca sativa var. longifolia &#8222;Rosha&#8220; sicherst Du Dir einen hochwertigen, schmackhaften R\u00f6mersalat mit kr\u00e4ftig roten Bl\u00e4ttern. Diese Sorte besticht durch ihr attraktives Farbspiel, ihre [&hellip;]<\/p>\n","protected":false},"featured_media":113487,"comment_status":"open","ping_status":"closed","template":"","meta":[],"product_brand":[],"product_cat":[4900,4895,233],"product_tag":[9131,9125,9128,7986,9123,9120,9121,9122,9124,9126,9127,9129,9130,7982,5785],"class_list":{"0":"post-113486","1":"product","2":"type-product","3":"status-publish","4":"has-post-thumbnail","6":"product_cat-heilkraeuter","7":"product_cat-obst-gemuese-und-kraeuter","8":"product_cat-samen","9":"product_tag-beste-salatsorte-garten","10":"product_tag-bio-salat-samen","11":"product_tag-gesunder-salat","12":"product_tag-hitzebestaendiger-salat","13":"product_tag-knackiger-salat","14":"product_tag-lactuca-sativa-var-longifolia-rosha","15":"product_tag-roemersalat-samen","16":"product_tag-roter-salat-anbauen","17":"product_tag-salat-fuer-den-sommer","18":"product_tag-salat-richtig-pflanzen","19":"product_tag-salat-selbst-anbauen","20":"product_tag-salatsamen-aussaathinweise","21":"product_tag-salatsamen-ernte","22":"product_tag-salatsamen-kaufen","23":"product_tag-vitaminreicher-salat","24":"product_shipping_class-samen","26":"first","27":"instock","28":"taxable","29":"shipping-taxable","30":"purchasable","31":"product-type-simple"},"_links":{"self":[{"href":"https:\/\/www.gardenshaman.eu\/pt\/wp-json\/wp\/v2\/product\/113486","targetHints":{"allow":["GET"]}}],"collection":[{"href":"https:\/\/www.gardenshaman.eu\/pt\/wp-json\/wp\/v2\/product"}],"about":[{"href":"https:\/\/www.gardenshaman.eu\/pt\/wp-json\/wp\/v2\/types\/product"}],"replies":[{"embeddable":true,"href":"https:\/\/www.gardenshaman.eu\/pt\/wp-json\/wp\/v2\/comments?post=113486"}],"wp:featuredmedia":[{"embeddable":true,"href":"https:\/\/www.gardenshaman.eu\/pt\/wp-json\/wp\/v2\/media\/113487"}],"wp:attachment":[{"href":"https:\/\/www.gardenshaman.eu\/pt\/wp-json\/wp\/v2\/media?parent=113486"}],"wp:term":[{"taxonomy":"product_brand","embeddable":true,"href":"https:\/\/www.gardenshaman.eu\/pt\/wp-json\/wp\/v2\/product_brand?post=113486"},{"taxonomy":"product_cat","embeddable":true,"href":"https:\/\/www.gardenshaman.eu\/pt\/wp-json\/wp\/v2\/product_cat?post=113486"},{"taxonomy":"product_tag","embeddable":true,"href":"https:\/\/www.gardenshaman.eu\/pt\/wp-json\/wp\/v2\/product_tag?post=113486"}],"curies":[{"name":"wp","href":"https:\/\/api.w.org\/{rel}","templated":true}]}}