{"id":10530,"date":"2022-03-12T11:39:11","date_gmt":"2022-03-12T10:39:11","guid":{"rendered":"https:\/\/www.gardenshaman.eu\/newshop\/?post_type=product&#038;p=10530"},"modified":"2025-01-14T10:10:37","modified_gmt":"2025-01-14T09:10:37","slug":"%f0%9f%8c%b5-trichocereus-peruvianus-jose-galvez-echinopsis-peruviana-samen","status":"publish","type":"product","link":"https:\/\/www.gardenshaman.eu\/pt\/product\/trichocereus-peruvianus-jose-galvez-echinopsis-peruviana-sementes\/","title":{"rendered":"\ud83c\udf35 Trichocereus peruvianus (Jose Galvez) \/ Echinopsis peruviana - sementes"},"content":{"rendered":"<p><strong>\ud83c\udf35 Trichocereus peruvianus (Jose Galvez) \/ Echinopsis peruviana - sementes<\/strong><\/p>\n<p style=\"padding-left: 30px;\"><span style=\"color: #ff6600;\"><strong>Origem:<\/strong><\/span> Peru - Cole\u00e7\u00e3o selvagem<br \/>\n<strong><span style=\"color: #ff6600;\">Colheita:<\/span><\/strong> 2024<br \/>\n<span style=\"color: #ff6600;\"><strong>Per\u00edodo de germina\u00e7\u00e3o:\u00a0<\/strong><span style=\"color: #000000;\">aprox. 1-4 semanas<br \/>\n<\/span><\/span><\/p>\n<p style=\"padding-left: 30px;\">Pode escolher entre aprox.<em> 10 e aprox. 30 sementes individuais<\/em>n escolher!<\/p>\n<p>&nbsp;<\/p>\n<p style=\"padding-left: 30px;\"><strong><span style=\"color: #ff6600;\">Instru\u00e7\u00f5es de cultivo:<br \/>\n<\/span><\/strong><span style=\"color: #000000;\">Estas sementes t\u00eam uma germina\u00e7\u00e3o ligeira, raz\u00e3o pela qual n\u00e3o devem ser cobertas com terra, ou apenas com uma camada muito fina, se quiser que germinem.<br \/>\n<\/span><\/p>\n<p style=\"padding-left: 30px;\">Encher os vasos de propaga\u00e7\u00e3o com composto para vasos ou substrato para cactos, pulverizar com \u00e1gua, colocar as sementes no solo e pulverizar com \u00e1gua.<br \/>\nSe for o caso, polvilhar apenas uma camada muito fina de terra\/areia por cima. \u00c9 melhor cobrir os vasos de sementes com pel\u00edcula de pl\u00e1stico e ventil\u00e1-los diariamente ou manter o solo h\u00famido. Caso contr\u00e1rio, os vasos tamb\u00e9m podem ser colocados em propagadores adequados at\u00e9 que as sementes tenham germinado e as pl\u00e2ntulas de cato tenham, aproximadamente, 1-2 cm de altura.<\/p>\n<p style=\"padding-left: 30px;\">\u00c9 importante garantir um fornecimento de ar fresco pelo menos uma vez por dia para prevenir e evitar o bolor.<\/p>\n<p style=\"padding-left: 30px;\">Uma vez germinadas as sementes, as pl\u00e2ntulas de cato podem ser aclimatadas lentamente ao ar interior mais seco ou ao ar exterior ap\u00f3s algumas semanas.<\/p>\n<p><span style=\"color: #99cc00;\"><strong>Sementes GR\u00c1TIS com cada encomenda \ud83d\ude42<\/strong><\/span><\/p>\n<p>&nbsp;<\/p>\n<p><span style=\"color: #99cc00;\"><strong><span style=\"color: #ff6600;\">Importante:<\/span><\/strong><\/span><\/p>\n<ul>\n<li><span style=\"color: #99cc00;\"><span style=\"color: #000000;\">Apesar dos controlos de qualidade constantes (verifica\u00e7\u00e3o da qualidade da germina\u00e7\u00e3o, do prazo de validade, etc. das sementes de plantas, etc.) <\/span><span style=\"color: #000000;\">infelizmente podemos <\/span><\/span><strong><em>nenhum<\/em> Garantia<\/strong> sobre a germina\u00e7\u00e3o das nossas sementes - demasiados factores diferentes no cultivo\/condi\u00e7\u00f5es podem impedir uma germina\u00e7\u00e3o bem sucedida.<\/li>\n<li>Informe-se sobre os regulamentos aplic\u00e1veis no seu pa\u00eds ANTES de adquirir este produto. <strong>Leis<\/strong> e regulamentos de importa\u00e7\u00e3o e se este produto pode ser importado\/utilizado\/cultivado.<\/li>\n<li>As nossas sementes de plantas s\u00e3o, se dispon\u00edveis no seu pa\u00eds<strong> Cultivo<\/strong> determinada e permitida, <em>exclusivamente<\/em> destinados \u00e0 cultura de plantas.<\/li>\n<li>Para mais informa\u00e7\u00f5es e orienta\u00e7\u00f5es, consulte os nossos termos e condi\u00e7\u00f5es ou envie-nos simplesmente as suas quest\u00f5es por correio eletr\u00f3nico para: support@gardenshaman.eu \ud83d\ude42<\/li>\n<\/ul>","protected":false},"excerpt":{"rendered":"<p>\ud83c\udf35 Trichocereus peruvianus (Jose Galvez) \/ Echinopsis peruviana &#8211; Samen Herkunft: Peru &#8211; Wildsammlung Ernte: 2024 Keimdauer:\u00a0ca. 1-4 Wochen Sie k\u00f6nnen zwischen ca. 10 &amp; ca. 30 Einzelsamen w\u00e4hlen! &nbsp; Anzuchtanleitung: Diese Samen z\u00e4hlen zu den Lichtkeimern, weshalb sie nicht oder nur sehr d\u00fcnn mit Erde bedeckt werden d\u00fcrfen, wenn man sie keimen lassen m\u00f6chte. [&hellip;]<\/p>\n","protected":false},"featured_media":8350,"comment_status":"open","ping_status":"closed","template":"","meta":[],"product_brand":[],"product_cat":[313,215,233],"product_tag":[314,315,318,1272,1270,758,216,319,978,759,1273,220,316,230,320,222,1271,224],"class_list":{"0":"post-10530","1":"product","2":"type-product","3":"status-publish","4":"has-post-thumbnail","6":"product_cat-kakteen-sukkulenten","7":"product_cat-sale","8":"product_cat-samen","9":"product_tag-cacti","10":"product_tag-cactus","11":"product_tag-chavin","12":"product_tag-chilete","13":"product_tag-churubamba","14":"product_tag-collahuasi","15":"product_tag-echinopsis","16":"product_tag-huantar","17":"product_tag-huanuquensis","18":"product_tag-huata","19":"product_tag-jose-galvez","20":"product_tag-peru","21":"product_tag-peruviana","22":"product_tag-peyote","23":"product_tag-picchu","24":"product_tag-san-pedro","25":"product_tag-sechura","26":"product_tag-trichocereus","27":"product_shipping_class-samen","29":"first","30":"instock","31":"sale","32":"taxable","33":"shipping-taxable","34":"purchasable","35":"product-type-variable","36":"has-default-attributes"},"_links":{"self":[{"href":"https:\/\/www.gardenshaman.eu\/pt\/wp-json\/wp\/v2\/product\/10530","targetHints":{"allow":["GET"]}}],"collection":[{"href":"https:\/\/www.gardenshaman.eu\/pt\/wp-json\/wp\/v2\/product"}],"about":[{"href":"https:\/\/www.gardenshaman.eu\/pt\/wp-json\/wp\/v2\/types\/product"}],"replies":[{"embeddable":true,"href":"https:\/\/www.gardenshaman.eu\/pt\/wp-json\/wp\/v2\/comments?post=10530"}],"wp:featuredmedia":[{"embeddable":true,"href":"https:\/\/www.gardenshaman.eu\/pt\/wp-json\/wp\/v2\/media\/8350"}],"wp:attachment":[{"href":"https:\/\/www.gardenshaman.eu\/pt\/wp-json\/wp\/v2\/media?parent=10530"}],"wp:term":[{"taxonomy":"product_brand","embeddable":true,"href":"https:\/\/www.gardenshaman.eu\/pt\/wp-json\/wp\/v2\/product_brand?post=10530"},{"taxonomy":"product_cat","embeddable":true,"href":"https:\/\/www.gardenshaman.eu\/pt\/wp-json\/wp\/v2\/product_cat?post=10530"},{"taxonomy":"product_tag","embeddable":true,"href":"https:\/\/www.gardenshaman.eu\/pt\/wp-json\/wp\/v2\/product_tag?post=10530"}],"curies":[{"name":"wp","href":"https:\/\/api.w.org\/{rel}","templated":true}]}}