{"id":10112,"date":"2022-03-12T08:22:14","date_gmt":"2022-03-12T07:22:14","guid":{"rendered":"https:\/\/www.gardenshaman.eu\/newshop\/?post_type=product&#038;p=10112"},"modified":"2026-02-23T11:50:45","modified_gmt":"2026-02-23T10:50:45","slug":"kath-catha-edulis-long-narrow-full-green-samen","status":"publish","type":"product","link":"https:\/\/www.gardenshaman.eu\/pt\/product\/cath-catha-edulis-sementes-verdes-compridas-e-estreitas\/","title":{"rendered":"Sementes de Catha (Catha edulis) \"Full Green"},"content":{"rendered":"<h2><strong>Catha Edulis (<b>Gato<\/b>, <b>Qat<\/b>, <b>Khat<\/b>, Cath, <b>Qad<\/b>) Sementes<\/strong><\/h2>\n<p style=\"padding-left: 30px;\"><span style=\"color: #ff6600;\"><strong>Origem:<\/strong><\/span> \u00c1frica do Sul<br \/>\n<strong><span style=\"color: #ff6600;\">Colheita:<\/span><\/strong> 2025<br \/>\n<span style=\"color: #ff6600;\"><strong>Per\u00edodo de germina\u00e7\u00e3o:\u00a0<\/strong><span style=\"color: #000000;\">aprox. 2-4 semanas<\/span><br \/>\n<\/span><\/p>\n<p data-start=\"0\" data-end=\"49\"><strong data-start=\"0\" data-end=\"49\">Sementes de Catha edulis - A semente da \u00e1rvore de khat<\/strong><\/p>\n<p data-start=\"51\" data-end=\"498\">A Catha edulis, mais conhecida como khat ou kat, \u00e9 uma \u00e1rvore origin\u00e1ria da \u00c1frica Oriental e da Pen\u00ednsula Ar\u00e1bica cujas folhas s\u00e3o utilizadas h\u00e1 s\u00e9culos pelas suas propriedades psicoactivas. No entanto, as sementes da \u00e1rvore de khat s\u00e3o tamb\u00e9m uma op\u00e7\u00e3o de cultivo interessante para jardineiros amadores e amantes de plantas. Nesta descri\u00e7\u00e3o do produto, aprender\u00e1s tudo o que precisas de saber sobre o cultivo e a utiliza\u00e7\u00e3o das sementes de Catha edulis.<\/p>\n<h3 data-start=\"500\" data-end=\"519\">Instru\u00e7\u00f5es de sementeira<\/h3>\n<p data-start=\"520\" data-end=\"1017\">As sementes de Catha edulis devem ser semeadas num ambiente quente e bem ventilado. As sementes necessitam de uma temperatura de cerca de 20-25\u00b0C para condi\u00e7\u00f5es \u00f3ptimas de germina\u00e7\u00e3o. As sementes podem ser colocadas em composto h\u00famido para vasos e ligeiramente cobertas com terra. Certifica-te de que o solo permanece constantemente h\u00famido, mas n\u00e3o molhado. A germina\u00e7\u00e3o pode demorar 2-4 semanas, por isso tem paci\u00eancia. \u00c9 aconselh\u00e1vel mergulhar as sementes em \u00e1gua morna durante 24 horas antes de as semear para promover a germina\u00e7\u00e3o.<\/p>\n<h3 data-start=\"1019\" data-end=\"1051\">Colheita, utiliza\u00e7\u00e3o e armazenagem<\/h3>\n<p data-start=\"1052\" data-end=\"1578\">A Catha edulis leva v\u00e1rios anos a crescer at\u00e9 se tornar uma planta adulta. A colheita \u00e9 efectuada quando a \u00e1rvore atinge um tamanho impressionante, normalmente ap\u00f3s 3-4 anos. As pr\u00f3prias sementes podem ser colhidas depois de amadurecerem e armazenadas para a sementeira seguinte. S\u00e3o robustas e podem conservar a sua capacidade de germina\u00e7\u00e3o durante anos se forem armazenadas corretamente. As sementes de Catha edulis n\u00e3o s\u00e3o normalmente utilizadas para consumo direto, mas s\u00e3o principalmente utilizadas para propagar a planta.<\/p>\n<p data-start=\"1580\" data-end=\"1824\">Quando se utiliza a planta Catha edulis, \u00e9 mais comum consumir as folhas, que s\u00e3o valorizadas em muitas culturas pelo seu efeito estimulante. O cultivo est\u00e1 sujeito a restri\u00e7\u00f5es legais em muitos pa\u00edses.<\/p>\n<h3 data-start=\"1826\" data-end=\"1846\">Dicas e truques<\/h3>\n<ul data-start=\"1847\" data-end=\"2309\">\n<li data-start=\"1847\" data-end=\"1991\"><strong data-start=\"1849\" data-end=\"1865\">Escolha do local<\/strong>A Catha edulis prefere um local solarengo. Certifica-te de que a \u00e1rvore recebe luz suficiente para crescer de forma saud\u00e1vel.<\/li>\n<li data-start=\"1992\" data-end=\"2149\"><strong data-start=\"1994\" data-end=\"2004\">Cuidados<\/strong>A \u00e1rvore precisa de ser regada regularmente, mas sem encharcamento. Certifique-se de que o solo est\u00e1 bem arejado para evitar o apodrecimento das ra\u00edzes.<\/li>\n<li data-start=\"2150\" data-end=\"2309\"><strong data-start=\"2152\" data-end=\"2172\">Promover o crescimento<\/strong>Se cultivar a planta num vaso, certifique-se de que o vaso \u00e9 suficientemente grande para que as ra\u00edzes tenham espa\u00e7o suficiente para crescer.<\/li>\n<\/ul>\n<h3 data-start=\"2311\" data-end=\"2328\">Vale a pena conhecer<\/h3>\n<p data-start=\"2329\" data-end=\"2769\">A Catha edulis n\u00e3o \u00e9 apenas interessante para o cultivo, mas tamb\u00e9m fascinante do ponto de vista hist\u00f3rico. As folhas da planta cont\u00eam catinona, uma subst\u00e2ncia que tem um efeito estimulante no sistema nervoso central. Em muitos pa\u00edses, o khat \u00e9 utilizado como estimulante tradicional. No entanto, o cultivo desta planta est\u00e1 sujeito a regulamenta\u00e7\u00e3o legal em muitas regi\u00f5es, uma vez que as folhas t\u00eam propriedades psicoactivas.<\/p>\n<p><span style=\"color: #99cc00;\"><strong>Sementes GR\u00c1TIS com cada encomenda \ud83d\ude42<\/strong><\/span><\/p>\n<p>&nbsp;<\/p>\n<p><span style=\"color: #99cc00;\"><strong><span style=\"color: #ff6600;\">Importante:<\/span><\/strong><\/span><\/p>\n<ul>\n<li><span style=\"color: #99cc00;\"><span style=\"color: #000000;\">Apesar dos controlos de qualidade constantes (verifica\u00e7\u00e3o da qualidade da germina\u00e7\u00e3o, da capacidade de armazenamento, etc., das sementes de plantas, etc.) <\/span><span style=\"color: #000000;\">infelizmente podemos <\/span><\/span><strong><em>nenhum<\/em> Garantia<\/strong> sobre a germina\u00e7\u00e3o das nossas sementes - demasiados factores diferentes no cultivo\/condi\u00e7\u00f5es podem impedir uma germina\u00e7\u00e3o bem sucedida.<\/li>\n<li>Informe-se sobre os regulamentos aplic\u00e1veis no seu pa\u00eds ANTES de adquirir este produto. <strong>Leis<\/strong> e regulamentos de importa\u00e7\u00e3o e se este produto pode ser importado\/utilizado\/cultivado.<\/li>\n<li>As nossas sementes de plantas s\u00e3o, se dispon\u00edveis no seu pa\u00eds<strong> Cultivo<\/strong> determinada e permitida, <em>exclusivamente<\/em> destinados \u00e0 cultura de plantas.<\/li>\n<li>Para mais informa\u00e7\u00f5es e orienta\u00e7\u00f5es, consulte os nossos termos e condi\u00e7\u00f5es ou envie-nos simplesmente as suas quest\u00f5es por correio eletr\u00f3nico para: support@gardenshaman.eu \ud83d\ude42<\/li>\n<\/ul>","protected":false},"excerpt":{"rendered":"<p>Catha Edulis (Kat, Qat, Khat, Kath, Qad) Samen Herkunft: S\u00fcd-Afrika Ernte: 2025 Keimdauer:\u00a0ca. 2-4 Wochen Catha edulis Samen \u2013 Der Samen des Khat-Baums Catha edulis, besser bekannt als Khat oder Kat, ist ein in Ostafrika und auf der arabischen Halbinsel beheimateter Baum, dessen Bl\u00e4tter seit Jahrhunderten wegen ihrer psychoaktiven Eigenschaften genutzt werden. Doch auch die [&hellip;]<\/p>\n","protected":false},"featured_media":10122,"comment_status":"open","ping_status":"closed","template":"","meta":[],"product_brand":[],"product_cat":[4898,4896,215,233],"product_tag":[877,234,878,879,415,235,236,880,890,881,876,237,238,761,416],"class_list":{"0":"post-10112","1":"product","2":"type-product","3":"status-publish","4":"has-post-thumbnail","6":"product_cat-exotisches","7":"product_cat-magisch-und-schamanisch","8":"product_cat-sale","9":"product_cat-samen","10":"product_tag-broad","11":"product_tag-catha-edulis","12":"product_tag-full","13":"product_tag-green","14":"product_tag-izrael","15":"product_tag-kat","16":"product_tag-khat","17":"product_tag-long","18":"product_tag-long-narrow-full-green-leaf","19":"product_tag-narrow","20":"product_tag-narrow-red","21":"product_tag-qad","22":"product_tag-qat","23":"product_tag-red","24":"product_tag-red-ethiopian","25":"product_shipping_class-samen","27":"first","28":"outofstock","29":"sale","30":"taxable","31":"shipping-taxable","32":"purchasable","33":"product-type-variable","34":"has-default-attributes"},"_links":{"self":[{"href":"https:\/\/www.gardenshaman.eu\/pt\/wp-json\/wp\/v2\/product\/10112","targetHints":{"allow":["GET"]}}],"collection":[{"href":"https:\/\/www.gardenshaman.eu\/pt\/wp-json\/wp\/v2\/product"}],"about":[{"href":"https:\/\/www.gardenshaman.eu\/pt\/wp-json\/wp\/v2\/types\/product"}],"replies":[{"embeddable":true,"href":"https:\/\/www.gardenshaman.eu\/pt\/wp-json\/wp\/v2\/comments?post=10112"}],"wp:featuredmedia":[{"embeddable":true,"href":"https:\/\/www.gardenshaman.eu\/pt\/wp-json\/wp\/v2\/media\/10122"}],"wp:attachment":[{"href":"https:\/\/www.gardenshaman.eu\/pt\/wp-json\/wp\/v2\/media?parent=10112"}],"wp:term":[{"taxonomy":"product_brand","embeddable":true,"href":"https:\/\/www.gardenshaman.eu\/pt\/wp-json\/wp\/v2\/product_brand?post=10112"},{"taxonomy":"product_cat","embeddable":true,"href":"https:\/\/www.gardenshaman.eu\/pt\/wp-json\/wp\/v2\/product_cat?post=10112"},{"taxonomy":"product_tag","embeddable":true,"href":"https:\/\/www.gardenshaman.eu\/pt\/wp-json\/wp\/v2\/product_tag?post=10112"}],"curies":[{"name":"wp","href":"https:\/\/api.w.org\/{rel}","templated":true}]}}