{"id":10006,"date":"2022-03-12T08:16:04","date_gmt":"2022-03-12T07:16:04","guid":{"rendered":"https:\/\/www.gardenshaman.eu\/newshop\/?post_type=product&#038;p=10006"},"modified":"2024-08-20T14:28:31","modified_gmt":"2024-08-20T12:28:31","slug":"peyote-lophophora-fricii-ca-6-5cm-wurzelecht","status":"publish","type":"product","link":"https:\/\/www.gardenshaman.eu\/pt\/product\/peyote-lophophora-fricii-ca-6-5cm-verdadeiro-ate-a-raiz\/","title":{"rendered":"Peiote (Lophophora fricii) aprox. 6,5 cm, fiel \u00e0 raiz"},"content":{"rendered":"<p><span style=\"color: #ff6600;\"><strong>Cato:<\/strong><\/span> Peiote (Lophophora Fricii \/ Williamsii), aprox. 6,5 cm, fiel \u00e0 raiz<\/p>\n<p><span style=\"color: #ff6600;\"><strong>Origem: <\/strong><span style=\"color: #000000;\">It\u00e1lia<\/span><\/span><\/p>\n<p><span style=\"color: #ff6600;\"><strong>Di\u00e2metro:\u00a0<\/strong><\/span><\/p>\n<ul>\n<li><span style=\"color: #ff6600;\"><span style=\"color: #000000;\">aprox. 6,6cm<br \/>\n<\/span><\/span><\/li>\n<\/ul>\n<p style=\"padding-left: 30px;\">Trata-se de cactos Lophophora fricii com ra\u00edzes verdadeiras que devem ser plantados num substrato adequado para cactos imediatamente ap\u00f3s a sua rece\u00e7\u00e3o.<\/p>\n<p style=\"padding-left: 30px;\">Todos os cactos est\u00e3o em perfeitas condi\u00e7\u00f5es, sem cortes importantes ou similares.<\/p>\n<p style=\"padding-left: 30px;\">Como se trata de \"produtos\" naturais, s\u00e3o <strong>Cada cato tem um aspeto ligeiramente diferente e tamb\u00e9m varia em comprimento e di\u00e2metro.<\/strong> mesmo que apenas marginalmente. Por favor, tenha isto em conta quando comprar. Tamb\u00e9m pode pedir-nos antecipadamente uma fotografia dos cactos em stock e selecionar um exemplar especial!<\/p>\n<p style=\"padding-left: 30px;\">Garantimos que obter\u00e1 um cato maravilhoso e saud\u00e1vel se o comprar connosco \ud83d\ude42<\/p>\n<p><strong>Mais cactos a pedido em condi\u00e7\u00f5es mais favor\u00e1veis!<\/strong><\/p>\n<p><strong><span style=\"color: #ff6600;\">Instru\u00e7\u00f5es de cultivo:<\/span><\/strong><\/p>\n<p style=\"padding-left: 30px;\">Quando receber um dos nossos cactos, pode coloc\u00e1-lo imediatamente num substrato adequado para cactos e coloc\u00e1-lo num local com sombra\/semi-sombra. N\u00e3o deve ser regado at\u00e9 que apare\u00e7am os primeiros sinais de crescimento!<\/p>\n<p>Para quest\u00f5es e afins, pode contactar-nos a qualquer momento \ud83d\ude42<\/p>","protected":false},"excerpt":{"rendered":"<p>Kaktus: Peyote (Lophophora Fricii \/ Williamsii), ca. 6,5cm, wurzelecht Herkunft: Italien Durchmesser:\u00a0 ca. 6,6cm Es handelt sich hierbei um wurzelechte Lophophora Fricii &#8211; Kakteen, die sofort nach Erhalt in passendes Kakteensubstrat eingepflanzt werden sollten. Alle Kakteen sind in perfektem Zustand, ohne gr\u00f6\u00dfere Schnitte oder \u00e4hnliches. Da es sich hierbei um nat\u00fcrliche &#8222;Produkte&#8220; handelt, wird jeder [&hellip;]<\/p>\n","protected":false},"featured_media":9973,"comment_status":"open","ping_status":"closed","template":"","meta":[],"product_brand":[],"product_cat":[214,215,233],"product_tag":[314,315,754,217,726,230,231],"class_list":{"0":"post-10006","1":"product","2":"type-product","3":"status-publish","4":"has-post-thumbnail","6":"product_cat-kakteen","7":"product_cat-sale","8":"product_cat-samen","9":"product_tag-cacti","10":"product_tag-cactus","11":"product_tag-fricii","12":"product_tag-kaktus","13":"product_tag-lophophora-williamsii","14":"product_tag-peyote","15":"product_tag-peyotl","16":"product_shipping_class-pflanzen","18":"first","19":"outofstock","20":"sale","21":"taxable","22":"shipping-taxable","23":"purchasable","24":"product-type-simple"},"_links":{"self":[{"href":"https:\/\/www.gardenshaman.eu\/pt\/wp-json\/wp\/v2\/product\/10006","targetHints":{"allow":["GET"]}}],"collection":[{"href":"https:\/\/www.gardenshaman.eu\/pt\/wp-json\/wp\/v2\/product"}],"about":[{"href":"https:\/\/www.gardenshaman.eu\/pt\/wp-json\/wp\/v2\/types\/product"}],"replies":[{"embeddable":true,"href":"https:\/\/www.gardenshaman.eu\/pt\/wp-json\/wp\/v2\/comments?post=10006"}],"wp:featuredmedia":[{"embeddable":true,"href":"https:\/\/www.gardenshaman.eu\/pt\/wp-json\/wp\/v2\/media\/9973"}],"wp:attachment":[{"href":"https:\/\/www.gardenshaman.eu\/pt\/wp-json\/wp\/v2\/media?parent=10006"}],"wp:term":[{"taxonomy":"product_brand","embeddable":true,"href":"https:\/\/www.gardenshaman.eu\/pt\/wp-json\/wp\/v2\/product_brand?post=10006"},{"taxonomy":"product_cat","embeddable":true,"href":"https:\/\/www.gardenshaman.eu\/pt\/wp-json\/wp\/v2\/product_cat?post=10006"},{"taxonomy":"product_tag","embeddable":true,"href":"https:\/\/www.gardenshaman.eu\/pt\/wp-json\/wp\/v2\/product_tag?post=10006"}],"curies":[{"name":"wp","href":"https:\/\/api.w.org\/{rel}","templated":true}]}}