{"id":86486,"date":"2024-08-07T08:20:41","date_gmt":"2024-08-07T06:20:41","guid":{"rendered":"https:\/\/www.gardenshaman.eu\/?post_type=product&#038;p=86486"},"modified":"2025-11-15T13:59:04","modified_gmt":"2025-11-15T12:59:04","slug":"chinesisches-suessholz-gan-cao-glycyrhizza-uralensis-samen","status":"publish","type":"product","link":"https:\/\/www.gardenshaman.eu\/fr\/product\/gan-cao-glycyrhizza-uralensis-graines\/","title":{"rendered":"R\u00e9glisse de Chine, Gan-cao (Glycyrhizza uralensis) - Graines"},"content":{"rendered":"<h2><strong>R\u00e9glisse de Chine, Gan-cao (Glycyrhizza uralensis) - Graines<\/strong><\/h2>\n<p><strong>Origine :<\/strong> Chine<br \/>\n<strong>R\u00e9colte :<\/strong> 2025<br \/>\n<strong>Dur\u00e9e de germination :\u00a0<\/strong>env. 2-4 semaines<\/p>\n<p>Chaque paquet contient environ 25 graines ! Pour de plus grandes quantit\u00e9s, veuillez nous contacter !<\/p>\n<p><strong>Conseils pour le semis :<\/strong> Tu veux cultiver Glycyrrhiza uralensis, mieux connue sous le nom de r\u00e9glisse chinoise ? Commence par faire tremper les graines dans de l'eau chaude pendant environ 24 heures. Ensuite, plante-les dans un sol bien drain\u00e9, \u00e0 environ 1-2 cm de profondeur. Le meilleur moment pour semer est au printemps, lorsque la temp\u00e9rature du sol est comprise entre 15 et 20 degr\u00e9s Celsius. Maintiens le sol uniform\u00e9ment humide, mais \u00e9vite l'eau stagnante. Les premiers germes devraient appara\u00eetre au bout de 2 \u00e0 4 semaines environ.<\/p>\n<p><strong>Conseils et astuces :<\/strong> Glycyrrhiza uralensis aime les endroits ensoleill\u00e9s, choisis donc un endroit avec beaucoup de lumi\u00e8re directe du soleil. Pour favoriser une croissance vigoureuse, tu peux apporter du compost ou de l'engrais organique aux plantes. Veille \u00e0 enlever r\u00e9guli\u00e8rement les mauvaises herbes afin que les jeunes plantes re\u00e7oivent suffisamment de nutriments. La r\u00e9glisse \u00e9tant une plante vivace, il vaut la peine de lui offrir une protection hivernale en hiver, surtout dans les r\u00e9gions froides. Une l\u00e9g\u00e8re taille en automne permet de stimuler la croissance l'ann\u00e9e suivante.<\/p>\n<p><strong>Ce qu'il faut savoir :<\/strong> Glycyrrhiza uralensis n'est pas seulement connue pour ses racines sucr\u00e9es, mais aussi pour ses propri\u00e9t\u00e9s m\u00e9dicinales. Les racines sont souvent utilis\u00e9es dans la m\u00e9decine traditionnelle chinoise et auraient des effets anti-inflammatoires et antiviraux. C'est en outre une plante pr\u00e9cieuse pour le jardin, car elle peut am\u00e9liorer le sol. Ses racines peuvent fixer l'azote et rendre ainsi le sol plus fertile pour d'autres plantes. Si tu es patient, tu pourras r\u00e9colter et utiliser les racines au bout de 3-4 ans.<\/p>\n<p><span style=\"color: #99cc00;\"><strong>Graines GRATUITES pour toute commande \ud83d\ude42<\/strong><\/span><\/p>\n<p>&nbsp;<\/p>\n<p><span style=\"color: #99cc00;\"><strong><span style=\"color: #ff6600;\">Important :<\/span><\/strong><\/span><\/p>\n<ul>\n<li><span style=\"color: #99cc00;\"><span style=\"color: #000000;\">Malgr\u00e9 des contr\u00f4les de qualit\u00e9 permanents (v\u00e9rification de la qualit\u00e9 de germination, de la capacit\u00e9 de stockage, etc. des graines de plantes, etc.) <\/span><span style=\"color: #000000;\">nous ne pouvons malheureusement pas <\/span><\/span><strong><em>pas de<\/em> Garantie<\/strong> sur la germination de nos graines - trop de facteurs diff\u00e9rents dans le cadre de la culture\/des conditions - peuvent emp\u00eacher une germination r\u00e9ussie.<\/li>\n<li>Avant d'acheter ce produit, veuillez vous renseigner sur la l\u00e9gislation en vigueur dans votre pays. <strong>Lois<\/strong> et les conditions d'importation ou si ce produit peut \u00eatre import\u00e9\/utilis\u00e9\/cultiv\u00e9.<\/li>\n<li>Nos graines de plantes sont disponibles dans ton pays.<strong> Culture<\/strong> d\u00e9termin\u00e9 et autoris\u00e9, <em>exclusivement<\/em> sont pr\u00e9vues pour la culture de plantes.<\/li>\n<li>Tu trouveras d'autres informations et directives dans nos conditions g\u00e9n\u00e9rales de vente ou en nous envoyant simplement tes questions par e-mail \u00e0 : support@gardenshaman.eu \ud83d\ude42<\/li>\n<\/ul>","protected":false},"excerpt":{"rendered":"<p>Chinesisches S\u00fc\u00dfholz, Gan-cao (Glycyrhizza uralensis) &#8211; Samen Herkunft: China Ernte: 2025 Keimdauer:\u00a0ca. 2-4 Wochen Jede Packung enth\u00e4lt ca. 25 Samen! Gr\u00f6\u00dfere Mengen bitte auf Anfrage! Aussaathinweise: Du m\u00f6chtest Glycyrrhiza uralensis, besser bekannt als chinesisches S\u00fc\u00dfholz, anbauen? Beginne damit, die Samen f\u00fcr etwa 24 Stunden in warmem Wasser einzuweichen. Danach pflanzt du sie in gut durchl\u00e4ssige [&hellip;]<\/p>\n","protected":false},"featured_media":86487,"comment_status":"open","ping_status":"closed","template":"","meta":[],"product_brand":[],"product_cat":[4898,4900,4895,233],"product_tag":[6237,6230,6243,6229,6236,6241,6239,6232,6234,6238,6233,6240,6231,6242,6235],"class_list":{"0":"post-86486","1":"product","2":"type-product","3":"status-publish","4":"has-post-thumbnail","6":"product_cat-exotisches","7":"product_cat-heilkraeuter","8":"product_cat-obst-gemuese-und-kraeuter","9":"product_cat-samen","10":"product_tag-chinesisches-suessholz-medizinische-anwendung","11":"product_tag-chinesisches-suessholz-pflanzen","12":"product_tag-chinesisches-suessholz-traditionell","13":"product_tag-glycyrrhiza-uralensis-anbau","14":"product_tag-glycyrrhiza-uralensis-heilpflanze","15":"product_tag-glycyrrhiza-uralensis-keimzeit","16":"product_tag-glycyrrhiza-uralensis-standort","17":"product_tag-glycyrrhiza-uralensis-tipps","18":"product_tag-glycyrrhiza-uralensis-winterschutz","19":"product_tag-suessholz-bodenverbesserung","20":"product_tag-suessholz-gartenpflege","21":"product_tag-suessholz-kompost-duengen","22":"product_tag-suessholz-samen-aussaeen","23":"product_tag-suessholz-unkraut-entfernen","24":"product_tag-suessholz-wurzeln-ernten","25":"product_shipping_class-samen","27":"first","28":"instock","29":"taxable","30":"shipping-taxable","31":"purchasable","32":"product-type-simple"},"_links":{"self":[{"href":"https:\/\/www.gardenshaman.eu\/fr\/wp-json\/wp\/v2\/product\/86486","targetHints":{"allow":["GET"]}}],"collection":[{"href":"https:\/\/www.gardenshaman.eu\/fr\/wp-json\/wp\/v2\/product"}],"about":[{"href":"https:\/\/www.gardenshaman.eu\/fr\/wp-json\/wp\/v2\/types\/product"}],"replies":[{"embeddable":true,"href":"https:\/\/www.gardenshaman.eu\/fr\/wp-json\/wp\/v2\/comments?post=86486"}],"wp:featuredmedia":[{"embeddable":true,"href":"https:\/\/www.gardenshaman.eu\/fr\/wp-json\/wp\/v2\/media\/86487"}],"wp:attachment":[{"href":"https:\/\/www.gardenshaman.eu\/fr\/wp-json\/wp\/v2\/media?parent=86486"}],"wp:term":[{"taxonomy":"product_brand","embeddable":true,"href":"https:\/\/www.gardenshaman.eu\/fr\/wp-json\/wp\/v2\/product_brand?post=86486"},{"taxonomy":"product_cat","embeddable":true,"href":"https:\/\/www.gardenshaman.eu\/fr\/wp-json\/wp\/v2\/product_cat?post=86486"},{"taxonomy":"product_tag","embeddable":true,"href":"https:\/\/www.gardenshaman.eu\/fr\/wp-json\/wp\/v2\/product_tag?post=86486"}],"curies":[{"name":"wp","href":"https:\/\/api.w.org\/{rel}","templated":true}]}}