{"id":76191,"date":"2024-06-07T08:01:25","date_gmt":"2024-06-07T06:01:25","guid":{"rendered":"https:\/\/www.gardenshaman.eu\/?post_type=product&#038;p=76191"},"modified":"2024-08-20T16:30:00","modified_gmt":"2024-08-20T14:30:00","slug":"schafgarbe-cassis-achillea-millefolium-samen","status":"publish","type":"product","link":"https:\/\/www.gardenshaman.eu\/fr\/product\/cassis-achillea-millefolium-graines\/","title":{"rendered":"Achill\u00e9e millefeuille \"Cassis\" (Achillea millefolium) - Graines"},"content":{"rendered":"<h2>Achill\u00e9e millefeuille \"Cassis\" (Achillea millefolium) - Graines<\/h2>\n<p style=\"padding-left: 40px;\"><strong>Origine :<\/strong> Autriche<br \/>\n<strong>R\u00e9colte :<\/strong> 2024<br \/>\n<strong>Dur\u00e9e de germination :\u00a0<\/strong>env. 2-3 semaines<\/p>\n<p style=\"padding-left: 40px;\">Tu peux choisir entre 25 et 100 graines ! Pour de plus grandes quantit\u00e9s, veuillez nous contacter !<\/p>\n<p><strong>Conseils pour le semis<\/strong><\/p>\n<p>Achillea millefolium \"Cassis\", \u00e9galement connue sous le nom d'achill\u00e9e commune, est une magnifique plante aux fleurs rose vif qui donnera de la couleur et de la diversit\u00e9 \u00e0 ton jardin. Voici quelques conseils pour semer nos graines :<\/p>\n<ol>\n<li><strong>Moment de l'ensemencement :<\/strong> Les meilleures p\u00e9riodes pour semer les graines d'Achillea millefolium \"Cassis\" sont le printemps et l'automne. Tu peux semer les graines directement en pleine terre ou les faire pousser dans des pots.<\/li>\n<li><strong>Pr\u00e9paration du sol :<\/strong> Choisis un emplacement ensoleill\u00e9 ou semi-ombrag\u00e9 avec un sol bien drain\u00e9. L'achill\u00e9e n'est pas difficile en ce qui concerne la nature du sol, mais elle pr\u00e9f\u00e8re un sol l\u00e9g\u00e8rement sablonneux ou argileux. Ameublis bien le sol et \u00e9limine les mauvaises herbes ainsi que les pierres.<\/li>\n<li><strong>Semer :<\/strong> Semez les graines finement et recouvrez-les l\u00e9g\u00e8rement de terre, \u00e0 environ 1-2 mm de profondeur. Maintiens le sol uniform\u00e9ment humide jusqu'\u00e0 la germination. La germination dure en g\u00e9n\u00e9ral 2 \u00e0 3 semaines.<\/li>\n<\/ol>\n<p><strong>Conseils et astuces<\/strong><\/p>\n<ul>\n<li><strong>Garder ses distances :<\/strong> Lorsque les semis sont assez grands pour \u00eatre manipul\u00e9s, \u00e9claircissez-les de mani\u00e8re \u00e0 laisser un espace d'environ 20-30 cm entre les plantes. Cela permet une bonne circulation de l'air et favorise une croissance saine.<\/li>\n<li><strong>l'irrigation :<\/strong> L'achill\u00e9e est relativement r\u00e9sistante \u00e0 la s\u00e9cheresse. Arrose r\u00e9guli\u00e8rement les plantes, mais \u00e9vite l'eau stagnante. Un bon drainage est important pour \u00e9viter la pourriture des racines.<\/li>\n<li><strong>Fertilisation :<\/strong> Achillea millefolium \"Cassis\" ne n\u00e9cessite pas de fertilisation intensive. Un seul apport de compost ou d'engrais organique au printemps suffit \u00e0 soutenir la croissance.<\/li>\n<li><strong>taille :<\/strong> Taille r\u00e9guli\u00e8rement les inflorescences fan\u00e9es afin de favoriser une deuxi\u00e8me phase de floraison et de maintenir la plante compacte.<\/li>\n<\/ul>\n<p><strong>Ce qu'il faut savoir<\/strong><\/p>\n<ul>\n<li>L'Achillea millefolium \"Cassis\" n'est pas seulement attractive, elle est aussi utile. Elle attire les pollinisateurs comme les abeilles et les papillons et constitue une excellente plante d'accompagnement dans le jardin.<\/li>\n<li>Cette plante a une longue tradition dans la m\u00e9decine par les plantes. Ses feuilles et ses fleurs sont souvent utilis\u00e9es pour pr\u00e9parer des infusions et des teintures aux propri\u00e9t\u00e9s anti-inflammatoires et curatives.<\/li>\n<li>L'achill\u00e9e est facile \u00e0 entretenir et r\u00e9siste au froid. Elle r\u00e9siste sans probl\u00e8me aux hivers froids et bourgeonne \u00e0 nouveau au printemps. Cela fait d'elle un enrichissement durable pour ton jardin.<\/li>\n<\/ul>\n<p><span style=\"color: #99cc00;\"><strong>Graines GRATUITES pour toute commande \ud83d\ude42<\/strong><\/span><\/p>\n<p>&nbsp;<\/p>\n<p><strong>Important :<\/strong><\/p>\n<ul>\n<li>Malgr\u00e9 des contr\u00f4les de qualit\u00e9 constants (v\u00e9rification de la qualit\u00e9 de germination, de la capacit\u00e9 de stockage, etc. des graines de plantes, etc.), nous ne pouvons malheureusement pas <strong><em>pas de<\/em> Garantie<\/strong> sur la germination de nos graines - trop de facteurs diff\u00e9rents dans le cadre de la culture\/des conditions - peuvent emp\u00eacher une germination r\u00e9ussie.<\/li>\n<li>Avant d'acheter ce produit, veuillez vous renseigner sur la l\u00e9gislation en vigueur dans votre pays. <strong>Lois<\/strong> et les conditions d'importation ou si ce produit peut \u00eatre import\u00e9\/utilis\u00e9\/cultiv\u00e9.<\/li>\n<li>Nos semences de plantes sont disponibles dans votre pays.<strong> Culture<\/strong> d\u00e9termin\u00e9 et autoris\u00e9, <em>exclusivement<\/em> sont pr\u00e9vues pour la culture de plantes.<\/li>\n<li>Vous trouverez d'autres informations et directives dans nos conditions g\u00e9n\u00e9rales de vente ou en nous \u00e9crivant simplement vos questions par mail \u00e0 : support@gardenshaman.eu \ud83d\ude42<\/li>\n<\/ul>","protected":false},"excerpt":{"rendered":"<p>Schafgarbe &#8222;Cassis&#8220; (Achillea millefolium) &#8211; Samen Herkunft: \u00d6sterreich Ernte: 2024 Keimdauer:\u00a0ca. 2-3 Wochen Du kannst zwischen 25 und 100 Samen w\u00e4hlen! Gr\u00f6\u00dfere Mengen bitte auf Anfrage! Aussaathinweise Achillea millefolium &#8222;Cassis&#8220;, auch bekannt als Gemeine Schafgarbe, ist eine wundersch\u00f6ne Pflanze mit leuchtend rosa Bl\u00fcten, die deinem Garten Farbe und Vielfalt verleiht. Hier sind einige Hinweise zur [&hellip;]<\/p>\n","protected":false},"featured_media":76193,"comment_status":"closed","ping_status":"closed","template":"","meta":[],"product_brand":[],"product_cat":[4900,233,4899],"product_tag":[4535,4540,4162,4541,4146,4546,4536,3552,4338,4537,2728,387,4545,3517,4161,4167,4539,4538,4542,4543,4544,4427,492],"class_list":{"0":"post-76191","1":"product","2":"type-product","3":"status-publish","4":"has-post-thumbnail","6":"product_cat-heilkraeuter","7":"product_cat-samen","8":"product_cat-schoenheiten","9":"product_tag-achillea-millefolium","10":"product_tag-bestaeuberpflanze","11":"product_tag-bienenfreundlich","12":"product_tag-bluehpflanze","13":"product_tag-bluetenpflanze","14":"product_tag-bodenverbesserung","15":"product_tag-cassis","16":"product_tag-gartenpflanze","17":"product_tag-gartenpflege","18":"product_tag-gemeine-schafgarbe","19":"product_tag-heilkraeuter","20":"product_tag-heilpflanze","21":"product_tag-kompostduengung","22":"product_tag-kraeutermedizin","23":"product_tag-naturgarten","24":"product_tag-pflegeleicht","25":"product_tag-rosa-schafgarbe","26":"product_tag-schafgarbe-cassis","27":"product_tag-schmetterlingspflanze","28":"product_tag-schnittblume","29":"product_tag-staudenpflanze","30":"product_tag-trockenheitsresistent","31":"product_tag-winterhart","32":"product_shipping_class-samen","34":"first","35":"instock","36":"taxable","37":"shipping-taxable","38":"purchasable","39":"product-type-variable","40":"has-default-attributes"},"_links":{"self":[{"href":"https:\/\/www.gardenshaman.eu\/fr\/wp-json\/wp\/v2\/product\/76191","targetHints":{"allow":["GET"]}}],"collection":[{"href":"https:\/\/www.gardenshaman.eu\/fr\/wp-json\/wp\/v2\/product"}],"about":[{"href":"https:\/\/www.gardenshaman.eu\/fr\/wp-json\/wp\/v2\/types\/product"}],"replies":[{"embeddable":true,"href":"https:\/\/www.gardenshaman.eu\/fr\/wp-json\/wp\/v2\/comments?post=76191"}],"wp:featuredmedia":[{"embeddable":true,"href":"https:\/\/www.gardenshaman.eu\/fr\/wp-json\/wp\/v2\/media\/76193"}],"wp:attachment":[{"href":"https:\/\/www.gardenshaman.eu\/fr\/wp-json\/wp\/v2\/media?parent=76191"}],"wp:term":[{"taxonomy":"product_brand","embeddable":true,"href":"https:\/\/www.gardenshaman.eu\/fr\/wp-json\/wp\/v2\/product_brand?post=76191"},{"taxonomy":"product_cat","embeddable":true,"href":"https:\/\/www.gardenshaman.eu\/fr\/wp-json\/wp\/v2\/product_cat?post=76191"},{"taxonomy":"product_tag","embeddable":true,"href":"https:\/\/www.gardenshaman.eu\/fr\/wp-json\/wp\/v2\/product_tag?post=76191"}],"curies":[{"name":"wp","href":"https:\/\/api.w.org\/{rel}","templated":true}]}}