{"id":52335,"date":"2023-11-14T12:09:34","date_gmt":"2023-11-14T11:09:34","guid":{"rendered":"https:\/\/www.gardenshaman.eu\/?post_type=product&#038;p=52335"},"modified":"2024-08-20T14:27:41","modified_gmt":"2024-08-20T12:27:41","slug":"roter-sonnenhut-igelkopf-echinacea-purpurea-samen","status":"publish","type":"product","link":"https:\/\/www.gardenshaman.eu\/fr\/product\/heliotrope-rouge-echinacea-purpurea-graines\/","title":{"rendered":"H\u00e9lianth\u00e8me rouge (Echinacea purpurea) - Graines"},"content":{"rendered":"<p><strong>H\u00e9lianth\u00e8me rouge (Echinacea purpurea) - Graines<\/strong><\/p>\n<p><span style=\"color: #ff6600;\"><strong>Origine :<\/strong><\/span> Autriche<br \/>\n<strong><span style=\"color: #ff6600;\">R\u00e9colte :<\/span><\/strong> 2023<br \/>\n<span style=\"color: #ff6600;\"><strong>Dur\u00e9e de germination :\u00a0<\/strong><span style=\"color: #000000;\">env. 4-5 semaines<\/span><\/span><\/p>\n<p style=\"padding-left: 30px;\">Tu peux choisir entre <em>25 et 100 graines par paquet. <\/em>Pour de plus grandes quantit\u00e9s, veuillez nous contacter !<\/p>\n<p><strong>Conseils pour le semis<\/strong><\/p>\n<ol>\n<li><strong>Choisis le bon emplacement :<\/strong> L'\u00e9chinac\u00e9e pr\u00e9f\u00e8re un emplacement ensoleill\u00e9 avec un sol bien drain\u00e9. Veille \u00e0 ce que l'emplacement soit prot\u00e9g\u00e9 des vents forts, car la plante peut \u00eatre sensible aux courants d'air forts.<\/li>\n<li><strong>Pr\u00e9paration du sol :<\/strong> Ameublissez bien le sol et enlevez les mauvaises herbes et les grosses pierres. L'\u00e9chinac\u00e9e se d\u00e9veloppe mieux dans un sol bien drain\u00e9 avec un pH neutre \u00e0 l\u00e9g\u00e8rement acide. Ajoute du compost ou du fumier d\u00e9compos\u00e9 si n\u00e9cessaire pour augmenter l'apport en nutriments.<\/li>\n<li><strong>Obtention de semences :<\/strong> Procure-toi des graines d'\u00e9chinac\u00e9e de qualit\u00e9 aupr\u00e8s d'une source fiable. Veille \u00e0 choisir des graines fra\u00eeches afin de garantir une bonne germination.<\/li>\n<li><strong>P\u00e9riode de semis :<\/strong> Les meilleures p\u00e9riodes pour semer les graines d'\u00e9chinac\u00e9e sont le printemps ou l'automne. Semez les graines \u00e0 environ 0,5 \u00e0 1 centim\u00e8tre de profondeur dans le sol pr\u00e9par\u00e9 et maintenez-le uniform\u00e9ment humide.<\/li>\n<li><strong>Germination et soins :<\/strong> La germination des graines d'\u00e9chinac\u00e9e peut prendre quelques semaines. Maintiens les semis humides et, si n\u00e9cessaire, amincis-les pour \u00e9viter qu'ils ne soient trop remplis. D\u00e8s que les semis deviennent plus vigoureux, tu peux les replanter avec pr\u00e9caution afin de leur offrir suffisamment d'espace pour leur croissance.<\/li>\n<\/ol>\n<p><strong>Conseils et astuces<\/strong><\/p>\n<ul>\n<li><strong>Arrosage r\u00e9gulier :<\/strong> Les plantes d'\u00e9chinac\u00e9e ont besoin d'un arrosage r\u00e9gulier, surtout pendant la p\u00e9riode de croissance. Veille \u00e0 maintenir le sol uniform\u00e9ment humide, mais \u00e9vite les arrosages excessifs afin d'\u00e9viter la stagnation de l'eau.<\/li>\n<li><strong>Protection contre les nuisibles :<\/strong> Les plantes d'\u00e9chinac\u00e9e sont relativement robustes, mais elles peuvent tout de m\u00eame \u00eatre attaqu\u00e9es par des parasites comme les pucerons ou les acariens. Surveille r\u00e9guli\u00e8rement tes plantes et prends si n\u00e9cessaire des mesures de lutte contre les parasites, comme l'\u00e9limination des feuilles infest\u00e9es ou l'application d'insecticides.<\/li>\n<li><strong>Date de r\u00e9colte :<\/strong> Les fleurs d'\u00e9chinac\u00e9e peuvent \u00eatre r\u00e9colt\u00e9es en \u00e9t\u00e9 ou en automne, lorsqu'elles sont compl\u00e8tement ouvertes. Fais s\u00e9cher les t\u00eates de fleurs la t\u00eate en bas dans un endroit a\u00e9r\u00e9, puis conserve-les dans un r\u00e9cipient herm\u00e9tique pour pr\u00e9server leurs propri\u00e9t\u00e9s m\u00e9dicinales.<\/li>\n<\/ul>\n<p><strong>Ce qu'il faut savoir<\/strong><\/p>\n<ul>\n<li>L'\u00e9chinac\u00e9e est un genre de plantes de la famille des ast\u00e9rac\u00e9es (Asteraceae) originaire d'Am\u00e9rique du Nord. Elle est utilis\u00e9e depuis des si\u00e8cles par les peuples indig\u00e8nes pour ses propri\u00e9t\u00e9s m\u00e9dicinales et est aujourd'hui une plante m\u00e9dicinale tr\u00e8s appr\u00e9ci\u00e9e dans la m\u00e9decine naturelle.<\/li>\n<li>Les racines, les feuilles et les fleurs de l'\u00e9chinac\u00e9e contiennent un grand nombre de principes actifs, dont des flavono\u00efdes, des acides ph\u00e9noliques et des polysaccharides, qui ont des propri\u00e9t\u00e9s anti-inflammatoires, immunostimulantes et antioxydantes. L'\u00e9chinac\u00e9e est traditionnellement utilis\u00e9e pour renforcer le syst\u00e8me immunitaire, pour soulager les sympt\u00f4mes du rhume et de la grippe et pour favoriser la cicatrisation des plaies.<\/li>\n<li>Il existe plusieurs esp\u00e8ces et vari\u00e9t\u00e9s d'\u00e9chinac\u00e9e, dont l'Echinacea purpurea, l'Echinacea angustifolia et l'Echinacea pallida. Chaque esp\u00e8ce a ses propres caract\u00e9ristiques sp\u00e9cifiques et ses applications m\u00e9dicinales, il est donc important de choisir l'esp\u00e8ce qui correspond \u00e0 tes besoins.<\/li>\n<\/ul>\n<p>&nbsp;<\/p>\n<p><span style=\"color: #99cc00;\"><strong>Graines GRATUITES pour toute commande \ud83d\ude42<\/strong><\/span><\/p>\n<p>&nbsp;<\/p>\n<p><span style=\"color: #99cc00;\"><strong><span style=\"color: #ff6600;\">Important :<\/span><\/strong><\/span><\/p>\n<ul>\n<li><span style=\"color: #99cc00;\"><span style=\"color: #000000;\">Malgr\u00e9 des contr\u00f4les de qualit\u00e9 permanents (v\u00e9rification de la qualit\u00e9 de germination, de la capacit\u00e9 de stockage, etc. des graines de plantes, etc.) <\/span><span style=\"color: #000000;\">nous ne pouvons malheureusement pas <\/span><\/span><strong><em>pas de<\/em> Garantie<\/strong> sur la germination de nos graines - trop de facteurs diff\u00e9rents dans le cadre de la culture\/des conditions - peuvent emp\u00eacher une germination r\u00e9ussie.<\/li>\n<li>Avant d'acheter ce produit, veuillez vous renseigner sur la l\u00e9gislation en vigueur dans votre pays. <strong>Lois<\/strong> et les conditions d'importation ou si ce produit peut \u00eatre import\u00e9\/utilis\u00e9\/cultiv\u00e9.<\/li>\n<li>Nos semences de plantes sont disponibles dans votre pays.<strong> Culture<\/strong> d\u00e9termin\u00e9 et autoris\u00e9, <em>exclusivement<\/em> sont pr\u00e9vues pour la culture de plantes.<\/li>\n<li>Vous trouverez d'autres informations et directives dans nos conditions g\u00e9n\u00e9rales de vente ou en nous \u00e9crivant simplement vos questions par mail \u00e0 : support@gardenshaman.eu \ud83d\ude42<\/li>\n<\/ul>","protected":false},"excerpt":{"rendered":"<p>Roter Sonnenhut, Igelkopf (Echinacea purpurea) &#8211; Samen Herkunft: \u00d6sterreich Ernte: 2023 Keimdauer:\u00a0ca. 4-5 Wochen Du kannst zwischen 25 und 100 Samen pro Packung w\u00e4hlen. Gr\u00f6\u00dfere Mengen bitte auf Anfrage! Aussaathinweise W\u00e4hle den richtigen Standort: Echinacea bevorzugt einen sonnigen Standort mit gut durchl\u00e4ssigem Boden. Stelle sicher, dass der Standort vor starkem Wind gesch\u00fctzt ist, da die [&hellip;]<\/p>\n","protected":false},"featured_media":52338,"comment_status":"open","ping_status":"closed","template":"","meta":[],"product_brand":[],"product_cat":[4900,233,4899],"product_tag":[2085,2086,2087,2139,387,2096,2089,1530,2095,2088],"class_list":{"0":"post-52335","1":"product","2":"type-product","3":"status-publish","4":"has-post-thumbnail","6":"product_cat-heilkraeuter","7":"product_cat-samen","8":"product_cat-schoenheiten","9":"product_tag-blassbluetiger-sonnenhut","10":"product_tag-bleicher-sonnenhut","11":"product_tag-echinacea-pallida-samen","12":"product_tag-heilkraut","13":"product_tag-heilpflanze","14":"product_tag-igelkopf","15":"product_tag-medizinalpflanze","16":"product_tag-medizinisch","17":"product_tag-purpurea","18":"product_tag-sonnenhut","19":"product_shipping_class-samen","21":"first","22":"instock","23":"taxable","24":"shipping-taxable","25":"purchasable","26":"product-type-variable","27":"has-default-attributes"},"_links":{"self":[{"href":"https:\/\/www.gardenshaman.eu\/fr\/wp-json\/wp\/v2\/product\/52335","targetHints":{"allow":["GET"]}}],"collection":[{"href":"https:\/\/www.gardenshaman.eu\/fr\/wp-json\/wp\/v2\/product"}],"about":[{"href":"https:\/\/www.gardenshaman.eu\/fr\/wp-json\/wp\/v2\/types\/product"}],"replies":[{"embeddable":true,"href":"https:\/\/www.gardenshaman.eu\/fr\/wp-json\/wp\/v2\/comments?post=52335"}],"wp:featuredmedia":[{"embeddable":true,"href":"https:\/\/www.gardenshaman.eu\/fr\/wp-json\/wp\/v2\/media\/52338"}],"wp:attachment":[{"href":"https:\/\/www.gardenshaman.eu\/fr\/wp-json\/wp\/v2\/media?parent=52335"}],"wp:term":[{"taxonomy":"product_brand","embeddable":true,"href":"https:\/\/www.gardenshaman.eu\/fr\/wp-json\/wp\/v2\/product_brand?post=52335"},{"taxonomy":"product_cat","embeddable":true,"href":"https:\/\/www.gardenshaman.eu\/fr\/wp-json\/wp\/v2\/product_cat?post=52335"},{"taxonomy":"product_tag","embeddable":true,"href":"https:\/\/www.gardenshaman.eu\/fr\/wp-json\/wp\/v2\/product_tag?post=52335"}],"curies":[{"name":"wp","href":"https:\/\/api.w.org\/{rel}","templated":true}]}}