{"id":38051,"date":"2026-03-02T10:01:02","date_gmt":"2026-03-02T09:01:02","guid":{"rendered":"https:\/\/www.gardenshaman.eu\/?post_type=product&#038;p=38051"},"modified":"2026-04-18T14:49:32","modified_gmt":"2026-04-18T12:49:32","slug":"salvia-divinorum-wasson-hofmann-steckling","status":"publish","type":"product","link":"https:\/\/www.gardenshaman.eu\/fr\/product\/sauge-des-azteques-wasson-hofmann-salvia-divinorum-bouture\/","title":{"rendered":"Sauge azt\u00e8que \"Wasson Hofmann\" (Salvia divinorum) - bouture"},"content":{"rendered":"<div style=\"background: linear-gradient(135deg, #f4fff2 0%, #e6f7e6 100%); border: 1px solid #7cc36b; border-radius: 12px; padding: 16px 18px; margin: 16px 0; box-shadow: 0 4px 12px rgba(0,0,0,0.05);\">\n<div style=\"font-size: 16px; font-weight: 600; color: #2e7d32; margin-bottom: 6px;\">\ud83c\udf3f Nouvelle livraison annonc\u00e9e !<\/div>\n<div style=\"font-size: 14.5px; color: #2f4f2f; line-height: 1.6;\">Nos prochaines <strong>Plantes de Salvia divinorum<\/strong> se rencontrent le <strong>22.04.2026<\/strong> un.<br \/>\n\ud83d\udce6 L'envoi d\u00e9bute comme d'habitude \u00e0 partir de <strong>27.04.2026<\/strong>.<\/div>\n<\/div>\n<h2>Salvia divinorum \u201eWasson Hofmann\u201c - Bouture enracin\u00e9e de culture UE \ud83c\udf3f<\/h2>\n<div style=\"border: 1px solid #8ab36a; padding: 18px; background: #f7faf5; border-radius: 8px; margin-bottom: 25px;\"><strong>Nom botanique :<\/strong> Salvia divinorum<br \/>\n<strong>clone :<\/strong> Ligne originale Wasson-Hofmann<br \/>\n<strong>taille :<\/strong> Environ 20-30cm<br \/>\n<strong>Type de plante :<\/strong> Bouture enracin\u00e9e (multipli\u00e9e par voie v\u00e9g\u00e9tative)<br \/>\n<strong>Culture :<\/strong> Autriche (UE)<br \/>\n<strong>utilisation :<\/strong> Plante ornementale et de collection<\/div>\n<h3>Acheter Salvia divinorum - Clone de Wasson-Hofmann comme jeune plante vigoureuse<\/h3>\n<p>Ici, tu re\u00e7ois une plante enracin\u00e9e <strong>Salvia divinorum plante<\/strong> de la c\u00e9l\u00e8bre <strong>Ligne Wasson-Hofmann<\/strong>, Il s'agit de l'un des clones de cette esp\u00e8ce les plus document\u00e9s historiquement.<\/p>\n<p>Si tu <strong>Acheter Salvia divinorum<\/strong> tu recevras une bouture bien d\u00e9velopp\u00e9e, issue d'une culture europ\u00e9enne, soigneusement multipli\u00e9e et pr\u00eate \u00e0 \u00eatre cultiv\u00e9e.<\/p>\n<p>Le clone Wasson-Hofmann est particuli\u00e8rement appr\u00e9ci\u00e9 des collectionneurs en raison de sa g\u00e9n\u00e9tique stable et de son port vigoureux et buissonnant. Les grandes feuilles souples sont caract\u00e9ristiques de cette lign\u00e9e.<\/p>\n<p>L'exp\u00e9dition se fait exclusivement en Europe.<\/p>\n<p>-<\/p>\n<h3>D\u00e9tails sur la bouture<\/h3>\n<ul>\n<li><strong>Culture :<\/strong> Autriche (UE)<\/li>\n<li><strong>Hauteur \u00e0 l'exp\u00e9dition :<\/strong> environ 15-25 cm<\/li>\n<li><strong>Forme de livraison :<\/strong> Bouture enracin\u00e9e<\/li>\n<li><strong>Zone d'exp\u00e9dition :<\/strong> Europe<\/li>\n<li><strong>Jour d'exp\u00e9dition :<\/strong> En g\u00e9n\u00e9ral, le lundi<\/li>\n<\/ul>\n<p>Tu obtiendras une jeune plante saine et vigoureuse.<\/p>\n<p>-<\/p>\n<h3>Exp\u00e9dition &amp; \u00e9tat \ud83d\udce6<\/h3>\n<p>L'envoi est effectu\u00e9<\/p>\n<ul>\n<li>sans pot ni substrat<\/li>\n<li>dans la mousse de sphaigne humide<\/li>\n<li>emball\u00e9 de mani\u00e8re s\u00fbre pour l'envoi de plantes<\/li>\n<\/ul>\n<p>Cette m\u00e9thode prot\u00e8ge de mani\u00e8re optimale les racines fragiles pendant le transport.<\/p>\n<p>Une l\u00e9g\u00e8re perte de feuilles apr\u00e8s l'envoi est possible et ne constitue pas un d\u00e9faut de qualit\u00e9.<\/p>\n<p>-<\/p>\n<h3>Entretien &amp; emplacement \ud83c\udf31<\/h3>\n<p>Apr\u00e8s r\u00e9ception :<\/p>\n<ol>\n<li>D\u00e9baller la bouture avec pr\u00e9caution.<\/li>\n<li>Enlever d\u00e9licatement la mousse des racines.<\/li>\n<li>Placer dans un substrat meuble et bien drain\u00e9.<\/li>\n<li>Placer \u00e0 la lumi\u00e8re, mais sans soleil direct \u00e0 midi.<\/li>\n<\/ol>\n<p><strong>Conditions optimales :<\/strong><\/p>\n<ul>\n<li>Clair \u00e0 mi-ombrag\u00e9<\/li>\n<li>18-24 \u00b0C<\/li>\n<li>Humidit\u00e9 l\u00e9g\u00e8re et r\u00e9guli\u00e8re<\/li>\n<li>Humidit\u00e9 \u00e9lev\u00e9e pendant la phase d'adaptation<\/li>\n<li>Pas de stagnation d'eau<\/li>\n<\/ul>\n<p>Avec des conditions stables, la plante se d\u00e9veloppe rapidement et de mani\u00e8re touffue.<\/p>\n<p>-<\/p>\n<h3>Botanique &amp; contexte \ud83d\udcd6<\/h3>\n<p>Salvia divinorum est originaire du Mexique et fait partie de la famille des lamiac\u00e9es (Lamiaceae).<\/p>\n<p>La lign\u00e9e Wasson-Hofmann compte parmi les clones les plus connus au sein des formes cultiv\u00e9es. Comme les graines fertiles sont rares, la multiplication se fait g\u00e9n\u00e9ralement de mani\u00e8re v\u00e9g\u00e9tative par bouturage.<\/p>\n<p>Cette bouture enracin\u00e9e convient aux collectionneurs de plantes rares et aux amateurs de clones stables et document\u00e9s.<\/p>","protected":false},"excerpt":{"rendered":"<p>Salvia divinorum \u201eWasson\/Hofmann\u201c est une g\u00e9n\u00e9tique classique de collection avec une croissance vigoureuse et de grandes feuilles souples. Tu recevras une bouture enracin\u00e9e de culture europ\u00e9enne - id\u00e9ale pour les amateurs de plantes rares.<\/p>\n<p>\ud83c\udf31 hauteur : environ 20-30 cm<br \/>\n\ud83d\udce6 Exp\u00e9dition en Europe (lundi)<br \/>\n\ud83c\udf3f G\u00e9n\u00e9tique de collection \u00e9prouv\u00e9e<\/p>","protected":false},"featured_media":133098,"comment_status":"open","ping_status":"closed","template":"","meta":[],"product_brand":[],"product_cat":[375,1517,215],"product_tag":[9967,1456,1460,9971,9974,1464,9973,3777,1720,1458,639,3775,9972,9984,1459,640,9980,9977,9975,9983,9979,3457,9978,9985,641,1463,642,1465,9970,9997,9998,9999,10000,644,9991,9992,9996,9986,9989,9988,9994,9995,9993,9990,9987,1461,4764,4765,9976,1462,301,647,9982,9981,9968,1457,648,1532,9969],"class_list":{"0":"post-38051","1":"product","2":"type-product","3":"status-publish","4":"has-post-thumbnail","6":"product_cat-pflanzen","7":"product_cat-rare","8":"product_cat-sale","9":"product_tag-azteken-salbei","10":"product_tag-aztekensalbei","11":"product_tag-blosser","12":"product_tag-diviners-sage","13":"product_tag-entheogen","14":"product_tag-gotter-salbei","15":"product_tag-halluzinogen","16":"product_tag-heilige-pflanze","17":"product_tag-hoffmann","18":"product_tag-hofmann","19":"product_tag-hojas-de-la-pastora","20":"product_tag-indigene-heilpflanze","21":"product_tag-kappa-opioid-rezeptor","22":"product_tag-legal-high","23":"product_tag-luna","24":"product_tag-magic-mint","25":"product_tag-mazateken","26":"product_tag-neoclerodane-diterpen","27":"product_tag-nicht-alkaloidisches-halluzinogen","28":"product_tag-pipiltzintzintli","29":"product_tag-psychedelische-forschung","30":"product_tag-psychoaktive-pflanze","31":"product_tag-psychoaktive-substanz","32":"product_tag-rechtlicher-status","33":"product_tag-sage","34":"product_tag-sage-of-the-diviners","35":"product_tag-sage-of-the-gods","36":"product_tag-sally","37":"product_tag-sally-d","38":"product_tag-salvia-10x","39":"product_tag-salvia-20x","40":"product_tag-salvia-40x","41":"product_tag-salvia-blaetter","42":"product_tag-salvia-divinorum","43":"product_tag-salvia-erfahrungen","44":"product_tag-salvia-extrakt","45":"product_tag-salvia-kauen","46":"product_tag-salvia-kaufen","47":"product_tag-salvia-legal","48":"product_tag-salvia-oesterreich","49":"product_tag-salvia-rauchen","50":"product_tag-salvia-tee","51":"product_tag-salvia-tinktur","52":"product_tag-salvia-verbot","53":"product_tag-salvia-wirkung","54":"product_tag-salvinorin","55":"product_tag-salvinorin-a","56":"product_tag-salvinorin-b","57":"product_tag-salvinorin-f","58":"product_tag-schamanismus","59":"product_tag-shamanism","60":"product_tag-ska-maria-pastora","61":"product_tag-traditionelle-zeremonien","62":"product_tag-visionaere-pflanze","63":"product_tag-wahrsage-salbei","64":"product_tag-wahrsagersalbei","65":"product_tag-wahrsagesalbei","66":"product_tag-wasson","67":"product_tag-zauber-salbei","68":"product_shipping_class-pflanzen","70":"first","71":"instock","72":"sale","73":"featured","74":"taxable","75":"shipping-taxable","76":"product-type-simple"},"_links":{"self":[{"href":"https:\/\/www.gardenshaman.eu\/fr\/wp-json\/wp\/v2\/product\/38051","targetHints":{"allow":["GET"]}}],"collection":[{"href":"https:\/\/www.gardenshaman.eu\/fr\/wp-json\/wp\/v2\/product"}],"about":[{"href":"https:\/\/www.gardenshaman.eu\/fr\/wp-json\/wp\/v2\/types\/product"}],"replies":[{"embeddable":true,"href":"https:\/\/www.gardenshaman.eu\/fr\/wp-json\/wp\/v2\/comments?post=38051"}],"wp:featuredmedia":[{"embeddable":true,"href":"https:\/\/www.gardenshaman.eu\/fr\/wp-json\/wp\/v2\/media\/133098"}],"wp:attachment":[{"href":"https:\/\/www.gardenshaman.eu\/fr\/wp-json\/wp\/v2\/media?parent=38051"}],"wp:term":[{"taxonomy":"product_brand","embeddable":true,"href":"https:\/\/www.gardenshaman.eu\/fr\/wp-json\/wp\/v2\/product_brand?post=38051"},{"taxonomy":"product_cat","embeddable":true,"href":"https:\/\/www.gardenshaman.eu\/fr\/wp-json\/wp\/v2\/product_cat?post=38051"},{"taxonomy":"product_tag","embeddable":true,"href":"https:\/\/www.gardenshaman.eu\/fr\/wp-json\/wp\/v2\/product_tag?post=38051"}],"curies":[{"name":"wp","href":"https:\/\/api.w.org\/{rel}","templated":true}]}}