{"id":9630,"date":"2022-03-11T20:15:44","date_gmt":"2022-03-11T19:15:44","guid":{"rendered":"https:\/\/www.gardenshaman.eu\/newshop\/?post_type=product&#038;p=9630"},"modified":"2025-11-06T12:39:25","modified_gmt":"2025-11-06T11:39:25","slug":"myrrhe-commiphora-myrrha-somalia","status":"publish","type":"product","link":"https:\/\/www.gardenshaman.eu\/es\/product\/mirra-commiphora-myrrha-somalia-2\/","title":{"rendered":"Mirra (Commiphora Myrrha) \/ Somalia"},"content":{"rendered":"<p><span style=\"color: #ff6600;\"><strong>Pa\u00eds de origen:<\/strong><\/span> Somalia<br \/>\n<span style=\"color: #ff6600;\"><strong>Nota:<\/strong><span style=\"color: #000000;\"> 1A calidad, tambi\u00e9n se utiliza para la producci\u00f3n de diversos productos alimenticios<\/span><\/span><\/p>\n<p style=\"padding-left: 30px;\">Puede elegir entre <em>20 &amp; 35g<\/em> elegir. Envasado en bolsas de pl\u00e1stico y papel. Envasado en vidrio a petici\u00f3n (+3\u20ac)<\/p>\n<p><span style=\"color: #ff6600;\"><span style=\"color: #000000;\"><br \/>\n<\/span><\/span><span style=\"color: #ff6600;\"><strong>Informaci\u00f3n sobre Commiphora Myrrha:<\/strong><\/span><\/p>\n<p style=\"padding-left: 30px;\">La mirra es una resina o sustancia similar a la savia que procede de un \u00e1rbol llamado Commiphora myrrha, com\u00fan en \u00c1frica y Oriente Medio. La mirra est\u00e1 emparentada bot\u00e1nicamente con el incienso y es uno de los aceites esenciales m\u00e1s utilizados en el mundo.<\/p>\n<p style=\"padding-left: 30px;\">El mirra se caracteriza por sus flores blancas y su tronco nudoso. A veces, el \u00e1rbol tiene muy pocas hojas debido a las condiciones secas del desierto donde crece. A veces puede adoptar una forma extra\u00f1a y retorcida debido a las inclemencias del tiempo y el viento.<\/p>\n<p style=\"padding-left: 30px;\">Para recolectar la mirra, hay que cortar los troncos de los \u00e1rboles para liberar la resina. La resina se deja secar y empieza a parecer l\u00e1grimas a lo largo del tronco del \u00e1rbol. A continuaci\u00f3n, se recoge la resina y se extrae el aceite esencial de la savia por destilaci\u00f3n al vapor.<\/p>\n<p style=\"padding-left: 30px;\">El aceite de mirra tiene un olor ahumado, dulce o a veces amargo. La palabra mirra procede del \u00e1rabe \"murr\", que significa amargo. El aceite es de color amarillento anaranjado y consistencia viscosa. Se utiliza a menudo como base de perfumes y otras fragancias.<\/p>\n<p style=\"padding-left: 30px;\">El aroma tambi\u00e9n puede utilizarse en mezclas de incienso para a\u00f1adir un elemento terroso al olor general. Tambi\u00e9n se utiliza en diversos perfumes, dent\u00edfricos, lociones y otros art\u00edculos de tocador modernos. La mirra se utilizaba como ung\u00fcento para embalsamar y como incienso en funerales y cremaciones hasta el siglo XV.<\/p>\n<p style=\"padding-left: 30px;\">El \"\u00f3leo sagrado\" utilizado tradicionalmente por la Iglesia Ortodoxa para los sacramentos est\u00e1 perfumado con mirra, y recibir uno de estos sacramentos suele denominarse \"recibir la mirra\". En la medicina china, la mirra se clasifica como amarga, picante, de temperatura neutra e influye en los meridianos del coraz\u00f3n, el h\u00edgado y el bazo.<\/p>\n<p style=\"padding-left: 30px;\">Su uso es similar al del incienso, con el que suele combinarse en decocciones, linimentos e inciensos. La mirra tambi\u00e9n se ha utilizado en el tratamiento de la amenorrea, la dismenorrea, la menopausia y los tumores uterinos, ya que sus propiedades \"agitadoras de la sangre\" pueden eliminar la sangre estancada en el \u00fatero. La mirra tambi\u00e9n se recomienda para el dolor de muelas y puede utilizarse en linimentos para contusiones, dolores y esguinces.<\/p>\n<p>&nbsp;<\/p>\n<p><strong><span style=\"color: #ff6600;\">IMPORTANTE - LEA POR FAVOR:<\/span><\/strong><br \/>\nNo compre este producto si es al\u00e9rgico a alguno de sus ingredientes. <em>al\u00e9rgico<\/em> reaccionar o hacerlo contra la <em>Legislaci\u00f3n de su pa\u00eds<\/em> \u00a1Violado!<\/p>\n<p><!--more--><br \/>\nAntes de comprar\/utilizar este producto, inf\u00f3rmese suficientemente sobre los ingredientes, el efecto, la elaboraci\u00f3n, la legalidad, etc., preferiblemente con su farmac\u00e9utico\/m\u00e9dico de confianza y las autoridades responsables. En caso de confiscaci\u00f3n de este producto en la aduana, lamentablemente no podemos ofrecerle un producto de sustituci\u00f3n.<br \/>\n<strong>No nos hacemos responsables del uso inadecuado de este producto por parte de nuestros clientes. <span style=\"color: #ff0000;\">ninguna responsabilidad<\/span> \u00a1toma el relevo! Toda la informaci\u00f3n sin garant\u00eda. \u00a1Este producto no est\u00e1 destinado al consumo! \u00a1Toda la informaci\u00f3n sobre el producto es s\u00f3lo para fines informativos y no est\u00e1 destinado a fomentar el consumo!<\/strong><\/p>\n<p>&nbsp;<\/p>","protected":false},"excerpt":{"rendered":"<p>Herkunftsland: Somalia Hinweis: 1A-Qualit\u00e4t, wird auch zu Herstellung unterschiedlicher Lebensmittelprodukte verwendet Sie k\u00f6nnen zwischen 20 &amp; 35g w\u00e4hlen. Verpackt in Plastikbeutel &amp; Papier. Auf Wunsch in Glas verpackt (+3\u20ac) Informationen zu Commiphora Myrrha: Myrrhe ist ein Harz oder eine saft\u00e4hnliche Substanz, die von einem Baum namens Commiphora myrrha stammt, der in Afrika und im Nahen [&hellip;]<\/p>\n","protected":false},"featured_media":8967,"comment_status":"open","ping_status":"closed","template":"","meta":[],"product_brand":[],"product_cat":[2403,215],"product_tag":[381,502,382,383,503,504,505,384,385,386],"class_list":{"0":"post-9630","1":"product","2":"type-product","3":"status-publish","4":"has-post-thumbnail","6":"product_cat-raeucherwerk","7":"product_cat-sale","8":"product_tag-al-hojari","9":"product_tag-commiphora","10":"product_tag-harze","11":"product_tag-incense","12":"product_tag-myrrha","13":"product_tag-myrrhe","14":"product_tag-myrri","15":"product_tag-rauchermittel","16":"product_tag-smudge","17":"product_tag-weihrauch","18":"product_shipping_class-pflanzen","20":"first","21":"instock","22":"taxable","23":"shipping-taxable","24":"purchasable","25":"product-type-variable","26":"has-default-attributes"},"_links":{"self":[{"href":"https:\/\/www.gardenshaman.eu\/es\/wp-json\/wp\/v2\/product\/9630","targetHints":{"allow":["GET"]}}],"collection":[{"href":"https:\/\/www.gardenshaman.eu\/es\/wp-json\/wp\/v2\/product"}],"about":[{"href":"https:\/\/www.gardenshaman.eu\/es\/wp-json\/wp\/v2\/types\/product"}],"replies":[{"embeddable":true,"href":"https:\/\/www.gardenshaman.eu\/es\/wp-json\/wp\/v2\/comments?post=9630"}],"wp:featuredmedia":[{"embeddable":true,"href":"https:\/\/www.gardenshaman.eu\/es\/wp-json\/wp\/v2\/media\/8967"}],"wp:attachment":[{"href":"https:\/\/www.gardenshaman.eu\/es\/wp-json\/wp\/v2\/media?parent=9630"}],"wp:term":[{"taxonomy":"product_brand","embeddable":true,"href":"https:\/\/www.gardenshaman.eu\/es\/wp-json\/wp\/v2\/product_brand?post=9630"},{"taxonomy":"product_cat","embeddable":true,"href":"https:\/\/www.gardenshaman.eu\/es\/wp-json\/wp\/v2\/product_cat?post=9630"},{"taxonomy":"product_tag","embeddable":true,"href":"https:\/\/www.gardenshaman.eu\/es\/wp-json\/wp\/v2\/product_tag?post=9630"}],"curies":[{"name":"wp","href":"https:\/\/api.w.org\/{rel}","templated":true}]}}