{"id":95684,"date":"2024-10-18T08:05:03","date_gmt":"2024-10-18T06:05:03","guid":{"rendered":"https:\/\/www.gardenshaman.eu\/?post_type=product&#038;p=95684"},"modified":"2026-03-03T08:50:11","modified_gmt":"2026-03-03T07:50:11","slug":"roter-zentner-kuerbis-rouge-vif-detampes-cucurbita-maxima-samen","status":"publish","type":"product","link":"https:\/\/www.gardenshaman.eu\/es\/product\/roter-zentner-kuerbis-rouge-vif-detampes-cucurbita-maxima\/","title":{"rendered":"Calabaza centner roja \"Rouge vif d'Etampes\" (Cucurbita maxima) - semillas"},"content":{"rendered":"<h2><strong>Calabaza centner roja \"Rouge vif d'Etampes\" (Cucurbita maxima) - semillas<\/strong><\/h2>\n<p><strong>Origen:<\/strong> Austria<br \/>\n<strong>Cosecha: <\/strong>2025<br \/>\n<strong>Periodo de germinaci\u00f3n: <\/strong>aprox. 1-2 semanas<\/p>\n<p>Cada paquete contiene aproximadamente 5 semillas. Mayores cantidades a petici\u00f3n.<\/p>\n<h3>Instrucciones de siembra<\/h3>\n<p>Si desea cultivar semillas de calabaza \"Rouge vif D'Etampes\", debe empezar a sembrarlas a finales de abril o principios de mayo. Plante las semillas en tierra rica en nutrientes, preferiblemente en peque\u00f1as macetas en el interior o en un invernadero. Aseg\u00farese de plantar las semillas a unos 2-3 cm de profundidad. La temperatura ideal para la germinaci\u00f3n es de 20-24\u00b0C. Las primeras pl\u00e1ntulas aparecer\u00e1n al cabo de 7-14 d\u00edas. A partir de mediados de mayo, cuando ya no se esperen heladas, puedes plantar las plantas j\u00f3venes en el exterior. Elija un lugar soleado con suelo rico en humus y bien drenado. Mantenga una distancia de plantaci\u00f3n de unos 1-1,5 metros, ya que la Rouge vif D'Etampes es una planta trepadora.<\/p>\n<h3>Cosecha, uso y almacenamiento<\/h3>\n<p>Los frutos de color rojo vivo de esta calabaza est\u00e1n listos para cosechar a finales del verano o en oto\u00f1o, de septiembre a octubre seg\u00fan el clima. Se reconoce que est\u00e1n maduras cuando la piel est\u00e1 dura y el tallo seco. Corta cuidadosamente la calabaza con un cuchillo afilado, dejando un peque\u00f1o tallo unido. As\u00ed la calabaza se conserva durante m\u00e1s tiempo. Debe guardarse en un lugar fresco y seco. As\u00ed podr\u00e1 conservar su cosecha hasta varios meses. La Rouge vif D'Etampes es ideal para sopas, guisos y platos al horno. Su pulpa arom\u00e1tica y ligeramente dulce tambi\u00e9n es ideal para la tarta de calabaza o las mermeladas.<\/p>\n<h3>Trucos y consejos<\/h3>\n<ul>\n<li>Riegue las plantas con regularidad, pero evite el encharcamiento. El acolchado ayuda a mantener el suelo h\u00famedo.<\/li>\n<li>Puede abonar con abono org\u00e1nico o compost para favorecer la formaci\u00f3n de frutos.<\/li>\n<li>Recorte los zarcillos seg\u00fan sea necesario para controlar el crecimiento y favorecer frutos m\u00e1s grandes.<\/li>\n<\/ul>\n<h3>Merece la pena saberlo<\/h3>\n<p>La calabaza Rouge vif D'Etampes, tambi\u00e9n conocida como calabaza \"Cenicienta\", es una de las variedades de calabaza m\u00e1s antiguas y decorativas. Originaria de Francia, no s\u00f3lo es un regalo para la vista, sino que tambi\u00e9n tiene muchos usos culinarios. Con un peso de hasta 15 kg, puede alcanzar un tama\u00f1o impresionante, lo que garantiza una cosecha abundante.<\/p>\n<p><span style=\"color: #99cc00;\"><strong>Semillas GRATIS con cada pedido \ud83d\ude42 .<\/strong><\/span><\/p>\n<p><span style=\"color: #99cc00;\"><strong><span style=\"color: #ff6600;\">Importante:<\/span><\/strong><\/span><\/p>\n<ul>\n<li><span style=\"color: #99cc00;\"><span style=\"color: #000000;\">A pesar de los constantes controles de calidad (comprobaci\u00f3n de la calidad de germinaci\u00f3n, capacidad de almacenamiento, etc. de las semillas vegetales, etc.). <\/span><span style=\"color: #000000;\">desafortunadamente podemos <\/span><\/span><strong><em>ninguno<\/em> Garant\u00eda<\/strong> en la germinaci\u00f3n de nuestras semillas -demasiados factores diferentes en el contexto del cultivo\/condiciones- pueden impedir una germinaci\u00f3n satisfactoria.<\/li>\n<li>Inf\u00f3rmese de la normativa aplicable en su pa\u00eds ANTES de adquirir este producto. <strong>Leyes<\/strong> y de importaci\u00f3n o si este producto puede ser importado\/utilizado\/cultivado.<\/li>\n<li>Nuestras semillas de plantas son, si est\u00e1n disponibles en su pa\u00eds<strong> Cultivo<\/strong> determinado y permitido, <em>exclusivamente<\/em> destinados al cultivo de plantas.<\/li>\n<li>Puedes encontrar m\u00e1s informaci\u00f3n y directrices en nuestros t\u00e9rminos y condiciones o simplemente enviarnos tus preguntas por correo electr\u00f3nico a: support@gardenshaman.eu \ud83d\ude42 .<\/li>\n<\/ul>","protected":false},"excerpt":{"rendered":"<p>Roter Zentner K\u00fcrbis &#8222;Rouge vif d&#8217;Etampes&#8220; (Cucurbita maxima) &#8211; Samen Herkunft: \u00d6sterreich Ernte: 2025 Keimdauer: ca. 1-2 Wochen Jede Packung enth\u00e4lt ca. 5 Samen! Gr\u00f6\u00dfere Mengen bitte auf Anfrage! Aussaathinweise Wenn Du &#8222;Rouge vif D&#8217;Etampes&#8220; K\u00fcrbissamen anbauen m\u00f6chtest, solltest Du Ende April bis Anfang Mai mit der Aussaat beginnen. Pflanze die Samen in n\u00e4hrstoffreiche Erde, [&hellip;]<\/p>\n","protected":false},"featured_media":95685,"comment_status":"open","ping_status":"closed","template":"","meta":[],"product_brand":[],"product_cat":[4900,4895,233],"product_tag":[8058,8060,8061,7281,8066,6141,5605,8062,8064,8057,5592,8059,8063,8065,8056],"class_list":{"0":"post-95684","1":"product","2":"type-product","3":"status-publish","4":"has-post-thumbnail","6":"product_cat-heilkraeuter","7":"product_cat-obst-gemuese-und-kraeuter","8":"product_cat-samen","9":"product_tag-anbau-kuerbis","10":"product_tag-aussaathinweise-kuerbis","11":"product_tag-kuerbis-erntezeit","12":"product_tag-kuerbis-lagerung","13":"product_tag-kuerbis-pflege","14":"product_tag-kuerbis-pflegen","15":"product_tag-kuerbis-tipps","16":"product_tag-kuerbis-verwendung","17":"product_tag-kuerbisanbau","18":"product_tag-kuerbissamen","19":"product_tag-kuerbissamen-pflanzen","20":"product_tag-kuerbissorten","21":"product_tag-rankende-kuerbissorten","22":"product_tag-rouge-vif-detampes-kaufen","23":"product_tag-rouge-vif-detampes-kuerbis","24":"product_shipping_class-samen","26":"first","27":"instock","28":"taxable","29":"shipping-taxable","30":"purchasable","31":"product-type-simple"},"_links":{"self":[{"href":"https:\/\/www.gardenshaman.eu\/es\/wp-json\/wp\/v2\/product\/95684","targetHints":{"allow":["GET"]}}],"collection":[{"href":"https:\/\/www.gardenshaman.eu\/es\/wp-json\/wp\/v2\/product"}],"about":[{"href":"https:\/\/www.gardenshaman.eu\/es\/wp-json\/wp\/v2\/types\/product"}],"replies":[{"embeddable":true,"href":"https:\/\/www.gardenshaman.eu\/es\/wp-json\/wp\/v2\/comments?post=95684"}],"wp:featuredmedia":[{"embeddable":true,"href":"https:\/\/www.gardenshaman.eu\/es\/wp-json\/wp\/v2\/media\/95685"}],"wp:attachment":[{"href":"https:\/\/www.gardenshaman.eu\/es\/wp-json\/wp\/v2\/media?parent=95684"}],"wp:term":[{"taxonomy":"product_brand","embeddable":true,"href":"https:\/\/www.gardenshaman.eu\/es\/wp-json\/wp\/v2\/product_brand?post=95684"},{"taxonomy":"product_cat","embeddable":true,"href":"https:\/\/www.gardenshaman.eu\/es\/wp-json\/wp\/v2\/product_cat?post=95684"},{"taxonomy":"product_tag","embeddable":true,"href":"https:\/\/www.gardenshaman.eu\/es\/wp-json\/wp\/v2\/product_tag?post=95684"}],"curies":[{"name":"wp","href":"https:\/\/api.w.org\/{rel}","templated":true}]}}