{"id":9567,"date":"2022-03-11T20:15:12","date_gmt":"2022-03-11T19:15:12","guid":{"rendered":"https:\/\/www.gardenshaman.eu\/newshop\/?post_type=product&#038;p=9567"},"modified":"2024-08-20T14:28:48","modified_gmt":"2024-08-20T12:28:48","slug":"kra-thum-na-mitragyna-javanica-samen","status":"publish","type":"product","link":"https:\/\/www.gardenshaman.eu\/es\/product\/kra-thum-na-semillas-de-mitragyna-javanica-2\/","title":{"rendered":"Kra Thum Na (Mitragyna javanica) - Semillas"},"content":{"rendered":"<p><strong>Semillas de Kra Thum Na (Mitragyna javanica)<\/strong><\/p>\n<p style=\"padding-left: 30px;\"><span style=\"color: #ff6600;\"><strong>Origen:<\/strong><\/span> Tailandia<br \/>\n<strong><span style=\"color: #ff6600;\">Cosecha:<\/span><\/strong> Agosto de 2023<br \/>\n<span style=\"color: #ff6600;\"><strong>Periodo de germinaci\u00f3n:\u00a0<\/strong><span style=\"color: #000000;\">aprox. 4-8 semanas<\/span><\/span><\/p>\n<p style=\"padding-left: 30px;\">Puede elegir entre <em>1, 2 y 3 c\u00e1psulas<\/em> (<em>De cientos a miles de semillas por c\u00e1psula<\/em>) \u00a1elige! \u00a1Mayores cantidades a petici\u00f3n!<\/p>\n<p style=\"padding-left: 30px;\"><strong><span style=\"color: #ff6600;\">Instrucciones de cultivo:<br \/>\n<\/span><\/strong><span style=\"color: #000000;\">Las diminutas y a veces dif\u00edciles semillas necesitan luz, calor y humedad para germinar. Si las semillas se secan por completo durante un largo periodo de tiempo, mueren muy r\u00e1pidamente.<\/span><\/p>\n<p style=\"padding-left: 30px;\">Llene las macetas de tierra, roc\u00ede con agua, coloque las semillas en la tierra y roc\u00ede con agua. Si acaso, espolvoree s\u00f3lo una capa muy fina de tierra\/arena. Lo mejor es cubrir las macetas con una l\u00e1mina de pl\u00e1stico y airearlas a diario o mantener la tierra h\u00fameda. Si no, tambi\u00e9n se pueden colocar las macetas en invernaderos de interior adecuados hasta que las semillas hayan germinado y las pl\u00e1ntulas tengan unos cent\u00edmetros de altura. Es importante asegurar un suministro de aire fresco al menos una vez al d\u00eda para prevenir y evitar el moho.<\/p>\n<p style=\"padding-left: 30px;\">A <strong>Kra Thum Na<\/strong> Para germinar con \u00e9xito, necesita calor, luz y humedad suficientes. <strong>Kra Thum Na<\/strong> requiere un clima subtropical para crecer sana y r\u00e1pidamente.<\/p>\n<p style=\"padding-left: 30px;\">Tras la germinaci\u00f3n de las semillas, las pl\u00e1ntulas pueden aclimatarse lentamente al aire m\u00e1s seco del interior o al aire fresco del exterior al cabo de unas semanas.<\/p>\n<p style=\"padding-left: 30px;\">Utilizamos tierra vegetal de alta calidad con suficiente perlita, granulado de arcilla y\/o granulado de piedra volc\u00e1nica para las plantas. Las plantas toleran muy bien el encharcamiento en comparaci\u00f3n con muchas otras especies de plantas. Gracias a su r\u00e1pido crecimiento, tendr\u00e1 que trasplantar m\u00e1s a menudo y alimentar las plantas con nutrientes :-).<\/p>\n<p><span style=\"color: #99cc00;\"><strong>Semillas GRATIS con cada pedido \ud83d\ude42 .<\/strong><\/span><\/p>\n<p>&nbsp;<\/p>\n<p><span style=\"color: #99cc00;\"><strong><span style=\"color: #ff6600;\">Importante:<\/span><\/strong><\/span><\/p>\n<ul>\n<li><span style=\"color: #99cc00;\"><span style=\"color: #000000;\">A pesar de los constantes controles de calidad (comprobaci\u00f3n de la calidad de germinaci\u00f3n, caducidad, etc. de las semillas vegetales, etc.) <\/span><span style=\"color: #000000;\">desafortunadamente podemos <\/span><\/span><strong><em>ninguno<\/em> Garant\u00eda<\/strong> en la germinaci\u00f3n de nuestras semillas -demasiados factores diferentes en el contexto del cultivo\/condiciones- pueden impedir una germinaci\u00f3n satisfactoria.<\/li>\n<li>Inf\u00f3rmese de la normativa aplicable en su pa\u00eds ANTES de adquirir este producto. <strong>Leyes<\/strong> y de importaci\u00f3n o si este producto puede ser importado\/utilizado\/cultivado.<\/li>\n<li>Nuestras semillas de plantas son, si est\u00e1n disponibles en su pa\u00eds para el<strong> Cultivo<\/strong> determinado y permitido, <em>exclusivamente<\/em> destinados al cultivo de plantas.<\/li>\n<li>Para m\u00e1s informaci\u00f3n y directrices, consulta nuestros t\u00e9rminos y condiciones o simplemente env\u00edanos tus preguntas por correo electr\u00f3nico a: support@gardenshaman.eu \ud83d\ude42 .<\/li>\n<\/ul>","protected":false},"excerpt":{"rendered":"<p>Kra Thum Na (Mitragyna javanica) Samen Herkunft: Thailand Ernte: August 2023 Keimdauer:\u00a0ca. 4-8 Wochen Du kannst zwischen 1, 2 und 3 Samenkapseln (hunderte bis tausende Samen pro Samenkapsel) w\u00e4hlen! Gr\u00f6\u00dfere Mengen bitte auf Anfrage! Anzuchtanleitung: Die winzigen und manchmal trickreich anzubauenden Samen ben\u00f6tigen vor allem Licht, W\u00e4rme und Feuchtigkeit zur Keimung. Trocknen die Samen einmal [&hellip;]<\/p>\n","protected":false},"featured_media":19734,"comment_status":"open","ping_status":"closed","template":"","meta":[],"product_brand":[],"product_cat":[1474,1517,215,233],"product_tag":[239,240,241,1546,430,243,244,245,1547,246],"class_list":{"0":"post-9567","1":"product","2":"type-product","3":"status-publish","4":"has-post-thumbnail","6":"product_cat-kratom","7":"product_cat-rare","8":"product_cat-sale","9":"product_cat-samen","10":"product_tag-biak","11":"product_tag-biak-biak","12":"product_tag-gra-tom","13":"product_tag-javanica","14":"product_tag-kra-thum-na","15":"product_tag-kratom","16":"product_tag-krton","17":"product_tag-mabog-oder-mambog","18":"product_tag-mitragyna-javanica-samen","19":"product_tag-mitragyna-speciosa","20":"product_shipping_class-samen","22":"first","23":"outofstock","24":"sale","25":"taxable","26":"shipping-taxable","27":"purchasable","28":"product-type-variable","29":"has-default-attributes"},"_links":{"self":[{"href":"https:\/\/www.gardenshaman.eu\/es\/wp-json\/wp\/v2\/product\/9567","targetHints":{"allow":["GET"]}}],"collection":[{"href":"https:\/\/www.gardenshaman.eu\/es\/wp-json\/wp\/v2\/product"}],"about":[{"href":"https:\/\/www.gardenshaman.eu\/es\/wp-json\/wp\/v2\/types\/product"}],"replies":[{"embeddable":true,"href":"https:\/\/www.gardenshaman.eu\/es\/wp-json\/wp\/v2\/comments?post=9567"}],"wp:featuredmedia":[{"embeddable":true,"href":"https:\/\/www.gardenshaman.eu\/es\/wp-json\/wp\/v2\/media\/19734"}],"wp:attachment":[{"href":"https:\/\/www.gardenshaman.eu\/es\/wp-json\/wp\/v2\/media?parent=9567"}],"wp:term":[{"taxonomy":"product_brand","embeddable":true,"href":"https:\/\/www.gardenshaman.eu\/es\/wp-json\/wp\/v2\/product_brand?post=9567"},{"taxonomy":"product_cat","embeddable":true,"href":"https:\/\/www.gardenshaman.eu\/es\/wp-json\/wp\/v2\/product_cat?post=9567"},{"taxonomy":"product_tag","embeddable":true,"href":"https:\/\/www.gardenshaman.eu\/es\/wp-json\/wp\/v2\/product_tag?post=9567"}],"curies":[{"name":"wp","href":"https:\/\/api.w.org\/{rel}","templated":true}]}}