{"id":90202,"date":"2024-08-28T10:14:49","date_gmt":"2024-08-28T08:14:49","guid":{"rendered":"https:\/\/www.gardenshaman.eu\/?post_type=product&#038;p=90202"},"modified":"2026-04-05T09:32:13","modified_gmt":"2026-04-05T07:32:13","slug":"hopfen-humulus-lupulus-samen","status":"publish","type":"product","link":"https:\/\/www.gardenshaman.eu\/es\/product\/humulus-lupulus\/","title":{"rendered":"L\u00fapulo (Humulus lupulus) - semillas"},"content":{"rendered":"<h2><strong>L\u00fapulo (Humulus lupulus) - semillas<\/strong><\/h2>\n<p><strong>Origen:<\/strong> Austria<br \/>\n<strong>Cosecha:<\/strong> 2025<br \/>\n<strong>Periodo de germinaci\u00f3n:\u00a0<\/strong>aprox. 3 semanas<\/p>\n<p>Cada paquete contiene unas 25 semillas. Mayores cantidades a petici\u00f3n.<\/p>\n<h3>Instrucciones de siembra<\/h3>\n<p>Si quieres cultivar t\u00fa mismo Humulus lupulus, tambi\u00e9n conocido como l\u00fapulo, todo empieza con la siembra. Lo mejor es sembrar las semillas en primavera, en cuanto haya pasado el peligro de heladas. Utiliza tierra rica en nutrientes y bien drenada, y presiona ligeramente las semillas en la superficie sin cubrirlas por completo. Aseg\u00farate de mantener las semillas h\u00famedas con regularidad, pero evita encharcarlas. La germinaci\u00f3n puede requerir cierta paciencia, por lo que deber\u00e1s esperar al menos dos o tres semanas antes de que aparezcan los primeros brotes.<\/p>\n<h3>Cosecha, uso y almacenamiento<\/h3>\n<p>La \u00e9poca de recolecci\u00f3n del l\u00fapulo suele comenzar a finales del verano, cuando los conos est\u00e1n turgentes y arom\u00e1ticos. Se cortan con cuidado y se dejan secar en un lugar aireado y seco. El l\u00fapulo seco es ideal para elaborar cerveza, infusiones o como relajante almohada para dormir. Guarde los conos secos en un recipiente herm\u00e9tico en un lugar fresco y oscuro para conservar el sabor y la potencia.<\/p>\n<h3>Trucos y consejos<\/h3>\n<p>El l\u00fapulo es una planta trepadora, por lo que necesita un soporte estable. Pl\u00e1ntela en un lugar soleado o semisombreado para que crezca con vigor. El riego regular y la aplicaci\u00f3n ocasional de abono favorecen el crecimiento y la formaci\u00f3n de flores. No olvide podar el l\u00fapulo en invierno para dejar sitio a los nuevos brotes del a\u00f1o siguiente.<\/p>\n<h3>Merece la pena saberlo<\/h3>\n<p>El Humulus lupulus no s\u00f3lo es valioso para la producci\u00f3n de cerveza, sino que tambi\u00e9n es una planta medicinal con propiedades calmantes y antiinflamatorias. Adem\u00e1s, el l\u00fapulo es una planta perenne que crece de forma fiable durante muchos a\u00f1os y siempre produce cosechas abundantes.<\/p>\n<p><span style=\"color: #99cc00;\"><strong>Semillas GRATIS con cada pedido \ud83d\ude42 .<\/strong><\/span><\/p>\n<p>&nbsp;<\/p>\n<p><span style=\"color: #99cc00;\"><strong><span style=\"color: #ff6600;\">Importante:<\/span><\/strong><\/span><\/p>\n<ul>\n<li><span style=\"color: #99cc00;\"><span style=\"color: #000000;\">A pesar de los constantes controles de calidad (comprobaci\u00f3n de la calidad de germinaci\u00f3n, capacidad de almacenamiento, etc. de las semillas vegetales, etc.). <\/span><span style=\"color: #000000;\">desafortunadamente podemos <\/span><\/span><strong><em>ninguno<\/em> Garant\u00eda<\/strong> en la germinaci\u00f3n de nuestras semillas -demasiados factores diferentes en el contexto del cultivo\/condiciones- pueden impedir una germinaci\u00f3n satisfactoria.<\/li>\n<li>Inf\u00f3rmese de la normativa aplicable en su pa\u00eds ANTES de adquirir este producto. <strong>Leyes<\/strong> y de importaci\u00f3n o si este producto puede ser importado\/utilizado\/cultivado.<\/li>\n<li>Nuestras semillas de plantas son, si est\u00e1n disponibles en su pa\u00eds<strong> Cultivo<\/strong> determinado y permitido, <em>exclusivamente<\/em> destinados al cultivo de plantas.<\/li>\n<li>Puedes encontrar m\u00e1s informaci\u00f3n y directrices en nuestros t\u00e9rminos y condiciones o simplemente enviarnos tus preguntas por correo electr\u00f3nico a: support@gardenshaman.eu \ud83d\ude42 .<\/li>\n<\/ul>","protected":false},"excerpt":{"rendered":"<p>Hopfen (Humulus lupulus) &#8211; Samen Herkunft: \u00d6sterreich Ernte: 2025 Keimdauer:\u00a0ca. 3 Wochen Jede Packung enth\u00e4lt ca. 25 Samen! Gr\u00f6\u00dfere Mengen bitte auf Anfrage! Aussaathinweise Wenn Du Humulus lupulus, auch als Hopfen bekannt, selbst anbauen m\u00f6chtest, beginnt alles mit der Aussaat. Am besten s\u00e4st Du die Samen im Fr\u00fchjahr aus, sobald die Frostgefahr vorbei ist. Verwende [&hellip;]<\/p>\n","protected":false},"featured_media":90203,"comment_status":"open","ping_status":"closed","template":"","meta":[],"product_brand":[],"product_cat":[4900,1535,4896,4895,4897,233],"product_tag":[6768,6764,6770,6773,6771,6766,6763,6765,6769,6772,6761,6774,6767,6762,6760],"class_list":{"0":"post-90202","1":"product","2":"type-product","3":"status-publish","4":"has-post-thumbnail","6":"product_cat-heilkraeuter","7":"product_cat-vines","8":"product_cat-magisch-und-schamanisch","9":"product_cat-obst-gemuese-und-kraeuter","10":"product_cat-raeucherkraeuter","11":"product_cat-samen","12":"product_tag-hopfen-duengen","13":"product_tag-hopfen-erntezeit","14":"product_tag-hopfen-heilpflanze","15":"product_tag-hopfen-kraeutertee","16":"product_tag-hopfen-lagerung","17":"product_tag-hopfen-rankhilfe","18":"product_tag-hopfen-selbst-anbauen","19":"product_tag-hopfen-trocknen","20":"product_tag-hopfen-zurueckschneiden","21":"product_tag-hopfenbier","22":"product_tag-hopfenpflanze","23":"product_tag-hopfenpflanze-pflege","24":"product_tag-hopfenpflanze-standort","25":"product_tag-hopfensamen","26":"product_tag-humulus-lupulus-anbauen","27":"product_shipping_class-samen","29":"first","30":"instock","31":"taxable","32":"shipping-taxable","33":"purchasable","34":"product-type-simple"},"_links":{"self":[{"href":"https:\/\/www.gardenshaman.eu\/es\/wp-json\/wp\/v2\/product\/90202","targetHints":{"allow":["GET"]}}],"collection":[{"href":"https:\/\/www.gardenshaman.eu\/es\/wp-json\/wp\/v2\/product"}],"about":[{"href":"https:\/\/www.gardenshaman.eu\/es\/wp-json\/wp\/v2\/types\/product"}],"replies":[{"embeddable":true,"href":"https:\/\/www.gardenshaman.eu\/es\/wp-json\/wp\/v2\/comments?post=90202"}],"wp:featuredmedia":[{"embeddable":true,"href":"https:\/\/www.gardenshaman.eu\/es\/wp-json\/wp\/v2\/media\/90203"}],"wp:attachment":[{"href":"https:\/\/www.gardenshaman.eu\/es\/wp-json\/wp\/v2\/media?parent=90202"}],"wp:term":[{"taxonomy":"product_brand","embeddable":true,"href":"https:\/\/www.gardenshaman.eu\/es\/wp-json\/wp\/v2\/product_brand?post=90202"},{"taxonomy":"product_cat","embeddable":true,"href":"https:\/\/www.gardenshaman.eu\/es\/wp-json\/wp\/v2\/product_cat?post=90202"},{"taxonomy":"product_tag","embeddable":true,"href":"https:\/\/www.gardenshaman.eu\/es\/wp-json\/wp\/v2\/product_tag?post=90202"}],"curies":[{"name":"wp","href":"https:\/\/api.w.org\/{rel}","templated":true}]}}