{"id":86486,"date":"2024-08-07T08:20:41","date_gmt":"2024-08-07T06:20:41","guid":{"rendered":"https:\/\/www.gardenshaman.eu\/?post_type=product&#038;p=86486"},"modified":"2025-11-15T13:59:04","modified_gmt":"2025-11-15T12:59:04","slug":"chinesisches-suessholz-gan-cao-glycyrhizza-uralensis-samen","status":"publish","type":"product","link":"https:\/\/www.gardenshaman.eu\/es\/product\/gan-cao-glycyrhizza-uralensis-semillas\/","title":{"rendered":"Regaliz chino, Gan-cao (Glycyrhizza uralensis) - semillas"},"content":{"rendered":"<h2><strong>Regaliz chino, Gan-cao (Glycyrhizza uralensis) - semillas<\/strong><\/h2>\n<p><strong>Origen:<\/strong> China<br \/>\n<strong>Cosecha:<\/strong> 2025<br \/>\n<strong>Periodo de germinaci\u00f3n:\u00a0<\/strong>aprox. 2-4 semanas<\/p>\n<p>Cada paquete contiene unas 25 semillas. Mayores cantidades a petici\u00f3n.<\/p>\n<p><strong>Instrucciones de siembra:<\/strong> \u00bfQuieres cultivar Glycyrrhiza uralensis, m\u00e1s conocida como regaliz chino? Empieza por remojar las semillas en agua templada durante unas 24 horas. A continuaci\u00f3n, pl\u00e1ntalas en tierra bien drenada, a unos 1-2 cm de profundidad. El mejor momento para sembrarlas es en primavera, cuando la temperatura del suelo oscila entre 15 y 20 grados cent\u00edgrados. Mantenga la tierra uniformemente h\u00fameda, pero evite el encharcamiento. Las primeras pl\u00e1ntulas deber\u00edan aparecer al cabo de unas 2-4 semanas.<\/p>\n<p><strong>Trucos y consejos:<\/strong> A la Glycyrrhiza uralensis le encantan los lugares soleados, as\u00ed que elige un lugar con mucha luz solar directa. Para favorecer un crecimiento vigoroso, puedes alimentar las plantas con compost o abono org\u00e1nico. Aseg\u00farate de eliminar las malas hierbas con regularidad para que las plantas j\u00f3venes reciban suficientes nutrientes. Como el regaliz es una planta perenne, conviene protegerla en invierno, sobre todo en las regiones m\u00e1s fr\u00edas. Una poda ligera en oto\u00f1o favorece su crecimiento al a\u00f1o siguiente.<\/p>\n<p><strong>Merece la pena saberlo:<\/strong> La Glycyrrhiza uralensis no s\u00f3lo es conocida por sus ra\u00edces dulces, sino tambi\u00e9n por sus propiedades medicinales. Las ra\u00edces se utilizan a menudo en la medicina tradicional china y se les atribuyen propiedades antiinflamatorias y antivirales. Tambi\u00e9n es una planta valiosa para el jard\u00edn, ya que puede mejorar el suelo. Sus ra\u00edces pueden fijar el nitr\u00f3geno, haciendo el suelo m\u00e1s f\u00e9rtil para otras plantas. Si se tiene paciencia, se pueden cosechar y utilizar las ra\u00edces al cabo de 3-4 a\u00f1os.<\/p>\n<p><span style=\"color: #99cc00;\"><strong>Semillas GRATIS con cada pedido \ud83d\ude42 .<\/strong><\/span><\/p>\n<p>&nbsp;<\/p>\n<p><span style=\"color: #99cc00;\"><strong><span style=\"color: #ff6600;\">Importante:<\/span><\/strong><\/span><\/p>\n<ul>\n<li><span style=\"color: #99cc00;\"><span style=\"color: #000000;\">A pesar de los constantes controles de calidad (comprobaci\u00f3n de la calidad de germinaci\u00f3n, capacidad de almacenamiento, etc. de las semillas vegetales, etc.). <\/span><span style=\"color: #000000;\">desafortunadamente podemos <\/span><\/span><strong><em>ninguno<\/em> Garant\u00eda<\/strong> en la germinaci\u00f3n de nuestras semillas -demasiados factores diferentes en el contexto del cultivo\/condiciones- pueden impedir una germinaci\u00f3n satisfactoria.<\/li>\n<li>Inf\u00f3rmese de la normativa aplicable en su pa\u00eds ANTES de adquirir este producto. <strong>Leyes<\/strong> y de importaci\u00f3n o si este producto puede ser importado\/utilizado\/cultivado.<\/li>\n<li>Nuestras semillas de plantas son, si est\u00e1n disponibles en su pa\u00eds<strong> Cultivo<\/strong> determinado y permitido, <em>exclusivamente<\/em> destinados al cultivo de plantas.<\/li>\n<li>Para m\u00e1s informaci\u00f3n y directrices, consulta nuestros t\u00e9rminos y condiciones o simplemente env\u00edanos tus preguntas por correo electr\u00f3nico a: support@gardenshaman.eu \ud83d\ude42 .<\/li>\n<\/ul>","protected":false},"excerpt":{"rendered":"<p>Chinesisches S\u00fc\u00dfholz, Gan-cao (Glycyrhizza uralensis) &#8211; Samen Herkunft: China Ernte: 2025 Keimdauer:\u00a0ca. 2-4 Wochen Jede Packung enth\u00e4lt ca. 25 Samen! Gr\u00f6\u00dfere Mengen bitte auf Anfrage! Aussaathinweise: Du m\u00f6chtest Glycyrrhiza uralensis, besser bekannt als chinesisches S\u00fc\u00dfholz, anbauen? Beginne damit, die Samen f\u00fcr etwa 24 Stunden in warmem Wasser einzuweichen. Danach pflanzt du sie in gut durchl\u00e4ssige [&hellip;]<\/p>\n","protected":false},"featured_media":86487,"comment_status":"open","ping_status":"closed","template":"","meta":[],"product_brand":[],"product_cat":[4898,4900,4895,233],"product_tag":[6237,6230,6243,6229,6236,6241,6239,6232,6234,6238,6233,6240,6231,6242,6235],"class_list":{"0":"post-86486","1":"product","2":"type-product","3":"status-publish","4":"has-post-thumbnail","6":"product_cat-exotisches","7":"product_cat-heilkraeuter","8":"product_cat-obst-gemuese-und-kraeuter","9":"product_cat-samen","10":"product_tag-chinesisches-suessholz-medizinische-anwendung","11":"product_tag-chinesisches-suessholz-pflanzen","12":"product_tag-chinesisches-suessholz-traditionell","13":"product_tag-glycyrrhiza-uralensis-anbau","14":"product_tag-glycyrrhiza-uralensis-heilpflanze","15":"product_tag-glycyrrhiza-uralensis-keimzeit","16":"product_tag-glycyrrhiza-uralensis-standort","17":"product_tag-glycyrrhiza-uralensis-tipps","18":"product_tag-glycyrrhiza-uralensis-winterschutz","19":"product_tag-suessholz-bodenverbesserung","20":"product_tag-suessholz-gartenpflege","21":"product_tag-suessholz-kompost-duengen","22":"product_tag-suessholz-samen-aussaeen","23":"product_tag-suessholz-unkraut-entfernen","24":"product_tag-suessholz-wurzeln-ernten","25":"product_shipping_class-samen","27":"first","28":"instock","29":"taxable","30":"shipping-taxable","31":"purchasable","32":"product-type-simple"},"_links":{"self":[{"href":"https:\/\/www.gardenshaman.eu\/es\/wp-json\/wp\/v2\/product\/86486","targetHints":{"allow":["GET"]}}],"collection":[{"href":"https:\/\/www.gardenshaman.eu\/es\/wp-json\/wp\/v2\/product"}],"about":[{"href":"https:\/\/www.gardenshaman.eu\/es\/wp-json\/wp\/v2\/types\/product"}],"replies":[{"embeddable":true,"href":"https:\/\/www.gardenshaman.eu\/es\/wp-json\/wp\/v2\/comments?post=86486"}],"wp:featuredmedia":[{"embeddable":true,"href":"https:\/\/www.gardenshaman.eu\/es\/wp-json\/wp\/v2\/media\/86487"}],"wp:attachment":[{"href":"https:\/\/www.gardenshaman.eu\/es\/wp-json\/wp\/v2\/media?parent=86486"}],"wp:term":[{"taxonomy":"product_brand","embeddable":true,"href":"https:\/\/www.gardenshaman.eu\/es\/wp-json\/wp\/v2\/product_brand?post=86486"},{"taxonomy":"product_cat","embeddable":true,"href":"https:\/\/www.gardenshaman.eu\/es\/wp-json\/wp\/v2\/product_cat?post=86486"},{"taxonomy":"product_tag","embeddable":true,"href":"https:\/\/www.gardenshaman.eu\/es\/wp-json\/wp\/v2\/product_tag?post=86486"}],"curies":[{"name":"wp","href":"https:\/\/api.w.org\/{rel}","templated":true}]}}