{"id":68784,"date":"2024-04-17T12:40:29","date_gmt":"2024-04-17T10:40:29","guid":{"rendered":"https:\/\/www.gardenshaman.eu\/?post_type=product&#038;p=68784"},"modified":"2026-01-29T15:40:37","modified_gmt":"2026-01-29T14:40:37","slug":"mastix-thymian-spanischer-waldmajoran-thymus-mastichina-samen","status":"publish","type":"product","link":"https:\/\/www.gardenshaman.eu\/es\/product\/tomillo-lentisco-tomillo-silvestre-espanol-semillas-de-thymus-mastichina\/","title":{"rendered":"Tomillo lentisco (Thymus mastichina) - semillas"},"content":{"rendered":"<h2><strong>Tomillo lentisco (Thymus mastichina) - semillas<\/strong><\/h2>\n<p style=\"padding-left: 30px;\"><span style=\"color: #ff6600;\"><strong>Origen:<\/strong><\/span> Austria<br \/>\n<strong><span style=\"color: #ff6600;\">Cosecha:<\/span><\/strong> 2025<br \/>\n<span style=\"color: #ff6600;\"><strong>Periodo de germinaci\u00f3n:\u00a0<\/strong><span style=\"color: #000000;\">aprox. 2-4 semanas<br \/>\n<\/span><\/span><\/p>\n<p style=\"padding-left: 30px;\">Cada paquete contiene aproximadamente 20 semillas.<\/p>\n<p><strong>Instrucciones de siembra:<\/strong><\/p>\n<p>Para obtener resultados \u00f3ptimos, es importante sembrar las semillas de Thymus mastichina en condiciones adecuadas. He aqu\u00ed algunos pasos que puedes seguir:<\/p>\n<ol>\n<li><strong>Selecci\u00f3n de la ubicaci\u00f3n:<\/strong> Elija un lugar soleado para sus plantas de tomillo lentisco. Estas plantas prefieren un suelo bien drenado y toleran bien la sequ\u00eda.<\/li>\n<li><strong>Preparaci\u00f3n del suelo:<\/strong> Afloje el suelo y elimine las malas hierbas y las piedras. El Thymus mastichina crece mejor en suelos bien drenados y ligeramente \u00e1cidos.<\/li>\n<li><strong>Siembra:<\/strong> Esparza las semillas uniformemente por la zona preparada y c\u00fabralas ligeramente con una fina capa de tierra. Presiona la tierra suavemente para que las semillas tengan un buen contacto con el suelo.<\/li>\n<li><strong>Riego:<\/strong> Mantenga la tierra uniformemente h\u00fameda hasta que germinen las semillas. No obstante, evite regarlas en exceso, ya que podr\u00eda encharcarlas y perjudicar la germinaci\u00f3n.<\/li>\n<li><strong>Germinaci\u00f3n:<\/strong> La germinaci\u00f3n puede variar en funci\u00f3n de las condiciones ambientales y la calidad de las semillas. Tenga paciencia y mantenga constante la humedad del suelo para favorecer la germinaci\u00f3n.<\/li>\n<\/ol>\n<p><strong>Trucos y consejos:<\/strong><\/p>\n<ul>\n<li><strong>Cortando:<\/strong> El tomillo lentisco responde bien a la poda regular. La eliminaci\u00f3n regular de las flores marchitas y los brotes da\u00f1ados favorece un crecimiento compacto y una floraci\u00f3n abundante.<\/li>\n<li><strong>Cuidados de invierno:<\/strong> En regiones con inviernos fr\u00edos, puede ser aconsejable cubrir las plantas con una capa de mantillo para protegerlas de las heladas.<\/li>\n<li><strong>\u00c9poca de cosecha:<\/strong> Las hojas y flores del tomillo lentisco pueden recolectarse durante el periodo de floraci\u00f3n y utilizarse frescas o secas en la cocina o para preparar infusiones.<\/li>\n<\/ul>\n<p><strong>Merece la pena saberlo:<\/strong><\/p>\n<ul>\n<li>El Thymus mastichina, tambi\u00e9n conocido como tomillo lentisco o tomillo espa\u00f1ol, es una planta arom\u00e1tica originaria de las regiones mediterr\u00e1neas.<\/li>\n<li>Las hojas y flores de esta planta tienen un sabor intenso y picante, y se utilizan a menudo en la cocina mediterr\u00e1nea para dar sabor a diversos platos.<\/li>\n<li>El tomillo lentisco tambi\u00e9n es apreciado por sus propiedades medicinales y se utiliza tradicionalmente para aliviar problemas respiratorios y digestivos.<\/li>\n<\/ul>\n<p>&nbsp;<\/p>\n<p><span style=\"color: #99cc00;\"><strong>Semillas GRATIS con cada pedido \ud83d\ude42 .<\/strong><\/span><\/p>\n<p>&nbsp;<\/p>\n<p><span style=\"color: #99cc00;\"><strong><span style=\"color: #ff6600;\">Importante:<\/span><\/strong><\/span><\/p>\n<ul>\n<li><span style=\"color: #99cc00;\"><span style=\"color: #000000;\">A pesar de los constantes controles de calidad (comprobaci\u00f3n de la calidad de germinaci\u00f3n, capacidad de almacenamiento, etc. de las semillas vegetales, etc.). <\/span><span style=\"color: #000000;\">desafortunadamente podemos <\/span><\/span><strong><em>ninguno<\/em> Garant\u00eda<\/strong> en la germinaci\u00f3n de nuestras semillas -demasiados factores diferentes en el contexto del cultivo\/condiciones- pueden impedir una germinaci\u00f3n satisfactoria.<\/li>\n<li>Inf\u00f3rmese de la normativa aplicable en su pa\u00eds ANTES de adquirir este producto. <strong>Leyes<\/strong> y de importaci\u00f3n o si este producto puede ser importado\/utilizado\/cultivado.<\/li>\n<li>Nuestras semillas de plantas son, si est\u00e1n disponibles en su pa\u00eds para el<strong> Cultivo<\/strong> determinado y permitido, <em>exclusivamente<\/em> destinados al cultivo de plantas.<\/li>\n<li>Para m\u00e1s informaci\u00f3n y directrices, consulta nuestros t\u00e9rminos y condiciones o simplemente env\u00edanos tus preguntas por correo electr\u00f3nico a: support@gardenshaman.eu \ud83d\ude42 .<\/li>\n<\/ul>","protected":false},"excerpt":{"rendered":"<p>Mastix-Thymian, Spanischer Waldmajoran (Thymus mastichina) &#8211; Samen Herkunft: \u00d6sterreich Ernte: 2025 Keimdauer:\u00a0ca. 2-4 Wochen Jede Packung enth\u00e4lt ca. 20 Samen! Aussaathinweise: Um optimale Ergebnisse zu erzielen, ist es wichtig, die Thymus mastichina Samen unter geeigneten Bedingungen auszus\u00e4en. Hier sind einige Schritte, die Du befolgen kannst: Auswahl des Standorts: W\u00e4hle einen sonnigen Standort f\u00fcr deine Mastix-Thymian-Pflanzen [&hellip;]<\/p>\n","protected":false},"featured_media":68787,"comment_status":"open","ping_status":"closed","template":"","meta":[],"product_brand":[],"product_cat":[4900,4897,233,4899],"product_tag":[1259,1452,1715,2139,2728,387,2739,2743,2744,2745],"class_list":{"0":"post-68784","1":"product","2":"type-product","3":"status-publish","4":"has-post-thumbnail","6":"product_cat-heilkraeuter","7":"product_cat-raeucherkraeuter","8":"product_cat-samen","9":"product_cat-schoenheiten","10":"product_tag-dekorativ","11":"product_tag-duft","12":"product_tag-duftend","13":"product_tag-heilkraut","14":"product_tag-heilkraeuter","15":"product_tag-heilpflanze","16":"product_tag-homoeopathie","17":"product_tag-mastix","18":"product_tag-thymian","19":"product_tag-thymus","20":"product_shipping_class-samen","22":"first","23":"instock","24":"taxable","25":"shipping-taxable","26":"purchasable","27":"product-type-simple"},"_links":{"self":[{"href":"https:\/\/www.gardenshaman.eu\/es\/wp-json\/wp\/v2\/product\/68784","targetHints":{"allow":["GET"]}}],"collection":[{"href":"https:\/\/www.gardenshaman.eu\/es\/wp-json\/wp\/v2\/product"}],"about":[{"href":"https:\/\/www.gardenshaman.eu\/es\/wp-json\/wp\/v2\/types\/product"}],"replies":[{"embeddable":true,"href":"https:\/\/www.gardenshaman.eu\/es\/wp-json\/wp\/v2\/comments?post=68784"}],"wp:featuredmedia":[{"embeddable":true,"href":"https:\/\/www.gardenshaman.eu\/es\/wp-json\/wp\/v2\/media\/68787"}],"wp:attachment":[{"href":"https:\/\/www.gardenshaman.eu\/es\/wp-json\/wp\/v2\/media?parent=68784"}],"wp:term":[{"taxonomy":"product_brand","embeddable":true,"href":"https:\/\/www.gardenshaman.eu\/es\/wp-json\/wp\/v2\/product_brand?post=68784"},{"taxonomy":"product_cat","embeddable":true,"href":"https:\/\/www.gardenshaman.eu\/es\/wp-json\/wp\/v2\/product_cat?post=68784"},{"taxonomy":"product_tag","embeddable":true,"href":"https:\/\/www.gardenshaman.eu\/es\/wp-json\/wp\/v2\/product_tag?post=68784"}],"curies":[{"name":"wp","href":"https:\/\/api.w.org\/{rel}","templated":true}]}}