{"id":55188,"date":"2024-07-08T13:12:53","date_gmt":"2024-07-08T11:12:53","guid":{"rendered":"https:\/\/www.gardenshaman.eu\/?post_type=product&#038;p=55188"},"modified":"2026-04-01T12:15:57","modified_gmt":"2026-04-01T10:15:57","slug":"schlafmohn-afghan-uk-papaver-somniferum-samen","status":"publish","type":"product","link":"https:\/\/www.gardenshaman.eu\/es\/product\/afghan-uk-papaver-somniferum-semillas\/","title":{"rendered":"Adormidera \"Afghan UK\" (Papaver somniferum) - Semillas"},"content":{"rendered":"<h2><strong>Adormidera \"Afghan UK\" (Papaver somniferum) - Semillas<\/strong><\/h2>\n<p style=\"padding-left: 30px;\"><span style=\"color: #ff6600;\"><strong>Origen:<\/strong><\/span> REINO UNIDO<br \/>\n<strong><span style=\"color: #ff6600;\">Cosecha:<\/span><\/strong> Octubre de 2024<br \/>\n<span style=\"color: #ff6600;\"><strong>Periodo de germinaci\u00f3n:\u00a0<\/strong><span style=\"color: #000000;\">aprox. 2-4 semanas<\/span><\/span><\/p>\n<p style=\"padding-left: 30px;\">Puedes elegir entre aprox.<em> 50 &amp; aprox. 100 semillas individuales<\/em>n \u00a1elige!<\/p>\n<h2>Instrucciones de siembra<\/h2>\n<p>Antes de empezar a cultivar amapolas, es importante crear las condiciones adecuadas para la siembra. Aqu\u00ed tienes algunos consejos de siembra que te ayudar\u00e1n a cultivar amapolas con \u00e9xito:<\/p>\n<ul>\n<li><strong>\u00c9poca de siembra<\/strong>Las amapolas deben sembrarse a principios de primavera o en oto\u00f1o. Elija una \u00e9poca en la que el suelo est\u00e9 bien templado y ya no haya riesgo de heladas.<\/li>\n<li><strong>M\u00e9todo de siembra<\/strong>Afloja bien la tierra y esparce las semillas de amapola uniformemente por la zona preparada. Presiona ligeramente las semillas contra la tierra y c\u00fabrelas ligeramente con tierra.<\/li>\n<li><strong>Luz y ubicaci\u00f3n<\/strong>Las semillas de amapola necesitan luz para germinar. Aseg\u00farate de colocarlas en un lugar soleado donde reciban al menos 6 horas de luz solar directa al d\u00eda.<\/li>\n<li><strong>Suelo y riego<\/strong>Las amapolas crecen mejor en suelos bien drenados. Mantenga el suelo uniformemente h\u00famedo, especialmente durante la germinaci\u00f3n y los periodos secos.<\/li>\n<\/ul>\n<h2>Trucos y consejos<\/h2>\n<p>Adem\u00e1s de las instrucciones de siembra correctas, el cultivo con \u00e9xito de las amapolas tambi\u00e9n requiere algunos consejos y trucos para obtener plantas sanas:<\/p>\n<ul>\n<li><strong>Control de las malas hierbas<\/strong>Mantenga bajo control las malas hierbas alrededor de sus plantas de amapola, ya que las amapolas no soportan bien la competencia.<\/li>\n<li><strong>Riego econ\u00f3mico<\/strong>Aunque las amapolas deben regarse con regularidad durante la germinaci\u00f3n y el crecimiento temprano, es importante reducir el riego durante el periodo de floraci\u00f3n para evitar el moho y las enfermedades f\u00fangicas.<\/li>\n<li><strong>Tiempo de cosecha<\/strong>Cuando las c\u00e1psulas de adormidera est\u00e1n secas y maduras, se pueden recoger las semillas. Corta las c\u00e1psulas y d\u00e9jalas madurar en un lugar seco antes de recoger las semillas.<\/li>\n<\/ul>\n<h2>Merece la pena saberlo<\/h2>\n<p>Por \u00faltimo, algunos datos que merece la pena conocer sobre las amapolas:<\/p>\n<ul>\n<li><strong>Uso vers\u00e1til<\/strong>Semillas de amapola : Las amapolas no s\u00f3lo se cultivan por sus delicadas flores, sino tambi\u00e9n por sus semillas. Las semillas de amapola se utilizan en la cocina para elaborar productos de panader\u00eda, reposter\u00eda y otras delicias culinarias.<\/li>\n<li><strong>Antecedentes hist\u00f3ricos<\/strong>La amapola tiene una larga historia y es conocida en diversas culturas como s\u00edmbolo del sue\u00f1o, la memoria y el luto.<\/li>\n<li><strong>Variedad de colores<\/strong>Las amapolas est\u00e1n disponibles en varios colores: rojo, rosa, naranja, blanco y morado. Aportan un encanto m\u00e1gico y pintoresco a jardines y paisajes.<\/li>\n<\/ul>\n<p>Cultivar amapolas puede ser una experiencia enriquecedora, ya sea por la belleza de sus flores o por la cosecha de sus valiosas semillas. Con las instrucciones de siembra adecuadas, consejos y trucos, as\u00ed como informaci\u00f3n \u00fatil, estar\u00e1s bien equipado para cultivar amapolas con \u00e9xito.<\/p>\n<p>&nbsp;<\/p>\n<p><span style=\"color: #99cc00;\"><strong>Semillas GRATIS con cada pedido \ud83d\ude42 .<\/strong><\/span><\/p>\n<p>&nbsp;<\/p>\n<p><span style=\"color: #99cc00;\"><strong><span style=\"color: #ff6600;\">Importante:<\/span><\/strong><\/span><\/p>\n<ul>\n<li><span style=\"color: #99cc00;\"><span style=\"color: #000000;\">A pesar de los constantes controles de calidad (comprobaci\u00f3n de la calidad de germinaci\u00f3n, capacidad de almacenamiento, etc. de las semillas vegetales, etc.). <\/span><span style=\"color: #000000;\">desafortunadamente podemos <\/span><\/span><strong><em>ninguno<\/em> Garant\u00eda<\/strong> en la germinaci\u00f3n de nuestras semillas -demasiados factores diferentes en el contexto del cultivo\/condiciones- pueden impedir una germinaci\u00f3n satisfactoria.<\/li>\n<li>Inf\u00f3rmese de la normativa aplicable en su pa\u00eds ANTES de adquirir este producto. <strong>Leyes<\/strong> y de importaci\u00f3n o si este producto puede ser importado\/utilizado\/cultivado.<\/li>\n<li>Nuestras semillas de plantas son, si est\u00e1n disponibles en su pa\u00eds para el<strong> Cultivo<\/strong> determinado y permitido, <em>exclusivamente<\/em> destinados al cultivo de plantas.<\/li>\n<li>Para m\u00e1s informaci\u00f3n y directrices, consulta nuestros t\u00e9rminos y condiciones o simplemente env\u00edanos tus preguntas por correo electr\u00f3nico a: support@gardenshaman.eu \ud83d\ude42 .<\/li>\n<\/ul>","protected":false},"excerpt":{"rendered":"<p>Schlafmohn &#8222;Afghan UK&#8220; (Papaver somniferum) &#8211; Samen Herkunft: UK Ernte: Oktober 2024 Keimdauer:\u00a0ca. 2-4 Wochen Du kannst zwischen ca. 50 &amp; ca. 100 Einzelsamen w\u00e4hlen! Aussaathinweise Bevor du mit dem Anbau von Mohn beginnst, ist es wichtig, die richtigen Bedingungen f\u00fcr die Aussaat zu schaffen. Hier sind einige Aussaathinweise, die dir helfen, erfolgreich Mohn anzubauen: [&hellip;]<\/p>\n","protected":false},"featured_media":55192,"comment_status":"open","ping_status":"closed","template":"","meta":[],"product_brand":[],"product_cat":[4900,4896,233,4899],"product_tag":[2176,1985,1025,1026,1027,1986,2011,2012,1028,1029,1030,1031,1044,1032,1033,1034,1035],"class_list":{"0":"post-55188","1":"product","2":"type-product","3":"status-publish","4":"has-post-thumbnail","6":"product_cat-heilkraeuter","7":"product_cat-magisch-und-schamanisch","8":"product_cat-samen","9":"product_cat-schoenheiten","10":"product_tag-afghan-uk","11":"product_tag-blau","12":"product_tag-bread-poppy","13":"product_tag-echter-mohn","14":"product_tag-gartenmohn","15":"product_tag-hungarian-blue","16":"product_tag-jims-flag","17":"product_tag-jimis-flag","18":"product_tag-lichtschuppen","19":"product_tag-opiummohn","20":"product_tag-papaver","21":"product_tag-papaver-somniferum","22":"product_tag-peshawar","23":"product_tag-poppies","24":"product_tag-poppy","25":"product_tag-schlafmohn","26":"product_tag-somniferum","27":"product_shipping_class-samen","29":"first","30":"instock","31":"sale","32":"taxable","33":"shipping-taxable","34":"purchasable","35":"product-type-variable","36":"has-default-attributes"},"_links":{"self":[{"href":"https:\/\/www.gardenshaman.eu\/es\/wp-json\/wp\/v2\/product\/55188","targetHints":{"allow":["GET"]}}],"collection":[{"href":"https:\/\/www.gardenshaman.eu\/es\/wp-json\/wp\/v2\/product"}],"about":[{"href":"https:\/\/www.gardenshaman.eu\/es\/wp-json\/wp\/v2\/types\/product"}],"replies":[{"embeddable":true,"href":"https:\/\/www.gardenshaman.eu\/es\/wp-json\/wp\/v2\/comments?post=55188"}],"wp:featuredmedia":[{"embeddable":true,"href":"https:\/\/www.gardenshaman.eu\/es\/wp-json\/wp\/v2\/media\/55192"}],"wp:attachment":[{"href":"https:\/\/www.gardenshaman.eu\/es\/wp-json\/wp\/v2\/media?parent=55188"}],"wp:term":[{"taxonomy":"product_brand","embeddable":true,"href":"https:\/\/www.gardenshaman.eu\/es\/wp-json\/wp\/v2\/product_brand?post=55188"},{"taxonomy":"product_cat","embeddable":true,"href":"https:\/\/www.gardenshaman.eu\/es\/wp-json\/wp\/v2\/product_cat?post=55188"},{"taxonomy":"product_tag","embeddable":true,"href":"https:\/\/www.gardenshaman.eu\/es\/wp-json\/wp\/v2\/product_tag?post=55188"}],"curies":[{"name":"wp","href":"https:\/\/api.w.org\/{rel}","templated":true}]}}