{"id":184648,"date":"2025-11-12T14:58:38","date_gmt":"2025-11-12T13:58:38","guid":{"rendered":"https:\/\/www.gardenshaman.eu\/?post_type=product&#038;p=184648"},"modified":"2026-03-17T10:53:25","modified_gmt":"2026-03-17T09:53:25","slug":"arequipa-variegata-x-cajamarca-ultimate-cross-raritaet","status":"publish","type":"product","link":"https:\/\/www.gardenshaman.eu\/es\/product\/arequipa-variegata-x-cajamarca\/","title":{"rendered":"\ud83c\udf35\ud83d\udc8e Arequipa variegata x Cajamarca \u2013 Cruce definitivo. \u00a1Una rareza!"},"content":{"rendered":"<h3>\ud83c\udf35 Ogun x Cajamarca - Ultimate Cross. \u00a1Rareza!<\/h3>\n<p><span style=\"color: #ff6600;\"><strong>Origen:<\/strong><\/span> Tenerife<br \/>\n<strong><span style=\"color: #ff6600;\">Cosecha:<\/span><\/strong> 2025<br \/>\n<span style=\"color: #ff6600;\"><strong>Periodo de germinaci\u00f3n:\u00a0<\/strong><span style=\"color: #000000;\">aprox. 1-4 semanas<\/span><\/span><\/p>\n<p style=\"padding-left: 30px;\">Puedes elegir entre aprox.<em> 10 &amp; aprox. 30 semillas individuales<\/em>n \u00a1elige!<\/p>\n<p>&nbsp;<\/p>\n<p><strong>Instrucciones de siembra<\/strong><\/p>\n<p>Si quieres cultivar semillas de Trichocereus, tambi\u00e9n conocidas como Echinopsis, est\u00e1s en el buen camino para cultivar cactus robustos e impresionantes. Estas plantas son conocidas por sus grandes y vistosas flores y su resistencia. Aqu\u00ed tienes algunos consejos para sembrar semillas de Trichocereus:<\/p>\n<ol>\n<li><strong>Elija la ubicaci\u00f3n adecuada:<\/strong> El Trichocereus prefiere un lugar soleado con un suelo bien drenado. Un sustrato para cactus es ideal, ya que est\u00e1 especialmente adaptado a las necesidades de estas plantas.<\/li>\n<li><strong>Preparaci\u00f3n del suelo:<\/strong> Rellene las macetas o bandejas con sustrato para cactus. Aseg\u00farese de que la tierra est\u00e9 ligeramente h\u00fameda, pero no empapada.<\/li>\n<li><strong>\u00c9poca de siembra:<\/strong> La mejor \u00e9poca para sembrar las semillas de Trichocereus es en primavera o a principios de verano. Espolvoree las semillas sobre la superficie del sustrato y presi\u00f3nelas ligeramente, pero no las cubra con tierra.<\/li>\n<li><strong>Germinaci\u00f3n y cuidados:<\/strong> Cubra la bandeja de semillas con una tapa de pl\u00e1stico transparente o un plato de cristal para crear un microclima h\u00famedo. Mant\u00e9n el sustrato uniformemente h\u00famedo y coloca la bandeja en un lugar c\u00e1lido y luminoso, pero no a la luz directa del sol.<\/li>\n<\/ol>\n<p><strong>Trucos y consejos<\/strong><\/p>\n<ul>\n<li><strong>Control de temperatura:<\/strong> Las semillas de Trichocereus germinan mejor a temperaturas entre 20 y 25 \u00b0C. Si es necesario, utilice una esterilla calefactora para garantizar temperaturas constantes.<\/li>\n<li><strong>Ventilaci\u00f3n:<\/strong> Ventila la cubierta con regularidad para evitar la aparici\u00f3n de moho y garantizar una buena circulaci\u00f3n del aire.<\/li>\n<li><strong>Trasplante:<\/strong> En cuanto las pl\u00e1ntulas crezcan lo suficiente, pueden trasplantarse a macetas individuales. Una vez m\u00e1s, utilice un sustrato para cactus bien drenado.<\/li>\n<\/ul>\n<p><strong>Merece la pena saberlo<\/strong><\/p>\n<ul>\n<li>Trichocereus, tambi\u00e9n conocido como Echinopsis, es un g\u00e9nero de cactus originario de Sudam\u00e9rica. Son conocidos por sus impresionantes flores, a menudo nocturnas, que pueden ser de muchos colores.<\/li>\n<li>Estos cactus no s\u00f3lo son populares por su belleza, sino tambi\u00e9n por su adaptabilidad y facilidad de cuidado. Son plantas ideales para alf\u00e9izares soleados o zonas de jard\u00edn secas.<\/li>\n<li>Es importante tener en cuenta que algunas especies de Trichocereus contienen alcaloides psicoactivos. Inf\u00f3rmate sobre las propiedades espec\u00edficas de la especie que quieras cultivar y respeta la normativa legal de tu regi\u00f3n.<\/li>\n<\/ul>\n<p><span style=\"color: #99cc00;\"><strong>Semillas GRATIS con cada pedido \ud83d\ude42 .<\/strong><\/span><\/p>\n<p>&nbsp;<\/p>\n<p><span style=\"color: #99cc00;\"><strong><span style=\"color: #ff6600;\">Importante:<\/span><\/strong><\/span><\/p>\n<ul>\n<li><span style=\"color: #99cc00;\"><span style=\"color: #000000;\">A pesar de los constantes controles de calidad (comprobaci\u00f3n de la calidad de germinaci\u00f3n, capacidad de almacenamiento, etc. de las semillas vegetales, etc.). <\/span><span style=\"color: #000000;\">desafortunadamente podemos <\/span><\/span><strong><em>ninguno<\/em> Garant\u00eda<\/strong> en la germinaci\u00f3n de nuestras semillas -demasiados factores diferentes en el contexto del cultivo\/condiciones- pueden impedir una germinaci\u00f3n satisfactoria.<\/li>\n<li>Inf\u00f3rmese de la normativa aplicable en su pa\u00eds ANTES de adquirir este producto. <strong>Leyes<\/strong> y de importaci\u00f3n o si este producto puede ser importado\/utilizado\/cultivado.<\/li>\n<li>Nuestras semillas de plantas son, si est\u00e1n disponibles en su pa\u00eds para el<strong> Cultivo<\/strong> determinado y permitido, <em>exclusivamente<\/em> destinados al cultivo de plantas.<\/li>\n<li>Para m\u00e1s informaci\u00f3n y directrices, consulta nuestros t\u00e9rminos y condiciones o simplemente env\u00edanos tus preguntas por correo electr\u00f3nico a: support@gardenshaman.eu \ud83d\ude42 .<\/li>\n<\/ul>","protected":false},"excerpt":{"rendered":"<p>\ud83c\udf35 Ogun x Cajamarca &#8211; Ultimate Cross. Rarit\u00e4t! Herkunft: Teneriffa Ernte: 2025 Keimdauer:\u00a0ca. 1-4 Wochen Du kannst zwischen ca. 10 &amp; ca. 30 Einzelsamen w\u00e4hlen! &nbsp; Aussaathinweise Wenn du Trichocereus-Samen, auch bekannt als Echinopsis, anbauen m\u00f6chtest, bist du auf dem Weg, robuste und beeindruckende Kakteen zu kultivieren. Diese Pflanzen sind bekannt f\u00fcr ihre gro\u00dfen, auff\u00e4lligen [&hellip;]<\/p>\n","protected":false},"featured_media":184651,"comment_status":"open","ping_status":"closed","template":"","meta":[],"product_brand":[],"product_cat":[313,4896,1517,233],"product_tag":[9758,10718,9757,10636,5119,216,5050,5118,7268,219,10638,220,316,221,230,320,5115,222,1779,1777,5055,10639,5059,5052,5051,10637,862],"class_list":{"0":"post-184648","1":"product","2":"type-product","3":"status-publish","4":"has-post-thumbnail","6":"product_cat-kakteen-sukkulenten","7":"product_cat-magisch-und-schamanisch","8":"product_cat-rare","9":"product_cat-samen","10":"product_tag-arequipa","11":"product_tag-arequipa-variegata","12":"product_tag-blue-monster","13":"product_tag-cajamarca","14":"product_tag-dba-jerry","15":"product_tag-echinopsis","16":"product_tag-echinopsis-subdenutada","17":"product_tag-jerry","18":"product_tag-ogun","19":"product_tag-pachanoi","20":"product_tag-panaschiert","21":"product_tag-peru","22":"product_tag-peruviana","23":"product_tag-peruvianus","24":"product_tag-peyote","25":"product_tag-picchu","26":"product_tag-psycho0","27":"product_tag-san-pedro","28":"product_tag-scop","29":"product_tag-scopulicola","30":"product_tag-tbm","31":"product_tag-top","32":"product_tag-trichocereus-bridgesii-monstrose","33":"product_tag-variegata","34":"product_tag-variegated","35":"product_tag-variegation","36":"product_tag-zorro","37":"product_shipping_class-samen","39":"first","40":"instock","41":"sale","42":"taxable","43":"shipping-taxable","44":"purchasable","45":"product-type-variable","46":"has-default-attributes"},"_links":{"self":[{"href":"https:\/\/www.gardenshaman.eu\/es\/wp-json\/wp\/v2\/product\/184648","targetHints":{"allow":["GET"]}}],"collection":[{"href":"https:\/\/www.gardenshaman.eu\/es\/wp-json\/wp\/v2\/product"}],"about":[{"href":"https:\/\/www.gardenshaman.eu\/es\/wp-json\/wp\/v2\/types\/product"}],"replies":[{"embeddable":true,"href":"https:\/\/www.gardenshaman.eu\/es\/wp-json\/wp\/v2\/comments?post=184648"}],"wp:featuredmedia":[{"embeddable":true,"href":"https:\/\/www.gardenshaman.eu\/es\/wp-json\/wp\/v2\/media\/184651"}],"wp:attachment":[{"href":"https:\/\/www.gardenshaman.eu\/es\/wp-json\/wp\/v2\/media?parent=184648"}],"wp:term":[{"taxonomy":"product_brand","embeddable":true,"href":"https:\/\/www.gardenshaman.eu\/es\/wp-json\/wp\/v2\/product_brand?post=184648"},{"taxonomy":"product_cat","embeddable":true,"href":"https:\/\/www.gardenshaman.eu\/es\/wp-json\/wp\/v2\/product_cat?post=184648"},{"taxonomy":"product_tag","embeddable":true,"href":"https:\/\/www.gardenshaman.eu\/es\/wp-json\/wp\/v2\/product_tag?post=184648"}],"curies":[{"name":"wp","href":"https:\/\/api.w.org\/{rel}","templated":true}]}}