{"id":10007,"date":"2022-03-12T08:16:04","date_gmt":"2022-03-12T07:16:04","guid":{"rendered":"https:\/\/www.gardenshaman.eu\/newshop\/?post_type=product&#038;p=10007"},"modified":"2024-08-20T14:28:31","modified_gmt":"2024-08-20T12:28:31","slug":"gotu-kola-centella-asiatica-indischer-wassernabel-asiatischer-wassernabel-tigergras","status":"publish","type":"product","link":"https:\/\/www.gardenshaman.eu\/es\/product\/gotu-kola-centella-asiatica-centella-asiatica-hierba-del-tigre\/","title":{"rendered":"Gotu Kola (Centella asi\u00e1tica), Centella asi\u00e1tica, Centella asi\u00e1tica, Hierba del tigre"},"content":{"rendered":"<p><strong>Gotu Kola (Centella asiatica) Centella asi\u00e1tica, centella asi\u00e1tica, hierba tigre semillas<br \/>\n<\/strong><\/p>\n<p><span style=\"color: #ff6600;\"><strong>Origen:<\/strong><\/span> Espa\u00f1a<br \/>\n<strong><span style=\"color: #ff6600;\">Cosecha:<\/span><\/strong> 2023<br \/>\n<span style=\"color: #ff6600;\"><strong>Periodo de germinaci\u00f3n:\u00a0<\/strong><span style=\"color: #000000;\">aprox. 4-8 semanas<\/span><\/span><\/p>\n<p style=\"padding-left: 30px;\">Puede elegir entre <em>Seleccione 10 y 20 semillas. <\/em>Mayores cantidades a petici\u00f3n.<\/p>\n<p><strong><span style=\"color: #ff6600;\">Instrucciones de cultivo:<\/span><\/strong><\/p>\n<p style=\"padding-left: 30px;\">Estas semillas son de germinaci\u00f3n ligera, por lo que s\u00f3lo es necesario cubrirlas muy finamente o no cubrirlas en absoluto con tierra si se quiere que germinen.<\/p>\n<p style=\"padding-left: 30px;\">La germinaci\u00f3n de las semillas puede mejorarse remoj\u00e1ndolas previamente en agua durante 24-48 horas.<\/p>\n<p style=\"padding-left: 30px;\">Rellene las macetas con abono para macetas, roc\u00ede con agua, coloque las semillas en la tierra, presione ligeramente, cubra s\u00f3lo muy finamente con tierra y roc\u00ede con agua. Lo mejor es cubrir las macetas con pl\u00e1stico y ventilarlas a diario o mantener la tierra h\u00fameda. Si no, tambi\u00e9n se pueden colocar las macetas en propagadores adecuados hasta que las semillas hayan germinado y las pl\u00e1ntulas tengan unos cent\u00edmetros de altura. Es importante asegurar un suministro de aire fresco al menos una vez al d\u00eda para prevenir y evitar el moho. Evite a toda costa los encharcamientos.<\/p>\n<p style=\"padding-left: 30px;\">Necesita pleno sol en el exterior, un suelo con buen drenaje (por ejemplo, una mezcla con tierra para cactus) y un buen abonado.<\/p>\n<p style=\"padding-left: 30px;\">Tras la germinaci\u00f3n de las semillas, las pl\u00e1ntulas pueden aclimatarse lentamente al aire m\u00e1s seco del interior o al aire fresco del exterior al cabo de unas semanas.<\/p>\n<p>\u00a0\u00a0\u00a0\u00a0\u00a0\u00a0 Las plantas deben mantenerse secas y frescas durante el invierno en macetas.<\/p>\n<p style=\"padding-left: 30px;\">Utilizamos tierra vegetal de alta calidad con suficiente perlita, granulado de arcilla y\/o granulado de piedra volc\u00e1nica para las plantas.<\/p>\n<p><span style=\"color: #99cc00;\"><strong>Semillas GRATIS con cada pedido \ud83d\ude42 .<\/strong><\/span><\/p>\n<p>&nbsp;<\/p>\n<p><span style=\"color: #99cc00;\"><strong><span style=\"color: #ff6600;\">Importante:<\/span><\/strong><\/span><\/p>\n<ul>\n<li><span style=\"color: #99cc00;\"><span style=\"color: #000000;\">A pesar de los constantes controles de calidad (comprobaci\u00f3n de la calidad de germinaci\u00f3n, capacidad de almacenamiento, etc. de las semillas vegetales, etc.). <\/span><span style=\"color: #000000;\">desafortunadamente podemos <\/span><\/span><strong><em>ninguno<\/em> Garant\u00eda<\/strong> en la germinaci\u00f3n de nuestras semillas -demasiados factores diferentes en el contexto del cultivo\/condiciones- pueden impedir una germinaci\u00f3n satisfactoria.<\/li>\n<li>Inf\u00f3rmese de la normativa aplicable en su pa\u00eds ANTES de adquirir este producto. <strong>Leyes<\/strong> y de importaci\u00f3n o si este producto puede ser importado\/utilizado\/cultivado.<\/li>\n<li>Nuestras semillas de plantas son, si est\u00e1n disponibles en su pa\u00eds para el<strong> Cultivo<\/strong> determinado y permitido, <em>exclusivamente<\/em> destinados al cultivo de plantas.<\/li>\n<li>Para m\u00e1s informaci\u00f3n y directrices, consulta nuestros t\u00e9rminos y condiciones o simplemente env\u00edanos tus preguntas por correo electr\u00f3nico a: support@gardenshaman.eu \ud83d\ude42 .<\/li>\n<\/ul>","protected":false},"excerpt":{"rendered":"<p>Gotu Kola (Centella asiatica) Indischer Wassernabel, Asiatischer Wassernabel, Tigergras Samen Herkunft: Spanien Ernte: 2023 Keimdauer:\u00a0ca. 4-8 Wochen Du kannst zwischen 10 und 20 Samen w\u00e4hlen. Gr\u00f6\u00dfere Mengen bitte auf Anfrage! Anzuchtanleitung: Diese Samen z\u00e4hlen zu den Lichtkeimern, weshalb sie nur sehr d\u00fcnn bis gar nicht mit Erde bedeckt werden m\u00fcssen, wenn man sie keimen lassen [&hellip;]<\/p>\n","protected":false},"featured_media":10031,"comment_status":"open","ping_status":"closed","template":"","meta":[],"product_brand":[],"product_cat":[215,233],"product_tag":[809,810,811,812,813,814,815,816],"class_list":{"0":"post-10007","1":"product","2":"type-product","3":"status-publish","4":"has-post-thumbnail","6":"product_cat-sale","7":"product_cat-samen","8":"product_tag-asiatica","9":"product_tag-brahmi","10":"product_tag-centella","11":"product_tag-glyceria","12":"product_tag-gotu-kola","13":"product_tag-indischer-wassernabel","14":"product_tag-tigergras","15":"product_tag-triflorahydrocotyle","16":"product_shipping_class-samen","18":"first","19":"outofstock","20":"taxable","21":"shipping-taxable","22":"purchasable","23":"product-type-variable","24":"has-default-attributes"},"_links":{"self":[{"href":"https:\/\/www.gardenshaman.eu\/es\/wp-json\/wp\/v2\/product\/10007","targetHints":{"allow":["GET"]}}],"collection":[{"href":"https:\/\/www.gardenshaman.eu\/es\/wp-json\/wp\/v2\/product"}],"about":[{"href":"https:\/\/www.gardenshaman.eu\/es\/wp-json\/wp\/v2\/types\/product"}],"replies":[{"embeddable":true,"href":"https:\/\/www.gardenshaman.eu\/es\/wp-json\/wp\/v2\/comments?post=10007"}],"wp:featuredmedia":[{"embeddable":true,"href":"https:\/\/www.gardenshaman.eu\/es\/wp-json\/wp\/v2\/media\/10031"}],"wp:attachment":[{"href":"https:\/\/www.gardenshaman.eu\/es\/wp-json\/wp\/v2\/media?parent=10007"}],"wp:term":[{"taxonomy":"product_brand","embeddable":true,"href":"https:\/\/www.gardenshaman.eu\/es\/wp-json\/wp\/v2\/product_brand?post=10007"},{"taxonomy":"product_cat","embeddable":true,"href":"https:\/\/www.gardenshaman.eu\/es\/wp-json\/wp\/v2\/product_cat?post=10007"},{"taxonomy":"product_tag","embeddable":true,"href":"https:\/\/www.gardenshaman.eu\/es\/wp-json\/wp\/v2\/product_tag?post=10007"}],"curies":[{"name":"wp","href":"https:\/\/api.w.org\/{rel}","templated":true}]}}