{"id":9549,"date":"2022-03-11T20:15:11","date_gmt":"2022-03-11T19:15:11","guid":{"rendered":"https:\/\/www.gardenshaman.eu\/newshop\/?post_type=product&#038;p=9549"},"modified":"2026-03-17T03:55:30","modified_gmt":"2026-03-17T02:55:30","slug":"gelbe-tollkirsche-atropa-belladonna-var-lutea-samen","status":"publish","type":"product","link":"https:\/\/www.gardenshaman.eu\/en\/product\/yellow-belladonna-atropa-belladonna-var-lutea-seeds\/","title":{"rendered":"Yellow Belladonna (Atropa belladonna var. \"Lutea\") Seeds"},"content":{"rendered":"<p><strong>Yellow Belladonna (Atropa belladonna var. \"Lutea\") Seeds<\/strong><\/p>\n<p style=\"padding-left: 30px;\"><span style=\"color: #ff6600;\"><strong>Origin:<\/strong><\/span> Germany, from home-grown plants<br \/>\n<strong><span style=\"color: #ff6600;\">Harvest:<\/span><\/strong> August 2025<br \/>\n<span style=\"color: #ff6600;\"><strong>Germination period:\u00a0<\/strong><span style=\"color: #000000;\">approx. 2-3 weeks<br \/>\n<strong><span style=\"color: #ff6600;\">Strain:<\/span><\/strong> var. Lutea<br \/>\n<\/span><\/span><\/p>\n<p style=\"padding-left: 30px;\">You can choose between approx.<em> 100 &amp; approx. 200 individual seeds<\/em>n choose!<\/p>\n<p style=\"padding-left: 30px;\"><strong><span style=\"color: #ff6600;\">Growing instructions:<br \/>\n<\/span><\/strong><span style=\"color: #000000;\">These seeds are among the light germinators, which is why they should not be covered with soil, or only very thinly, if you want them to germinate.<br \/>\n<\/span><\/p>\n<p style=\"padding-left: 30px;\">Fill growing pots with growing soil, spray with water, place the seeds on the soil and sprinkle with water. If at all, sprinkle only very thinly with a fine layer of soil\/sand. It is best to cover the growing pots with plastic wrap and aerate daily or keep the soil moist. Otherwise, the pots can be placed in suitable indoor greenhouses until the seeds have germinated and the seedlings are a few inches tall. It is important to ensure fresh air supply at least once a day to prevent and avoid mold.<\/p>\n<p style=\"padding-left: 30px;\">After germination of seeds seedlings can be slowly accustomed to the drier indoor air or fresh air outdoors after a few weeks.<\/p>\n<p><span style=\"color: #ff0000;\"><strong>Caution:<\/strong> All parts of the plant including the seeds are poisonous! Keep away from children and animals!<\/span><\/p>\n<p>&nbsp;<\/p>\n<p><span style=\"color: #99cc00;\"><strong>FREE seeds with every order \ud83d\ude42<\/strong><\/span><\/p>\n<p>&nbsp;<\/p>\n<p><span style=\"color: #99cc00;\"><strong><span style=\"color: #ff6600;\">Important:<\/span><\/strong><\/span><\/p>\n<ul>\n<li><span style=\"color: #99cc00;\"><span style=\"color: #000000;\">Despite constant quality controls (checking the germination quality, storage inability, etc. of the plant seeds, etc.). <\/span><span style=\"color: #000000;\">we can unfortunately <\/span><\/span><strong><em>none<\/em> Warranty<\/strong> on the germination of our seeds give - too many different factors in the context of cultivation \/ conditions - can prevent successful germination.<\/li>\n<li>Please inquire about the applicable laws in your country BEFORE purchasing this product. <strong>Laws<\/strong> and import regulations or whether this product may be imported\/used\/grown.<\/li>\n<li>Our plant seeds are, if available in your country for the<strong> Cultivation<\/strong> determined and allowed, <em>exclusively<\/em> intended for plant cultivation.<\/li>\n<li>For further information and guidelines please refer to our terms and conditions or simply write us your questions by mail to: support@gardenshaman.eu \ud83d\ude42<\/li>\n<\/ul>","protected":false},"excerpt":{"rendered":"<p>Gelbe Tollkirsche (Atropa belladonna var. &#8222;Lutea&#8220;) Samen Herkunft: Deutschland, aus selbst gezogenen Pflanzen Ernte: August 2025 Keimdauer:\u00a0ca. 2-3 Wochen Strain: var. Lutea Du kannst zwischen ca. 100 &amp; ca. 200 Einzelsamen w\u00e4hlen! Anzuchtanleitung: Diese Samen z\u00e4hlen zu den Lichtkeimern, weshalb sie nicht oder nur sehr d\u00fcnn mit Erde bedeckt werden d\u00fcrfen, wenn man sie keimen [&hellip;]<\/p>\n","protected":false},"featured_media":8824,"comment_status":"open","ping_status":"closed","template":"","meta":[],"product_brand":[],"product_cat":[215,233],"product_tag":[410,411,412,413],"class_list":{"0":"post-9549","1":"product","2":"type-product","3":"status-publish","4":"has-post-thumbnail","6":"product_cat-sale","7":"product_cat-samen","8":"product_tag-gelb","9":"product_tag-lutea","10":"product_tag-nachtschatten","11":"product_tag-tollkirsche","12":"product_shipping_class-samen","14":"first","15":"instock","16":"taxable","17":"shipping-taxable","18":"purchasable","19":"product-type-variable","20":"has-default-attributes"},"_links":{"self":[{"href":"https:\/\/www.gardenshaman.eu\/en\/wp-json\/wp\/v2\/product\/9549","targetHints":{"allow":["GET"]}}],"collection":[{"href":"https:\/\/www.gardenshaman.eu\/en\/wp-json\/wp\/v2\/product"}],"about":[{"href":"https:\/\/www.gardenshaman.eu\/en\/wp-json\/wp\/v2\/types\/product"}],"replies":[{"embeddable":true,"href":"https:\/\/www.gardenshaman.eu\/en\/wp-json\/wp\/v2\/comments?post=9549"}],"wp:featuredmedia":[{"embeddable":true,"href":"https:\/\/www.gardenshaman.eu\/en\/wp-json\/wp\/v2\/media\/8824"}],"wp:attachment":[{"href":"https:\/\/www.gardenshaman.eu\/en\/wp-json\/wp\/v2\/media?parent=9549"}],"wp:term":[{"taxonomy":"product_brand","embeddable":true,"href":"https:\/\/www.gardenshaman.eu\/en\/wp-json\/wp\/v2\/product_brand?post=9549"},{"taxonomy":"product_cat","embeddable":true,"href":"https:\/\/www.gardenshaman.eu\/en\/wp-json\/wp\/v2\/product_cat?post=9549"},{"taxonomy":"product_tag","embeddable":true,"href":"https:\/\/www.gardenshaman.eu\/en\/wp-json\/wp\/v2\/product_tag?post=9549"}],"curies":[{"name":"wp","href":"https:\/\/api.w.org\/{rel}","templated":true}]}}