{"id":9636,"date":"2022-03-11T20:15:55","date_gmt":"2022-03-11T19:15:55","guid":{"rendered":"https:\/\/www.gardenshaman.eu\/newshop\/?post_type=product&#038;p=9636"},"modified":"2026-04-03T23:25:22","modified_gmt":"2026-04-03T21:25:22","slug":"myrrhe-commiphora-myrrha-jemen","status":"publish","type":"product","link":"https:\/\/www.gardenshaman.eu\/de\/product\/myrrhe-commiphora-myrrha-jemen\/","title":{"rendered":"Myrrhe (Commiphora Myrrha) \/ Jemen"},"content":{"rendered":"<p><span style=\"color: #ff6600;\"><strong>Herkunftsland:<\/strong><\/span> Jemen<br \/>\n<span style=\"color: #ff6600;\"><strong>Hinweis:<\/strong><span style=\"color: #000000;\"> 1A-Qualit\u00e4t, wird auch zu Herstellung unterschiedlicher Lebensmittelprodukte verwendet<\/span><\/span><\/p>\n<p style=\"padding-left: 30px;\">Sie k\u00f6nnen zwischen <em>20 &amp; 35g<\/em> w\u00e4hlen. Verpackt in Plastikbeutel &amp; Papier. Auf Wunsch in Glas verpackt (+3\u20ac)<\/p>\n<p><span style=\"color: #ff6600;\"><span style=\"color: #000000;\"><br \/>\n<\/span><\/span><span style=\"color: #ff6600;\"><strong>Informationen zu Commiphora Myrrha:<\/strong><\/span><\/p>\n<p style=\"padding-left: 30px;\">Myrrhe ist ein Harz oder eine saft\u00e4hnliche Substanz, die von einem Baum namens Commiphora myrrha stammt, der in Afrika und im Nahen Osten verbreitet ist. Myrrhe ist botanisch gesehen mit Weihrauch verwandt und geh\u00f6rt zu den am h\u00e4ufigsten verwendeten \u00e4therischen \u00d6len der Welt.<\/p>\n<p style=\"padding-left: 30px;\">Der Myrrhe-Baum zeichnet sich durch seine wei\u00dfen Bl\u00fcten und seinen verknoteten Stamm aus. Manchmal hat der Baum sehr wenige Bl\u00e4tter aufgrund der trockenen W\u00fcstenbedingungen, wo er w\u00e4chst. Es kann manchmal eine seltsame und verdrehte Form aufgrund des harten Wetters und Windes annehmen.<\/p>\n<p style=\"padding-left: 30px;\">Um Myrrhe zu ernten, m\u00fcssen die Baumst\u00e4mme eingeschnitten werden, um das Harz freizusetzen. Das Harz wird trocknen gelassen und beginnt entlang des Baumstammes wie Tr\u00e4nen zu aussehen. Das Harz wird dann gesammelt und das \u00e4therische \u00d6l wird durch Wasserdampfdestillation aus dem Saft gewonnen.<\/p>\n<p style=\"padding-left: 30px;\">Myrrhe\u00f6l hat einen rauchigen, s\u00fc\u00dfen oder manchmal bitteren Geruch. Das Wort Myrrhe kommt vom arabischen Wort &#8222;murr&#8220;, was bitter bedeutet. Das \u00d6l ist eine gelbliche, orange Farbe mit einer viskosen Konsistenz. Es wird h\u00e4ufig als Grundlage f\u00fcr Parf\u00fcm und andere Duftstoffe verwendet.<\/p>\n<p style=\"padding-left: 30px;\">Der Duft kann auch in R\u00e4uchermischungen verwendet werden, um dem gesamten Geruch ein erdiges Element zu verleihen. Es wird auch in verschiedenen Parf\u00fcms, Zahnpasten, Lotionen und anderen modernen Toilettenartikeln verwendet. Myrrhe wurde als Einbalsamierungssalbe verwendet und wurde bis etwa zum 15. Jahrhundert als Weihrauch bei Beerdigungen und Ein\u00e4schern verwendet.<\/p>\n<p style=\"padding-left: 30px;\">Das &#8222;heilige \u00d6l&#8220;, das traditionell von der Orthodoxen Kirche f\u00fcr die Sakramente benutzt wird, ist traditionell mit Myrrhe duftend, und das Empfangen eines dieser Sakramente wird allgemein als &#8222;Empfangen der Myrrhe&#8220; bezeichnet. In der chinesischen Medizin wird Myrrhe als bitter, w\u00fcrzig, neutral in der Temperatur eingestuft und beeinflusst die Herz-, Leber- und Milzmeridiane.<\/p>\n<p style=\"padding-left: 30px;\">Sein Gebrauch ist \u00e4hnlich dem des Weihrauchs, mit dem es oft in Abkochungen, Liniments und Weihrauch kombiniert wird. Myrrhe wurde auch bei der Behandlung von Amenorrhoe, Dysmenorrhoe, Menopause und Geb\u00e4rmuttertumoren verwendet, da seine &#8222;blutbewegenden&#8220; Eigenschaften stagnierendes Blut aus der Geb\u00e4rmutter entfernen k\u00f6nnen. Myrrhe wurde auch empfohlen, Zahnschmerz zu helfen, und kann in Liniment f\u00fcr Prellungen, Schmerzen und Verstauchungen verwendet werden.<\/p>\n<p>&nbsp;<\/p>\n<p><strong><span style=\"color: #ff6600;\">WICHTIG &#8211; BITTE LESEN:<\/span><\/strong><br \/>\nBitte erwerben Sie dieses Produkt nicht, wenn Sie gegen einen oder mehrere Inhaltsstoffe des Produkts <em>allergisch<\/em> reagieren oder dieses gegen die geltenden <em>Gesetze Ihres Landes<\/em> versto\u00dfen!<\/p>\n<p><!--more--><br \/>\nBitte erkundigen Sie sich vor dem Kauf\/der Verwendung dieses Produkt ausreichend \u00fcber die Inhaltsstoffe, Wirkung, Verarbeitung, Legalit\u00e4t, etc. &#8211; am besten bei Ihrem Apotheker\/Arzt Ihres Vertrauens und den zust\u00e4ndigen Beh\u00f6rden. Im Falle der Konfiszierung dieses Produkts durch den Zoll, k\u00f6nnen wir leider keinen Ersatz anbieten!<br \/>\n<strong>Wir k\u00f6nnen f\u00fcr eine unsachgem\u00e4\u00dfe Verwendung dieses Produktes durch unsere Kunden <span style=\"color: #ff0000;\">keinerlei Verantwortung<\/span> \u00fcbernehmen! Alle Angaben ohne Gew\u00e4hr. Dieses Produkt ist nicht f\u00fcr den Konsum bestimmt! Alle Produktinformationen dienen lediglich der Information und sollen nicht zum Konsum animieren!<\/strong><\/p>\n<p>&nbsp;<\/p>\n","protected":false},"excerpt":{"rendered":"<p>Herkunftsland: Jemen Hinweis: 1A-Qualit\u00e4t, wird auch zu Herstellung unterschiedlicher Lebensmittelprodukte verwendet Sie k\u00f6nnen zwischen 20 &amp; 35g w\u00e4hlen. Verpackt in Plastikbeutel &amp; Papier. Auf Wunsch in Glas verpackt (+3\u20ac) Informationen zu Commiphora Myrrha: Myrrhe ist ein Harz oder eine saft\u00e4hnliche Substanz, die von einem Baum namens Commiphora myrrha stammt, der in Afrika und im Nahen [&hellip;]<\/p>\n","protected":false},"featured_media":8979,"comment_status":"open","ping_status":"closed","template":"","meta":[],"product_brand":[],"product_cat":[2403,215],"product_tag":[381,502,382,383,503,504,505,384,385,386],"class_list":{"0":"post-9636","1":"product","2":"type-product","3":"status-publish","4":"has-post-thumbnail","6":"product_cat-raeucherwerk","7":"product_cat-sale","8":"product_tag-al-hojari","9":"product_tag-commiphora","10":"product_tag-harze","11":"product_tag-incense","12":"product_tag-myrrha","13":"product_tag-myrrhe","14":"product_tag-myrri","15":"product_tag-rauchermittel","16":"product_tag-smudge","17":"product_tag-weihrauch","18":"product_shipping_class-paket","20":"first","21":"instock","22":"taxable","23":"shipping-taxable","24":"purchasable","25":"product-type-variable"},"_links":{"self":[{"href":"https:\/\/www.gardenshaman.eu\/de\/wp-json\/wp\/v2\/product\/9636","targetHints":{"allow":["GET"]}}],"collection":[{"href":"https:\/\/www.gardenshaman.eu\/de\/wp-json\/wp\/v2\/product"}],"about":[{"href":"https:\/\/www.gardenshaman.eu\/de\/wp-json\/wp\/v2\/types\/product"}],"replies":[{"embeddable":true,"href":"https:\/\/www.gardenshaman.eu\/de\/wp-json\/wp\/v2\/comments?post=9636"}],"wp:featuredmedia":[{"embeddable":true,"href":"https:\/\/www.gardenshaman.eu\/de\/wp-json\/wp\/v2\/media\/8979"}],"wp:attachment":[{"href":"https:\/\/www.gardenshaman.eu\/de\/wp-json\/wp\/v2\/media?parent=9636"}],"wp:term":[{"taxonomy":"product_brand","embeddable":true,"href":"https:\/\/www.gardenshaman.eu\/de\/wp-json\/wp\/v2\/product_brand?post=9636"},{"taxonomy":"product_cat","embeddable":true,"href":"https:\/\/www.gardenshaman.eu\/de\/wp-json\/wp\/v2\/product_cat?post=9636"},{"taxonomy":"product_tag","embeddable":true,"href":"https:\/\/www.gardenshaman.eu\/de\/wp-json\/wp\/v2\/product_tag?post=9636"}],"curies":[{"name":"wp","href":"https:\/\/api.w.org\/{rel}","templated":true}]}}