{"id":9617,"date":"2022-03-11T20:15:42","date_gmt":"2022-03-11T19:15:42","guid":{"rendered":"https:\/\/www.gardenshaman.eu\/newshop\/?post_type=product&#038;p=9617"},"modified":"2026-03-26T09:23:08","modified_gmt":"2026-03-26T08:23:08","slug":"opalade-pikant-pfefferoni-wurzsose-hausgemacht-aus-karnten","status":"publish","type":"product","link":"https:\/\/www.gardenshaman.eu\/de\/product\/opalade-pikant-pfefferoni-wurzsose-hausgemacht-aus-karnten\/","title":{"rendered":"&#8222;Opalade, pikant&#8220; Pfefferoni-W\u00fcrzso\u00dfe &#8211; Hausgemacht aus K\u00e4rnten"},"content":{"rendered":"<p><span style=\"color: #ff6600;\"><strong>&#8222;Opalade, pikant&#8220; Pfefferoni-W\u00fcrzso\u00dfe &#8211; Hausgemacht aus K\u00e4rnten<\/strong><\/span><\/p>\n<p style=\"padding-left: 30px;\"><span style=\"color: #ff6600;\"><span style=\"color: #000000;\">&#8222;<\/span><\/span><em>Hausgemacht&#8220; aus K\u00e4rnten. Selbst angebautes Gem\u00fcse und Verarbeitung dieser wunderbaren Naturprodukte durch die Familie Binder aus Klagenfurt (K\u00e4rnten\/\u00d6sterreich)<br \/>\n<\/em><\/p>\n<p><span style=\"color: #ff6600;\"><strong>Zutaten<\/strong><\/span><\/p>\n<ul>\n<li>70% Pfefferoni<\/li>\n<li>20% Zwiebel<\/li>\n<li>Gew\u00fcrzaufguss mit S\u00fc\u00dfungsmittel<\/li>\n<li>Zucker<\/li>\n<li>Speisesalz<\/li>\n<li>etw. Chili<\/li>\n<\/ul>\n<p><span style=\"color: #ff6600;\"><strong>Netto-F\u00fcllgewicht<\/strong><\/span><\/p>\n<ul>\n<li>230g (Grundpreis siehe &#8222;Zus\u00e4tzliche Information&#8220;)<\/li>\n<\/ul>\n<p><strong><span style=\"color: #ff6600;\">Wissenswertes zum &#8222;Superfood&#8220; Pfefferoni<\/span><\/strong><\/p>\n<p>Capsaicin bietet mehr als nur ein stechendes Mundgef\u00fchl in Ihrem Mund &#8211; Experten sagen, dass der Endorphin-Rausch, den es verursacht, diese chemische Verbindung zu einem wirksamen Mittel gegen Schmerzen und andere Krankheiten macht.<\/p>\n<p>\u2022 Hilft Entz\u00fcndungen zu bek\u00e4mpfen &#8211; Capsaicin hat antioxidative und entz\u00fcndungshemmende Eigenschaften und hat Potenzial f\u00fcr die Behandlung von entz\u00fcndlichen Erkrankungen und Krebs gezeigt.<\/p>\n<p>\u2022 Erh\u00f6ht die Immunit\u00e4t &#8211; Chilischoten sind reich an Beta-Carotin, das im K\u00f6rper zu Vitamin A umgewandelt wird. Dieses Vitamin ist wichtig f\u00fcr die Erhaltung gesunder Schleimh\u00e4ute, um den K\u00f6rper vor eindringenden Krankheitserregern (Mikroorganismen, die Krankheiten verursachen) zu sch\u00fctzen. Chili ist auch reich an Vitamin C, und das hilft dem K\u00f6rper, wei\u00dfe Blutk\u00f6rperchen zu produzieren, die Keime bek\u00e4mpfen.<\/p>\n<p>\u2022 Hilft Insulinspiegel zu senken &#8211; Ein weiterer bekannter Vorteil der Pfefferoni ist, wie sie bei der Blutzuckerkontrolle helfen kann. Eine im American Journal of Clinical Nutrition ver\u00f6ffentlichte Studie kam zu dem Schluss, dass der regelm\u00e4\u00dfige Verzehr von Chili das Risiko einer Hyperinsulin\u00e4mie (hoher Insulinspiegel im Blut) verringern kann.<\/p>\n<p>\u2022 Sch\u00fctzt Ihr Herz &#8211; Die Verbindung Capsaicin kann helfen, Triglyceride, Cholesterin und Thrombozytenaggregation zu reduzieren. Einige Studien haben gezeigt, dass es den K\u00f6rper bei der Aufl\u00f6sung von Fibrin unterst\u00fctzen kann, was die Bildung von Blutgerinnseln verhindert. Dar\u00fcber hinaus haben Kulturen, die regelm\u00e4\u00dfig scharfe Paprika verwenden, signifikant niedrigere Herzinfarkte und Schlaganfallraten.<\/p>\n<p>&nbsp;<\/p>\n<p><strong><span style=\"color: #ff6600;\">WICHTIG:<br \/>\n<\/span><\/strong><span style=\"color: #000000;\">Alle Informationen ohne Gew\u00e4hr und ohne Anspruch auf Vollst\u00e4ndigkeit. Alle angef\u00fchrten Wirkweisen dienen lediglich der Information.<\/span>Bitte erwerben Sie dieses Produkt nicht, wenn Sie gegen einen oder mehrere Inhaltsstoffe des Produkts allergisch reagieren. Bitte erkundigen Sie sich vor Verwendung dieses Produkt ausreichend \u00fcber die Inhaltsstoffe, Wirkung, Verarbeitung, etc. &#8211; am besten bei Ihrem Apotheker\/Arzt Ihres Vertrauens. <strong>Wir k\u00f6nnen f\u00fcr eine unsachgem\u00e4\u00dfe Verwendung dieses Produktes keinerlei Verantwortung \u00fcbernehmen!<\/strong><br \/>\nDanke f\u00fcr Ihr Verst\u00e4ndnis!<\/p>\n","protected":false},"excerpt":{"rendered":"<p>&#8222;Opalade, pikant&#8220; Pfefferoni-W\u00fcrzso\u00dfe &#8211; Hausgemacht aus K\u00e4rnten &#8222;Hausgemacht&#8220; aus K\u00e4rnten. Selbst angebautes Gem\u00fcse und Verarbeitung dieser wunderbaren Naturprodukte durch die Familie Binder aus Klagenfurt (K\u00e4rnten\/\u00d6sterreich) Zutaten 70% Pfefferoni 20% Zwiebel Gew\u00fcrzaufguss mit S\u00fc\u00dfungsmittel Zucker Speisesalz etw. Chili Netto-F\u00fcllgewicht 230g (Grundpreis siehe &#8222;Zus\u00e4tzliche Information&#8220;) Wissenswertes zum &#8222;Superfood&#8220; Pfefferoni Capsaicin bietet mehr als nur ein stechendes Mundgef\u00fchl [&hellip;]<\/p>\n","protected":false},"featured_media":8944,"comment_status":"open","ping_status":"closed","template":"","meta":[],"product_brand":[],"product_cat":[215,233],"product_tag":[476,423,274,275,424,277,477,478,425],"class_list":{"0":"post-9617","1":"product","2":"type-product","3":"status-publish","4":"has-post-thumbnail","6":"product_cat-sale","7":"product_cat-samen","8":"product_tag-chilli","9":"product_tag-eingelegt","10":"product_tag-essen","11":"product_tag-food","12":"product_tag-hot","13":"product_tag-lebensmittel","14":"product_tag-pepper","15":"product_tag-pfefferoni","16":"product_tag-superfood","17":"product_shipping_class-paket","19":"first","20":"outofstock","21":"sale","22":"taxable","23":"shipping-taxable","24":"purchasable","25":"product-type-simple"},"_links":{"self":[{"href":"https:\/\/www.gardenshaman.eu\/de\/wp-json\/wp\/v2\/product\/9617","targetHints":{"allow":["GET"]}}],"collection":[{"href":"https:\/\/www.gardenshaman.eu\/de\/wp-json\/wp\/v2\/product"}],"about":[{"href":"https:\/\/www.gardenshaman.eu\/de\/wp-json\/wp\/v2\/types\/product"}],"replies":[{"embeddable":true,"href":"https:\/\/www.gardenshaman.eu\/de\/wp-json\/wp\/v2\/comments?post=9617"}],"wp:featuredmedia":[{"embeddable":true,"href":"https:\/\/www.gardenshaman.eu\/de\/wp-json\/wp\/v2\/media\/8944"}],"wp:attachment":[{"href":"https:\/\/www.gardenshaman.eu\/de\/wp-json\/wp\/v2\/media?parent=9617"}],"wp:term":[{"taxonomy":"product_brand","embeddable":true,"href":"https:\/\/www.gardenshaman.eu\/de\/wp-json\/wp\/v2\/product_brand?post=9617"},{"taxonomy":"product_cat","embeddable":true,"href":"https:\/\/www.gardenshaman.eu\/de\/wp-json\/wp\/v2\/product_cat?post=9617"},{"taxonomy":"product_tag","embeddable":true,"href":"https:\/\/www.gardenshaman.eu\/de\/wp-json\/wp\/v2\/product_tag?post=9617"}],"curies":[{"name":"wp","href":"https:\/\/api.w.org\/{rel}","templated":true}]}}