{"id":9522,"date":"2022-03-11T20:14:40","date_gmt":"2022-03-11T19:14:40","guid":{"rendered":"https:\/\/www.gardenshaman.eu\/newshop\/?post_type=product&#038;p=9522"},"modified":"2024-08-20T14:28:51","modified_gmt":"2024-08-20T12:28:51","slug":"murdannia-pflanze-murdannia-loriformis","status":"publish","type":"product","link":"https:\/\/www.gardenshaman.eu\/de\/product\/murdannia-pflanze-murdannia-loriformis\/","title":{"rendered":"Murdannia-Pflanze (Murdannia Loriformis)"},"content":{"rendered":"<p><span style=\"color: #ff6600;\"><strong>Herkunftsland:<\/strong><\/span> \u00d6sterreich<br \/>\n<strong><span style=\"color: #ff6600;\">Abmessung: <\/span><\/strong><span style=\"color: #333300;\">H\u00f6he: ca. 10-15cm<\/span><br \/>\n<span style=\"color: #ff6600;\"><strong>Hinweis: <\/strong><span style=\"color: #000000;\"><em>Gesunde &amp; kr\u00e4ftige Jungpflanze, bl\u00fchf\u00e4hig.<br \/>\n<\/em><span style=\"color: #ff6600;\"><strong>Information:<\/strong><\/span><span style=\"color: #000000;\"> Bekannte Pflanze aus der TCM (traditionelle, chinesische Medizin) von der behauptet wird, dass sie erfolgreich bei der Bek\u00e4mpfung von Krebs eingesetzt werden kann. <a href=\"https:\/\/www.tandfonline.com\/doi\/abs\/10.1300\/J044v04n01_06\" target=\"_blank\" rel=\"noopener\">LINK<\/a><br \/>\nWeiters soll Murdannia in der Lage sein, die Leber zu entgiften und das Immunsystem zu st\u00e4rken. Neben seiner Bekanntheit als wirksames Antioxidans, schmecken die frischen Triebe dieser Pflanze zudem noch gut \ud83d\ude42<br \/>\n<\/span><\/span><\/span><\/p>\n<p><span style=\"color: #ff6600;\"><strong>Pflegehinweise:<\/strong><\/span><\/p>\n<div id=\"productDescription\" class=\"a-section a-spacing-small\" style=\"padding-left: 30px;\">\n<p><strong>Licht:<\/strong> Murdannia gedeiht pr\u00e4chtig im Garten von Fr\u00fchling bis Herbst &#8211; sowohl in direktem Sonnenlicht, als auch im Halbschatten. Permanente Mittagssonne erfordert jedoch mehrmaliges Gie\u00dfen, da der Erdballen schnell auszutrocknen neigt.<\/p>\n<p><strong>Wasser:<\/strong> Regelm\u00e4\u00dfiges Gie\u00dfen w\u00e4hrend der Vegetationsperiode. Am besten Regenwasser verwenden. Gie\u00dfen je nach Bedarf und Standort. Je mehr Lichteinfall, desto mehr Wasser wird ben\u00f6tigt.<\/p>\n<p><strong>D\u00fcnger:<\/strong> W\u00f6chentlich bis alle zwei Wochen mit einem schwachen Fl\u00fcssigd\u00fcnger d\u00fcngen, der Mikron\u00e4hrstoffe enth\u00e4lt. Es kann auch ein nat\u00fcrlicher Langzeitd\u00fcnger, oder auch Brennnesselsud o.\u00e4. verwendet werden.<\/p>\n<p><strong>Substrat:<\/strong> Gut ged\u00fcngte Blumenerde mit etwas Perlite und\/oder Vulkansteingranulat sorgen f\u00fcr einen gut ausgeglichenen N\u00e4hrstoffhaushalt.<\/p>\n<\/div>\n<p style=\"padding-left: 30px;\"><a href=\"https:\/\/www.gardenshaman.eu\/?page_id=159\">Wichtige Infos zum Kauf und Versand unserer Pflanzen!<\/a><\/p>\n<p><strong><span style=\"color: #ff6600;\">WICHTIG &#8211; BITTE LESEN:<\/span><\/strong><br \/>\nBitte erwerben Sie dieses Produkt nicht, wenn Sie gegen einen oder mehrere Inhaltsstoffe des Produkts <em>allergisch<\/em> reagieren oder dieses gegen die geltenden <em>Gesetze Ihres Landes<\/em> versto\u00dfen!<\/p>\n<p><!--more--><br \/>\nBitte erkundigen Sie sich vor dem Kauf\/der Verwendung dieses Produkt ausreichend \u00fcber die Inhaltsstoffe, Wirkung, Verarbeitung, Legalit\u00e4t, etc. &#8211; am besten bei Ihrem Apotheker\/Arzt Ihres Vertrauens und den zust\u00e4ndigen Beh\u00f6rden. Im Falle der Konfiszierung dieses Produkts durch den Zoll, k\u00f6nnen wir leider keinen Ersatz anbieten!<br \/>\n<strong>Wir k\u00f6nnen f\u00fcr eine unsachgem\u00e4\u00dfe Verwendung dieses Produktes durch unsere Kunden <span style=\"color: #ff0000;\">keinerlei Verantwortung<\/span> \u00fcbernehmen! Alle Angaben ohne Gew\u00e4hr. Dieses Produkt ist nicht f\u00fcr den Konsum bestimmt! Alle Produktinformationen dienen lediglich der Information und sollen nicht zum Konsum animieren!<\/strong><\/p>\n<p>&nbsp;<\/p>\n","protected":false},"excerpt":{"rendered":"<p>Herkunftsland: \u00d6sterreich Abmessung: H\u00f6he: ca. 10-15cm Hinweis: Gesunde &amp; kr\u00e4ftige Jungpflanze, bl\u00fchf\u00e4hig. Information: Bekannte Pflanze aus der TCM (traditionelle, chinesische Medizin) von der behauptet wird, dass sie erfolgreich bei der Bek\u00e4mpfung von Krebs eingesetzt werden kann. LINK Weiters soll Murdannia in der Lage sein, die Leber zu entgiften und das Immunsystem zu st\u00e4rken. Neben seiner [&hellip;]<\/p>\n","protected":false},"featured_media":8779,"comment_status":"open","ping_status":"closed","template":"","meta":[],"product_brand":[],"product_cat":[375,215,233],"product_tag":[350,387,388,389,390,391],"class_list":{"0":"post-9522","1":"product","2":"type-product","3":"status-publish","4":"has-post-thumbnail","6":"product_cat-pflanzen","7":"product_cat-sale","8":"product_cat-samen","9":"product_tag-ayurveda","10":"product_tag-heilpflanze","11":"product_tag-krebs","12":"product_tag-krebsforschung","13":"product_tag-murdannia","14":"product_tag-tcm","15":"product_shipping_class-pflanzen","17":"first","18":"outofstock","19":"sale","20":"taxable","21":"shipping-taxable","22":"purchasable","23":"product-type-simple"},"_links":{"self":[{"href":"https:\/\/www.gardenshaman.eu\/de\/wp-json\/wp\/v2\/product\/9522","targetHints":{"allow":["GET"]}}],"collection":[{"href":"https:\/\/www.gardenshaman.eu\/de\/wp-json\/wp\/v2\/product"}],"about":[{"href":"https:\/\/www.gardenshaman.eu\/de\/wp-json\/wp\/v2\/types\/product"}],"replies":[{"embeddable":true,"href":"https:\/\/www.gardenshaman.eu\/de\/wp-json\/wp\/v2\/comments?post=9522"}],"wp:featuredmedia":[{"embeddable":true,"href":"https:\/\/www.gardenshaman.eu\/de\/wp-json\/wp\/v2\/media\/8779"}],"wp:attachment":[{"href":"https:\/\/www.gardenshaman.eu\/de\/wp-json\/wp\/v2\/media?parent=9522"}],"wp:term":[{"taxonomy":"product_brand","embeddable":true,"href":"https:\/\/www.gardenshaman.eu\/de\/wp-json\/wp\/v2\/product_brand?post=9522"},{"taxonomy":"product_cat","embeddable":true,"href":"https:\/\/www.gardenshaman.eu\/de\/wp-json\/wp\/v2\/product_cat?post=9522"},{"taxonomy":"product_tag","embeddable":true,"href":"https:\/\/www.gardenshaman.eu\/de\/wp-json\/wp\/v2\/product_tag?post=9522"}],"curies":[{"name":"wp","href":"https:\/\/api.w.org\/{rel}","templated":true}]}}