{"id":9460,"date":"2022-03-11T20:13:43","date_gmt":"2022-03-11T19:13:43","guid":{"rendered":"https:\/\/www.gardenshaman.eu\/newshop\/?post_type=product&#038;p=9460"},"modified":"2022-10-19T16:21:20","modified_gmt":"2022-10-19T14:21:20","slug":"guayusa-ilex-guayusa","status":"publish","type":"product","link":"https:\/\/www.gardenshaman.eu\/de\/product\/guayusa-ilex-guayusa\/","title":{"rendered":"Guayusa (Ilex guayusa)"},"content":{"rendered":"<p><span style=\"color: #ff6600;\"><strong>Herkunftsland:<\/strong><\/span> Brasilien<br \/>\n<strong><span style=\"color: #ff6600;\">Ernte:<\/span><\/strong> Sommer 2020<br \/>\n<span style=\"color: #ff6600;\"><strong>Hinweis: <\/strong><span style=\"color: #000000;\">Traditionelle Verwendung in S\u00fcd-Amerika f\u00fcr Tees, zum R\u00e4uchern, usw.<br \/>\n<\/span><\/span><\/p>\n<blockquote>\n<p style=\"padding-left: 30px;\">&#8222;Eine herrliche Alternative f\u00fcr Kaffee, Mate, Guarana und co.!&#8220;<\/p>\n<\/blockquote>\n<p>Sie k\u00f6nnen zwischen 20 und 50g w\u00e4hlen.<\/p>\n<p><span style=\"color: #ff6600;\"><strong>Beschreibung des Herstellers\/Produzenten:<\/strong><\/span><\/p>\n<p style=\"padding-left: 30px;\">Guayusa (Ilex Guayusa), ein Baum, der vorwiegend in S\u00fcd- und Mittelamerika zu finden ist, ist in westlichen L\u00e4ndern noch \u00e4u\u00dferst unbekannt, erfreut sich jedoch steigender Beliebtheit dank des hohen Koffeingehalts seiner Bl\u00e4tter. Insofern stellt Guayusa eine wunderbare Alternative f\u00fcr Kaffee dar, ohne jedoch die gleichen, bekannten Nebenwirkungen bei \u00fcberm\u00e4\u00dfigem Kaffeekonsum (zittern, \u00dcbelkeit, Schwei\u00dfausbr\u00fcche, Herzrasen, etc.) zu verursachen.<\/p>\n<p style=\"padding-left: 30px;\">Neben dem Geschmack nach gr\u00fcnem oder auch dem bekannten (Yerba-) Mate-Tee, birgt Guayusa noch weitere, interessante Eigenschaften in sich, die besonders diejenigen interessieren k\u00f6nnte, die sich f\u00fcr luzides Tr\u00e4umen (die M\u00f6glichkeit und F\u00e4higkeit, bewusst w\u00e4hrend des Tr\u00e4umens in den Traum eingreifen zu k\u00f6nnen) bzw. Tr\u00e4umen und deren Deutung im Allgemeinen interessieren.<\/p>\n<p style=\"padding-left: 30px;\">Traditionell kurz vor dem Schlafengehen verwendet, ist es in s\u00fcdamerikanischen L\u00e4ndern Brauch, im Rahmen der Familie gemeinsam nachts aufzustehen, Guayusa-Tee zu trinken, wieder schlafen zu gehen und im Anschluss morgens einander von den erhaltenen Tr\u00e4umen zu berichten.<\/p>\n<p style=\"padding-left: 30px;\">Guayusa soll die Eingeschaft haben, luzides Tr\u00e4umen nicht zur zu f\u00f6rdern, sondern auch hervorzurufen &#8211; \u00e4hnlich anderen Traumkr\u00e4utern, wie beispielsweise Afrikanische Traumwurzel, Aztekisches Traumkraut und andere!<\/p>\n<p style=\"padding-left: 30px;\">Man sollte Guayusa auf jeden Fall einmal probiert haben &#8211; selbst, wenn es &#8222;nur&#8220; als k\u00f6stliche Alternative f\u00fcr den morgendlichen Kaffee sein soll \ud83d\ude42<\/p>\n<p style=\"padding-left: 30px;\">Auf Grund der hohen Koffeeinkonzentration der Guayusa-Bl\u00e4tter, bitte unbedingt <strong>von Kindern fernhalten<\/strong>!<\/p>\n<p>&nbsp;<\/p>\n<p><strong><span style=\"color: #ff6600;\">WICHTIG:<\/span><\/strong><br \/>\nBitte erwerben Sie dieses Produkt nicht, wenn Sie gegen einen oder mehrere Inhaltsstoffe des Produkts allergisch reagieren. Bitte erkundigen Sie sich vor Verwendung dieses Produkt ausreichend \u00fcber die Inhaltsstoffe, Wirkung, Verarbeitung, etc. &#8211; am besten bei Ihrem Apotheker\/Arzt Ihres Vertrauens. <strong>Wir k\u00f6nnen f\u00fcr eine unsachgem\u00e4\u00dfe Verwendung dieses Produktes keinerlei Verantwortung \u00fcbernehmen!<\/strong><br \/>\nDanke f\u00fcr Ihr Verst\u00e4ndnis!<\/p>\n","protected":false},"excerpt":{"rendered":"<p>Herkunftsland: Brasilien Ernte: Sommer 2020 Hinweis: Traditionelle Verwendung in S\u00fcd-Amerika f\u00fcr Tees, zum R\u00e4uchern, usw. &#8222;Eine herrliche Alternative f\u00fcr Kaffee, Mate, Guarana und co.!&#8220; Sie k\u00f6nnen zwischen 20 und 50g w\u00e4hlen. Beschreibung des Herstellers\/Produzenten: Guayusa (Ilex Guayusa), ein Baum, der vorwiegend in S\u00fcd- und Mittelamerika zu finden ist, ist in westlichen L\u00e4ndern noch \u00e4u\u00dferst unbekannt, [&hellip;]<\/p>\n","protected":false},"featured_media":8684,"comment_status":"open","ping_status":"closed","template":"","meta":[],"product_brand":[],"product_cat":[279,215],"product_tag":[297,298,274,275,277,299,300,301,302,303,287,304,305],"class_list":{"0":"post-9460","1":"product","2":"type-product","3":"status-publish","4":"has-post-thumbnail","6":"product_cat-krauter","7":"product_cat-sale","8":"product_tag-caffeine","9":"product_tag-dream","10":"product_tag-essen","11":"product_tag-food","12":"product_tag-lebensmittel","13":"product_tag-lucid-dreaming","14":"product_tag-mate","15":"product_tag-shamanism","16":"product_tag-sudamerika","17":"product_tag-tea","18":"product_tag-tee","19":"product_tag-traumkraut","20":"product_tag-yerba","21":"product_shipping_class-paket","23":"first","24":"outofstock","25":"taxable","26":"shipping-taxable","27":"purchasable","28":"product-type-variable"},"_links":{"self":[{"href":"https:\/\/www.gardenshaman.eu\/de\/wp-json\/wp\/v2\/product\/9460","targetHints":{"allow":["GET"]}}],"collection":[{"href":"https:\/\/www.gardenshaman.eu\/de\/wp-json\/wp\/v2\/product"}],"about":[{"href":"https:\/\/www.gardenshaman.eu\/de\/wp-json\/wp\/v2\/types\/product"}],"replies":[{"embeddable":true,"href":"https:\/\/www.gardenshaman.eu\/de\/wp-json\/wp\/v2\/comments?post=9460"}],"wp:featuredmedia":[{"embeddable":true,"href":"https:\/\/www.gardenshaman.eu\/de\/wp-json\/wp\/v2\/media\/8684"}],"wp:attachment":[{"href":"https:\/\/www.gardenshaman.eu\/de\/wp-json\/wp\/v2\/media?parent=9460"}],"wp:term":[{"taxonomy":"product_brand","embeddable":true,"href":"https:\/\/www.gardenshaman.eu\/de\/wp-json\/wp\/v2\/product_brand?post=9460"},{"taxonomy":"product_cat","embeddable":true,"href":"https:\/\/www.gardenshaman.eu\/de\/wp-json\/wp\/v2\/product_cat?post=9460"},{"taxonomy":"product_tag","embeddable":true,"href":"https:\/\/www.gardenshaman.eu\/de\/wp-json\/wp\/v2\/product_tag?post=9460"}],"curies":[{"name":"wp","href":"https:\/\/api.w.org\/{rel}","templated":true}]}}