{"id":85569,"date":"2024-08-02T09:06:30","date_gmt":"2024-08-02T07:06:30","guid":{"rendered":"https:\/\/www.gardenshaman.eu\/?post_type=product&#038;p=85569"},"modified":"2026-03-19T17:51:32","modified_gmt":"2026-03-19T16:51:32","slug":"chili-chocolate-habanero-capsicum-chinense-samen","status":"publish","type":"product","link":"https:\/\/www.gardenshaman.eu\/de\/product\/chili-chocolate-habanero-capsicum-chinense-samen\/","title":{"rendered":"Chili &#8222;Chocolate Habanero&#8220; (Capsicum chinense) &#8211; Samen"},"content":{"rendered":"<h2><strong>Chili &#8222;Chocolate Habanero&#8220; (Capsicum chinense) &#8211; Samen<\/strong><\/h2>\n<p><strong>Herkunft:<\/strong> \u00d6sterreich<br \/>\n<strong>Ernte:<\/strong> 2025<br \/>\n<strong>Keimdauer:\u00a0<\/strong>ca. 1-2 Wochen<\/p>\n<p>Jede Packung enth\u00e4lt ca. 10 Samen! Gr\u00f6\u00dfere Mengen bitte auf Anfrage!<\/p>\n<p><strong>Aussaathinweise<\/strong><\/p>\n<p>Der Anbau von Capsicum chinense &#8222;Chocolate Habanero&#8220; Samen beginnt am besten in der Innenaussaat. S\u00e4e die Samen etwa 6-8 Wochen vor dem letzten erwarteten Frosttermin aus. Verwende eine hochwertige Anzuchterde und dr\u00fccke die Samen leicht in die Oberfl\u00e4che, bedecke sie d\u00fcnn mit Erde und halte das Substrat gleichm\u00e4\u00dfig feucht. Eine Temperatur von 25-30\u00b0C ist ideal f\u00fcr die Keimung, die in der Regel 7-14 Tage dauert. Verwende eine Heizmatte, um konstante W\u00e4rme zu gew\u00e4hrleisten und decke die Anzuchtgef\u00e4\u00dfe mit einer durchsichtigen Abdeckung oder Plastikfolie ab, um die Luftfeuchtigkeit zu erh\u00f6hen.<\/p>\n<p><strong>Tipps und Tricks<\/strong><\/p>\n<p>Sobald die Jungpflanzen 2-4 echte Bl\u00e4tter entwickelt haben, pikierst Du sie in einzelne T\u00f6pfe um, damit sie gen\u00fcgend Platz zum Wachsen haben. Halte die Pflanzen an einem sonnigen Fenster oder unter einer Pflanzenlampe, um ausreichend Licht zu gew\u00e4hrleisten. H\u00e4rte die Pflanzen ab, bevor Du sie ins Freiland pflanzt, indem Du sie allm\u00e4hlich an die Au\u00dfenbedingungen gew\u00f6hnst. Setze sie nach dem letzten Frost in gut durchl\u00e4ssige, n\u00e4hrstoffreiche Erde an einen sonnigen Standort. Achte darauf, regelm\u00e4\u00dfig zu gie\u00dfen, aber Staun\u00e4sse zu vermeiden. Mulchen hilft, die Feuchtigkeit im Boden zu halten und das Unkrautwachstum zu minimieren.<\/p>\n<p><strong>Wissenswertes<\/strong><\/p>\n<p>Die &#8222;Chocolate Habanero&#8220; ist bekannt f\u00fcr ihre intensive Sch\u00e4rfe und den reichen, rauchigen Geschmack. Diese Chili-Sorte erreicht einen Sch\u00e4rfegrad von 425.000 Scoville-Einheiten und ist daher nur f\u00fcr erfahrene Scharfesser geeignet. Die Fr\u00fcchte reifen von gr\u00fcn zu einem tiefen Schokoladenbraun und haben eine d\u00fcnne, faltige Haut. Urspr\u00fcnglich aus der Karibik stammend, wird diese Sorte auch h\u00e4ufig in der mexikanischen K\u00fcche verwendet. Die Pflanzen erreichen eine H\u00f6he von etwa 60-90 cm und produzieren reichlich Fr\u00fcchte, die sich ideal zum Frischverzehr, Trocknen oder Einlegen eignen.<\/p>\n<p><span style=\"color: #99cc00;\"><strong>GRATIS Samen zu jeder Bestellung \ud83d\ude42<\/strong><\/span><\/p>\n<p>&nbsp;<\/p>\n<p><span style=\"color: #99cc00;\"><strong><span style=\"color: #ff6600;\">Wichtig:<\/span><\/strong><\/span><\/p>\n<ul>\n<li><span style=\"color: #99cc00;\"><span style=\"color: #000000;\">Trotz st\u00e4ndiger Qualit\u00e4tskontrollen (\u00dcberpr\u00fcfung der Keimqualit\u00e4t, Lagerungsf\u00e4higkeit, etc. der Pflanzensamen, etc.) <\/span><span style=\"color: #000000;\">k\u00f6nnen wir leider <\/span><\/span><strong><em>keine<\/em> Garantie<\/strong> auf die Keimung unserer Samen geben &#8211; zu viele verschiedene Faktoren im Rahmen der Anzucht\/bedingungen &#8211; k\u00f6nnen eine erfolgreiche Keimung verhindern.<\/li>\n<li>Bitte erkundige dich VOR Kauf dieses Produkts \u00fcber die in deinem Land geltenden <strong>Gesetze<\/strong> und Einfuhrbestimmungen bzw. ob dieses Produkt importiert\/verwendet\/angebaut werden darf.<\/li>\n<li>Unsere Pflanzensamen sind, sofern in deinem Land zur<strong> Anzucht<\/strong> bestimmt und erlaubt, <em>ausschlie\u00dflich<\/em> f\u00fcr die Pflanzenanzucht vorgesehen.<\/li>\n<li>Weitere Hinweise und Richtlinien entnimmst du bitte unseren AGBs oder schreibe uns einfach deine Fragen per mail an: support@gardenshaman.eu \ud83d\ude42<\/li>\n<\/ul>\n","protected":false},"excerpt":{"rendered":"<p>Chili &#8222;Chocolate Habanero&#8220; (Capsicum chinense) &#8211; Samen Herkunft: \u00d6sterreich Ernte: 2025 Keimdauer:\u00a0ca. 1-2 Wochen Jede Packung enth\u00e4lt ca. 10 Samen! Gr\u00f6\u00dfere Mengen bitte auf Anfrage! Aussaathinweise Der Anbau von Capsicum chinense &#8222;Chocolate Habanero&#8220; Samen beginnt am besten in der Innenaussaat. S\u00e4e die Samen etwa 6-8 Wochen vor dem letzten erwarteten Frosttermin aus. Verwende eine hochwertige [&hellip;]<\/p>\n","protected":false},"featured_media":85570,"comment_status":"open","ping_status":"closed","template":"","meta":[],"product_brand":[],"product_cat":[4900,4895,233],"product_tag":[6113,5939,6124,6123,5558,6118,6114,6117,6115,6119,6121,6122,6116,5937,6120],"class_list":{"0":"post-85569","1":"product","2":"type-product","3":"status-publish","4":"has-post-thumbnail","6":"product_cat-heilkraeuter","7":"product_cat-obst-gemuese-und-kraeuter","8":"product_cat-samen","9":"product_tag-capsicum-chinense","10":"product_tag-chili-anbau","11":"product_tag-chili-pflegen","12":"product_tag-chili-pikieren","13":"product_tag-chili-samen","14":"product_tag-chilis-im-garten","15":"product_tag-chocolate-habanero","16":"product_tag-habanero-pflanzen","17":"product_tag-habanero-schokolade","18":"product_tag-indoor-aussaat","19":"product_tag-karibische-chili","20":"product_tag-mexikanische-kueche","21":"product_tag-scharfe-chilis","22":"product_tag-scharfe-paprika","23":"product_tag-scoville-einheiten","24":"product_shipping_class-samen","26":"first","27":"instock","28":"taxable","29":"shipping-taxable","30":"purchasable","31":"product-type-simple"},"_links":{"self":[{"href":"https:\/\/www.gardenshaman.eu\/de\/wp-json\/wp\/v2\/product\/85569","targetHints":{"allow":["GET"]}}],"collection":[{"href":"https:\/\/www.gardenshaman.eu\/de\/wp-json\/wp\/v2\/product"}],"about":[{"href":"https:\/\/www.gardenshaman.eu\/de\/wp-json\/wp\/v2\/types\/product"}],"replies":[{"embeddable":true,"href":"https:\/\/www.gardenshaman.eu\/de\/wp-json\/wp\/v2\/comments?post=85569"}],"wp:featuredmedia":[{"embeddable":true,"href":"https:\/\/www.gardenshaman.eu\/de\/wp-json\/wp\/v2\/media\/85570"}],"wp:attachment":[{"href":"https:\/\/www.gardenshaman.eu\/de\/wp-json\/wp\/v2\/media?parent=85569"}],"wp:term":[{"taxonomy":"product_brand","embeddable":true,"href":"https:\/\/www.gardenshaman.eu\/de\/wp-json\/wp\/v2\/product_brand?post=85569"},{"taxonomy":"product_cat","embeddable":true,"href":"https:\/\/www.gardenshaman.eu\/de\/wp-json\/wp\/v2\/product_cat?post=85569"},{"taxonomy":"product_tag","embeddable":true,"href":"https:\/\/www.gardenshaman.eu\/de\/wp-json\/wp\/v2\/product_tag?post=85569"}],"curies":[{"name":"wp","href":"https:\/\/api.w.org\/{rel}","templated":true}]}}