{"id":17588,"date":"2022-07-14T10:47:02","date_gmt":"2022-07-14T08:47:02","guid":{"rendered":"https:\/\/www.gardenshaman.eu\/?post_type=product&#038;p=17588"},"modified":"2026-03-03T18:06:00","modified_gmt":"2026-03-03T17:06:00","slug":"%f0%9f%8c%b5-agave-agave-durangensis-samen","status":"publish","type":"product","link":"https:\/\/www.gardenshaman.eu\/de\/product\/%f0%9f%8c%b5-agave-agave-durangensis-samen\/","title":{"rendered":"\ud83c\udf35 Agave (Agave durangensis) &#8211; Samen"},"content":{"rendered":"<p><strong>\ud83c\udf35 Agave (Agave durangensis) &#8211; Samen<\/strong><\/p>\n<p style=\"padding-left: 30px;\"><span style=\"color: #ff6600;\"><strong>Herkunft:<\/strong><\/span> Mexico<br \/>\n<strong><span style=\"color: #ff6600;\">Ernte:<\/span><\/strong> 2023<br \/>\n<span style=\"color: #ff6600;\"><strong>Keimdauer:\u00a0<\/strong><span style=\"color: #000000;\">ca. 1-4 Wochen<br \/>\n<\/span><\/span><\/p>\n<p style=\"padding-left: 30px;\">Du kannst zwischen <em>10 &amp; 30 Einzelsame<\/em>n w\u00e4hlen!<\/p>\n<p style=\"padding-left: 30px;\"><strong><span style=\"color: #ff6600;\">Anzuchtanleitung:<\/span><\/strong><\/p>\n<p style=\"padding-left: 30px;\"><span style=\"color: #000000;\">Diese Samen z\u00e4hlen zu den Dunkelkeimern, weshalb sie f\u00fcr die Keimung ca. 0,5-1cm mit Erde bedeckt werden.<br \/>\n<\/span><\/p>\n<p style=\"padding-left: 30px;\">Anzuchtt\u00f6pfe mit Anzuchterde bzw. Kakteensubstrat bef\u00fcllen, mit Wasser bespr\u00fchen, die Samen mit Erde etwas bedecken und mit Wasser bespr\u00fchen.<br \/>\nDie Anzuchtt\u00f6pfe am besten mit Plastikfolie abdecken und t\u00e4glich l\u00fcften bzw. die Erde feucht halten. Die T\u00f6pfe k\u00f6nnen andernfalls auch in passende Zimmergew\u00e4chsh\u00e4user gestellt werden, bis die Samen gekeimt und die S\u00e4mlinge ca. 1-2cm gro\u00df sind.<\/p>\n<p style=\"padding-left: 30px;\">Wichtig ist eine Gew\u00e4hrleistung der Frischluftzufuhr mindestens einmal t\u00e4glich, um Schimmel vorzubeugen und zu vermeiden.<\/p>\n<p style=\"padding-left: 30px;\">Nach der Keimung der Samen k\u00f6nnen die S\u00e4mlinge nach wenigen Wochen langsam an die trockenere Raumluft oder Frischluft im Freien gew\u00f6hnt werden.<\/p>\n<p><span style=\"color: #99cc00;\"><strong>GRATIS Samen zu jeder Bestellung \ud83d\ude42<\/strong><\/span><\/p>\n<p>&nbsp;<\/p>\n<p><span style=\"color: #99cc00;\"><strong><span style=\"color: #ff6600;\">Wichtig:<\/span><\/strong><\/span><\/p>\n<ul>\n<li><span style=\"color: #99cc00;\"><span style=\"color: #000000;\">Trotz st\u00e4ndiger Qualit\u00e4tskontrollen (\u00dcberpr\u00fcfung der Keimqualit\u00e4t, Lagerungsf\u00e4higkeit, etc. der Pflanzensamen, etc.) <\/span><span style=\"color: #000000;\">k\u00f6nnen wir leider <\/span><\/span><strong><em>keine<\/em> Garantie<\/strong> auf die Keimung unserer Samen geben &#8211; zu viele verschiedene Faktoren im Rahmen der Anzucht\/bedingungen &#8211; k\u00f6nnen eine erfolgreiche Keimung verhindern.<\/li>\n<li>Bitte erkundigen Sie sich VOR Kauf dieses Produkts \u00fcber die in Ihrem Land geltenden <strong>Gesetze<\/strong> und Einfuhrbestimmungen bzw. ob dieses Produkt importiert\/verwendet\/angebaut werden darf.<\/li>\n<li>Unsere Pflanzensamen sind, sofern in Ihrem Land zur<strong> Anzucht<\/strong> bestimmt und erlaubt, <em>ausschlie\u00dflich<\/em> f\u00fcr die Pflanzenanzucht vorgesehen.<\/li>\n<li>Weitere Hinweise und Richtlinien entnehmen Sie bitte unseren AGBs oder schreiben Sie uns einfach Ihre Fragen per mail an: support@gardenshaman.eu \ud83d\ude42<\/li>\n<\/ul>\n","protected":false},"excerpt":{"rendered":"<p>\ud83c\udf35 Agave (Agave durangensis) &#8211; Samen Herkunft: Mexico Ernte: 2023 Keimdauer:\u00a0ca. 1-4 Wochen Du kannst zwischen 10 &amp; 30 Einzelsamen w\u00e4hlen! Anzuchtanleitung: Diese Samen z\u00e4hlen zu den Dunkelkeimern, weshalb sie f\u00fcr die Keimung ca. 0,5-1cm mit Erde bedeckt werden. Anzuchtt\u00f6pfe mit Anzuchterde bzw. Kakteensubstrat bef\u00fcllen, mit Wasser bespr\u00fchen, die Samen mit Erde etwas bedecken und [&hellip;]<\/p>\n","protected":false},"featured_media":17591,"comment_status":"open","ping_status":"closed","template":"","meta":[],"product_brand":[],"product_cat":[313,215,233],"product_tag":[1149,1150,314,315,1499,1503,1501,1502,1143,1144,1145,1151,1152,1500],"class_list":{"0":"post-17588","1":"product","2":"type-product","3":"status-publish","4":"has-post-thumbnail","6":"product_cat-kakteen-sukkulenten","7":"product_cat-sale","8":"product_cat-samen","9":"product_tag-agave","10":"product_tag-blaue-agave","11":"product_tag-cacti","12":"product_tag-cactus","13":"product_tag-durangensis","14":"product_tag-durango","15":"product_tag-spiney","16":"product_tag-spiny","17":"product_tag-succulent","18":"product_tag-sukkulent","19":"product_tag-sukkulente","20":"product_tag-tequila","21":"product_tag-weber","22":"product_tag-yucca","23":"product_shipping_class-samen","25":"first","26":"instock","27":"sale","28":"taxable","29":"shipping-taxable","30":"purchasable","31":"product-type-variable","32":"has-default-attributes"},"_links":{"self":[{"href":"https:\/\/www.gardenshaman.eu\/de\/wp-json\/wp\/v2\/product\/17588","targetHints":{"allow":["GET"]}}],"collection":[{"href":"https:\/\/www.gardenshaman.eu\/de\/wp-json\/wp\/v2\/product"}],"about":[{"href":"https:\/\/www.gardenshaman.eu\/de\/wp-json\/wp\/v2\/types\/product"}],"replies":[{"embeddable":true,"href":"https:\/\/www.gardenshaman.eu\/de\/wp-json\/wp\/v2\/comments?post=17588"}],"wp:featuredmedia":[{"embeddable":true,"href":"https:\/\/www.gardenshaman.eu\/de\/wp-json\/wp\/v2\/media\/17591"}],"wp:attachment":[{"href":"https:\/\/www.gardenshaman.eu\/de\/wp-json\/wp\/v2\/media?parent=17588"}],"wp:term":[{"taxonomy":"product_brand","embeddable":true,"href":"https:\/\/www.gardenshaman.eu\/de\/wp-json\/wp\/v2\/product_brand?post=17588"},{"taxonomy":"product_cat","embeddable":true,"href":"https:\/\/www.gardenshaman.eu\/de\/wp-json\/wp\/v2\/product_cat?post=17588"},{"taxonomy":"product_tag","embeddable":true,"href":"https:\/\/www.gardenshaman.eu\/de\/wp-json\/wp\/v2\/product_tag?post=17588"}],"curies":[{"name":"wp","href":"https:\/\/api.w.org\/{rel}","templated":true}]}}