{"id":131808,"date":"2025-04-14T08:00:22","date_gmt":"2025-04-14T06:00:22","guid":{"rendered":"https:\/\/www.gardenshaman.eu\/?post_type=product&#038;p=131808"},"modified":"2026-03-07T19:00:58","modified_gmt":"2026-03-07T18:00:58","slug":"bergarnika-arbo-arnica-montana-samen","status":"publish","type":"product","link":"https:\/\/www.gardenshaman.eu\/de\/product\/bergarnika-arbo-arnica-montana-samen\/","title":{"rendered":"Bergarnika &#8222;Arbo&#8220; (Arnica montana) &#8211; Samen"},"content":{"rendered":"<h2>Bergarnika &#8222;Arbo&#8220; (Arnica montana) &#8211; Samen<\/h2>\n<p><strong>Herkunft:<\/strong> \u00d6sterreich<br \/>\n<strong>Ernte: <\/strong>2025<br \/>\n<strong>Keimdauer: <\/strong>ca. 2-3 Wochen<\/p>\n<p>Jede Packung enth\u00e4lt ca. 20 Samen! Gr\u00f6\u00dfere Mengen bitte auf Anfrage!<\/p>\n<hr \/>\n<p class=\"\" data-start=\"38\" data-end=\"697\"><strong data-start=\"38\" data-end=\"63\">Arnica montana &#8222;Arbo&#8220;<\/strong> ist eine wertvolle und robuste <strong data-start=\"95\" data-end=\"109\">Arnika-Art<\/strong>, die aufgrund ihrer kr\u00e4ftigen gelben Bl\u00fcten und ihrer heilenden Eigenschaften besonders gesch\u00e4tzt wird. Diese <strong data-start=\"220\" data-end=\"242\">mehrj\u00e4hrige Staude<\/strong> w\u00e4chst bevorzugt auf <strong data-start=\"264\" data-end=\"315\">n\u00e4hrstoffarmen, sonnigen Wiesen und Bergw\u00e4ldern<\/strong> und ist besonders f\u00fcr ihre <strong data-start=\"343\" data-end=\"372\">medizinalen Eigenschaften<\/strong> bekannt. Sie wird traditionell zur Herstellung von Salben und Tinkturen verwendet, die bei der Behandlung von <strong data-start=\"483\" data-end=\"518\">Prellungen, Muskelverspannungen<\/strong> und <strong data-start=\"523\" data-end=\"539\">Entz\u00fcndungen<\/strong> helfen. Die <strong data-start=\"552\" data-end=\"562\">&#8222;Arbo&#8220;<\/strong>-Variante zeichnet sich durch ihre besonders kr\u00e4ftigen Bl\u00fcten und eine verbesserte Resistenz gegen widrige Witterungsbedingungen aus.<\/p>\n<h3 class=\"\" data-start=\"699\" data-end=\"724\"><strong data-start=\"703\" data-end=\"722\">Aussaathinweise<\/strong><\/h3>\n<p class=\"\" style=\"padding-left: 40px;\" data-start=\"727\" data-end=\"779\"><strong data-start=\"727\" data-end=\"743\">Aussaatzeit:<\/strong> Fr\u00fchling bis Herbst (M\u00e4rz\u2013August)<br \/>\n<strong data-start=\"782\" data-end=\"796\">Keimdauer:<\/strong> 2\u20133 Wochen bei 18\u201322 \u00b0C<br \/>\n<strong data-start=\"825\" data-end=\"839\">Saattiefe:<\/strong> 1\u20132 cm tief, leicht andr\u00fccken<br \/>\n<strong data-start=\"874\" data-end=\"887\">Standort:<\/strong> Sonnig bis halbschattig, durchl\u00e4ssiger, leicht sandiger Boden<br \/>\n<strong data-start=\"954\" data-end=\"965\">Gie\u00dfen:<\/strong> M\u00e4\u00dfig \u2013 nicht zu feucht, aber gleichm\u00e4\u00dfig feucht halten<br \/>\n<strong data-start=\"1026\" data-end=\"1044\">Pflanzabstand:<\/strong> 30\u201340 cm zwischen den Pflanzen f\u00fcr eine gute Luftzirkulation<\/p>\n<h3 class=\"\" data-start=\"1109\" data-end=\"1147\"><strong data-start=\"1113\" data-end=\"1145\">Ernte, Verwendung &amp; Lagerung<\/strong><\/h3>\n<p class=\"\" style=\"padding-left: 40px;\" data-start=\"1150\" data-end=\"1182\"><strong data-start=\"1150\" data-end=\"1164\">Bl\u00fctezeit:<\/strong> Juni bis August<br \/>\n<strong data-start=\"1185\" data-end=\"1194\">H\u00f6he:<\/strong> 30\u201360 cm<br \/>\n<strong data-start=\"1208\" data-end=\"1223\">Verwendung:<\/strong> Heilpflanze zur Herstellung von Tinkturen, Salben, f\u00fcr Kr\u00e4utertees oder als Zierpflanze im Garten<br \/>\n<strong data-start=\"1326\" data-end=\"1339\">Lagerung:<\/strong> Samen trocken, k\u00fchl und dunkel aufbewahren, Tinkturen an einem k\u00fchlen Ort lagern<\/p>\n<h3 class=\"\" data-start=\"1424\" data-end=\"1450\"><strong data-start=\"1428\" data-end=\"1448\">Tipps und Tricks<\/strong><\/h3>\n<p class=\"\" style=\"padding-left: 40px;\" data-start=\"1453\" data-end=\"1566\"><strong data-start=\"1453\" data-end=\"1481\">Regelm\u00e4\u00dfiger R\u00fcckschnitt<\/strong> nach der Bl\u00fcte f\u00f6rdert das Wachstum neuer Bl\u00fcten und verhindert die Selbstaussaat.<br \/>\nArnika bevorzugt <strong data-start=\"1586\" data-end=\"1602\">magere B\u00f6den<\/strong> \u2013 vermeide \u00fcberm\u00e4\u00dfige D\u00fcngung, da dies die Heilpflanzenqualit\u00e4t beeintr\u00e4chtigen kann.<br \/>\n<strong data-start=\"1693\" data-end=\"1709\">Winterschutz<\/strong> ist in sehr kalten Regionen ratsam, um die Pflanze vor extremen Frostperioden zu sch\u00fctzen.<br \/>\n<strong data-start=\"1805\" data-end=\"1839\">Bienen- und Insektenfreundlich<\/strong> \u2013 die gelben Bl\u00fcten sind eine wertvolle Nahrungsquelle f\u00fcr Best\u00e4uber.<br \/>\n<strong data-start=\"1914\" data-end=\"1945\">Fr\u00fchzeitige Aussaat im Haus<\/strong> kann die Keimung beschleunigen und ein gutes Wachstum f\u00f6rdern.<\/p>\n<h3 class=\"\" data-start=\"2012\" data-end=\"2035\"><strong data-start=\"2016\" data-end=\"2033\">Wissenswertes<\/strong><\/h3>\n<p class=\"\" data-start=\"2036\" data-end=\"2646\">Die <strong data-start=\"2040\" data-end=\"2056\">Echte Arnika<\/strong> (<em data-start=\"2058\" data-end=\"2074\">Arnica montana<\/em>) ist bekannt f\u00fcr ihre <strong data-start=\"2097\" data-end=\"2124\">heilsamen Eigenschaften<\/strong> und wird in der Naturheilkunde h\u00e4ufig verwendet. In der traditionellen Medizin werden vor allem die <strong data-start=\"2225\" data-end=\"2235\">Bl\u00fcten<\/strong> genutzt, da sie <strong data-start=\"2252\" data-end=\"2274\">entz\u00fcndungshemmend<\/strong>, <strong data-start=\"2276\" data-end=\"2295\">schmerzlindernd<\/strong> und <strong data-start=\"2300\" data-end=\"2325\">durchblutungsf\u00f6rdernd<\/strong> wirken. Sie ist auch eine wertvolle Pflanze f\u00fcr die <strong data-start=\"2378\" data-end=\"2393\">Bienenweide<\/strong> und sorgt mit ihren leuchtend gelben Bl\u00fcten f\u00fcr einen sch\u00f6nen Farbakzent im Garten. Die <strong data-start=\"2482\" data-end=\"2492\">&#8222;Arbo&#8220;<\/strong>-Sorte ist besonders winterhart und widerstandsf\u00e4hig gegen Krankheiten, was sie zu einer besonders pflegeleichten Wahl f\u00fcr G\u00e4rten und Naturg\u00e4rten macht.<\/p>\n<p><span style=\"color: #99cc00;\"><strong>GRATIS Samen zu jeder Bestellung \ud83d\ude42<\/strong><\/span><\/p>\n<p>&nbsp;<\/p>\n<p><span style=\"color: #99cc00;\"><strong><span style=\"color: #ff6600;\">Wichtig:<\/span><\/strong><\/span><\/p>\n<ul>\n<li><span style=\"color: #99cc00;\"><span style=\"color: #000000;\">Trotz st\u00e4ndiger Qualit\u00e4tskontrollen (\u00dcberpr\u00fcfung der Keimqualit\u00e4t, Lagerungsf\u00e4higkeit, etc. der Pflanzensamen, etc.) <\/span><span style=\"color: #000000;\">k\u00f6nnen wir leider <\/span><\/span><strong><em>keine<\/em> Garantie<\/strong> auf die Keimung unserer Samen geben &#8211; zu viele verschiedene Faktoren im Rahmen der Anzucht\/bedingungen &#8211; k\u00f6nnen eine erfolgreiche Keimung verhindern.<\/li>\n<li>Bitte erkundige dich VOR dem Kauf dieses Produkts \u00fcber die in deinem Land geltenden <strong>Gesetze<\/strong> und Einfuhrbestimmungen bzw. ob dieses Produkt importiert\/verwendet\/angebaut werden darf.<\/li>\n<li>Unsere Pflanzensamen sind, sofern in deinem Land zur<strong> Anzucht<\/strong> bestimmt und erlaubt, <em>ausschlie\u00dflich<\/em> f\u00fcr die Pflanzenanzucht vorgesehen.<\/li>\n<li>Weitere Hinweise und Richtlinien findest du in unseren AGBs oder schreibe uns einfach deine Fragen per mail an: support@gardenshaman.eu \ud83d\ude42<\/li>\n<\/ul>\n","protected":false},"excerpt":{"rendered":"<p>Bergarnika &#8222;Arbo&#8220; (Arnica montana) &#8211; Samen Herkunft: \u00d6sterreich Ernte: 2025 Keimdauer: ca. 2-3 Wochen Jede Packung enth\u00e4lt ca. 20 Samen! Gr\u00f6\u00dfere Mengen bitte auf Anfrage! Arnica montana &#8222;Arbo&#8220; ist eine wertvolle und robuste Arnika-Art, die aufgrund ihrer kr\u00e4ftigen gelben Bl\u00fcten und ihrer heilenden Eigenschaften besonders gesch\u00e4tzt wird. Diese mehrj\u00e4hrige Staude w\u00e4chst bevorzugt auf n\u00e4hrstoffarmen, sonnigen [&hellip;]<\/p>\n","protected":false},"featured_media":131810,"comment_status":"open","ping_status":"closed","template":"","meta":[],"product_brand":[],"product_cat":[4900,4895,1517,233,4899],"product_tag":[9930,9940,9933,9938,9934,9935,4097,9931,9941,9932,7365,9936,9937,4102,9705,9939],"class_list":{"0":"post-131808","1":"product","2":"type-product","3":"status-publish","4":"has-post-thumbnail","6":"product_cat-heilkraeuter","7":"product_cat-obst-gemuese-und-kraeuter","8":"product_cat-rare","9":"product_cat-samen","10":"product_cat-schoenheiten","11":"product_tag-arnica-montana-arbo-samen","12":"product_tag-arnika-fuer-kraeutertee","13":"product_tag-arnika-fuer-tinkturen","14":"product_tag-arnika-pflege","15":"product_tag-arnika-salbe-selber-machen","16":"product_tag-arnika-staude","17":"product_tag-bienenfreundliche-pflanzen","18":"product_tag-echte-arnika-kaufen","19":"product_tag-gelbe-heilpflanzen","20":"product_tag-heilende-pflanzen-im-garten","21":"product_tag-kraeuter-fuer-den-garten","22":"product_tag-magere-boeden-fuer-heilpflanzen","23":"product_tag-mehrjaehrige-heilpflanzen","24":"product_tag-pflegeleichte-gartenpflanzen","25":"product_tag-winterharte-heilpflanzen","26":"product_tag-zierpflanzen-fuer-den-naturgarten","27":"product_shipping_class-samen","29":"first","30":"instock","31":"taxable","32":"shipping-taxable","33":"purchasable","34":"product-type-simple"},"_links":{"self":[{"href":"https:\/\/www.gardenshaman.eu\/de\/wp-json\/wp\/v2\/product\/131808","targetHints":{"allow":["GET"]}}],"collection":[{"href":"https:\/\/www.gardenshaman.eu\/de\/wp-json\/wp\/v2\/product"}],"about":[{"href":"https:\/\/www.gardenshaman.eu\/de\/wp-json\/wp\/v2\/types\/product"}],"replies":[{"embeddable":true,"href":"https:\/\/www.gardenshaman.eu\/de\/wp-json\/wp\/v2\/comments?post=131808"}],"wp:featuredmedia":[{"embeddable":true,"href":"https:\/\/www.gardenshaman.eu\/de\/wp-json\/wp\/v2\/media\/131810"}],"wp:attachment":[{"href":"https:\/\/www.gardenshaman.eu\/de\/wp-json\/wp\/v2\/media?parent=131808"}],"wp:term":[{"taxonomy":"product_brand","embeddable":true,"href":"https:\/\/www.gardenshaman.eu\/de\/wp-json\/wp\/v2\/product_brand?post=131808"},{"taxonomy":"product_cat","embeddable":true,"href":"https:\/\/www.gardenshaman.eu\/de\/wp-json\/wp\/v2\/product_cat?post=131808"},{"taxonomy":"product_tag","embeddable":true,"href":"https:\/\/www.gardenshaman.eu\/de\/wp-json\/wp\/v2\/product_tag?post=131808"}],"curies":[{"name":"wp","href":"https:\/\/api.w.org\/{rel}","templated":true}]}}