{"id":10200,"date":"2022-03-12T08:24:14","date_gmt":"2022-03-12T07:24:14","guid":{"rendered":"https:\/\/www.gardenshaman.eu\/newshop\/?post_type=product&#038;p=10200"},"modified":"2024-08-20T14:28:22","modified_gmt":"2024-08-20T12:28:22","slug":"%f0%9f%8c%b5-trichocereus-pachanoi-huanuquensis-echinopsis-pachanoi-samen","status":"publish","type":"product","link":"https:\/\/www.gardenshaman.eu\/de\/product\/%f0%9f%8c%b5-trichocereus-pachanoi-huanuquensis-echinopsis-pachanoi-samen\/","title":{"rendered":"\ud83c\udf35 Trichocereus pachanoi (Huanuquensis) \/ Echinopsis pachanoi &#8211; Samen"},"content":{"rendered":"<p><strong>Trichocereus pachanoi (Huanuquensis) \/ Echinopsis pachanoi &#8211; Samen<br \/>\n<\/strong><\/p>\n<p style=\"padding-left: 30px;\"><span style=\"color: #ff6600;\"><strong>Herkunft:<\/strong><\/span> Peru &#8211; Wildsammlung<br \/>\n<strong><span style=\"color: #ff6600;\">Ernte:<\/span><\/strong> 2023<br \/>\n<span style=\"color: #ff6600;\"><strong>Keimdauer:\u00a0<\/strong><span style=\"color: #000000;\">ca. 1-4 Wochen<br \/>\n<strong><span style=\"color: #ff6600;\">Strain:<\/span> <\/strong>Huanuquensis<br \/>\n<span style=\"color: #ff6600;\"><strong>Herkunft: <\/strong><span style=\"color: #000000;\">Chavin de Huantar<\/span><\/span><br \/>\n<\/span><\/span><\/p>\n<p style=\"padding-left: 30px;\">Du kannst zwischen ca.<em> 10 &amp; ca. 30 Einzelsame<\/em>n w\u00e4hlen!<\/p>\n<p>&nbsp;<\/p>\n<p style=\"padding-left: 30px;\"><strong><span style=\"color: #ff6600;\">Anzuchtanleitung:<br \/>\n<\/span><\/strong><span style=\"color: #000000;\">Diese Samen z\u00e4hlen zu den Lichtkeimern, weshalb sie nicht oder nur sehr d\u00fcnn mit Erde bedeckt werden d\u00fcrfen, wenn man sie keimen lassen m\u00f6chte.<br \/>\n<\/span><\/p>\n<p style=\"padding-left: 30px;\">Anzuchtt\u00f6pfe mit Anzuchterde bzw. Kakteensubstrat bef\u00fcllen, mit Wasser bespr\u00fchen, die Samen auf die Erde legen und mit Wasser bespr\u00fchen.<br \/>\nWenn \u00fcberhaupt, dann nur hauchd\u00fcnn mit einer feinen Schicht Erde\/Sand bestreuen. Die Anzuchtt\u00f6pfe am besten mit Plastikfolie abdecken und t\u00e4glich l\u00fcften bzw. die Erde feucht halten. Die T\u00f6pfe k\u00f6nnen andernfalls auch in passende Zimmergew\u00e4chsh\u00e4user gestellt werden, bis die Samen gekeimt und die Kakteens\u00e4mlinge ca. 1-2cm gro\u00df sind.<\/p>\n<p style=\"padding-left: 30px;\">Wichtig ist eine Gew\u00e4hrleistung der Frischluftzufuhr mindestens einmal t\u00e4glich, um Schimmel vorzubeugen und zu vermeiden.<\/p>\n<p style=\"padding-left: 30px;\">Nach der Keimung der Samen k\u00f6nnen die Kakteens\u00e4mlinge nach wenigen Wochen langsam an die trockenere Raumluft oder Frischluft im Freien gew\u00f6hnt werden.<\/p>\n<p><span style=\"color: #99cc00;\"><strong>GRATIS Samen zu jeder Bestellung \ud83d\ude42<\/strong><\/span><\/p>\n<p>&nbsp;<\/p>\n<p><span style=\"color: #99cc00;\"><strong><span style=\"color: #ff6600;\">Wichtig:<\/span><\/strong><\/span><\/p>\n<ul>\n<li><span style=\"color: #99cc00;\"><span style=\"color: #000000;\">Trotz st\u00e4ndiger Qualit\u00e4tskontrollen (\u00dcberpr\u00fcfung der Keimqualit\u00e4t, Lagerunsf\u00e4higkeit, etc. der Pflanzensamen, etc.) <\/span><span style=\"color: #000000;\">k\u00f6nnen wir leider <\/span><\/span><strong><em>keine<\/em> Garantie<\/strong> auf die Keimung unserer Samen geben &#8211; zu viele verschiedene Faktoren im Rahmen der Anzucht\/bedingungen &#8211; k\u00f6nnen eine erfolgreiche Keimung verhindern.<\/li>\n<li>Bitte erkundigen Sie sich VOR Kauf dieses Produkts \u00fcber die in Ihrem Land geltenden <strong>Gesetze<\/strong> und Einfuhrbestimmungen bzw. ob dieses Produkt importiert\/verwendet\/angebaut werden darf.<\/li>\n<li>Unsere Pflanzensamen sind, sofern in Ihrem Land zur<strong> Anzucht<\/strong> bestimmt und erlaubt, <em>ausschlie\u00dflich<\/em> f\u00fcr die Pflanzenanzucht vorgesehen.<\/li>\n<li>Weitere Hinweise und Richtlinien entnehmen Sie bitte unseren AGBs oder schreiben Sie uns einfach Ihre Fragen per mail an: support@gardenshaman.eu \ud83d\ude42<\/li>\n<\/ul>\n","protected":false},"excerpt":{"rendered":"<p>Trichocereus pachanoi (Huanuquensis) \/ Echinopsis pachanoi &#8211; Samen Herkunft: Peru &#8211; Wildsammlung Ernte: 2023 Keimdauer:\u00a0ca. 1-4 Wochen Strain: Huanuquensis Herkunft: Chavin de Huantar Du kannst zwischen ca. 10 &amp; ca. 30 Einzelsamen w\u00e4hlen! &nbsp; Anzuchtanleitung: Diese Samen z\u00e4hlen zu den Lichtkeimern, weshalb sie nicht oder nur sehr d\u00fcnn mit Erde bedeckt werden d\u00fcrfen, wenn man [&hellip;]<\/p>\n","protected":false},"featured_media":10234,"comment_status":"open","ping_status":"closed","template":"","meta":[],"product_brand":[],"product_cat":[313,215,233],"product_tag":[314,315,318,758,216,319,978,759,220,316,230,320,222,224],"class_list":{"0":"post-10200","1":"product","2":"type-product","3":"status-publish","4":"has-post-thumbnail","6":"product_cat-kakteen-sukkulenten","7":"product_cat-sale","8":"product_cat-samen","9":"product_tag-cacti","10":"product_tag-cactus","11":"product_tag-chavin","12":"product_tag-collahuasi","13":"product_tag-echinopsis","14":"product_tag-huantar","15":"product_tag-huanuquensis","16":"product_tag-huata","17":"product_tag-peru","18":"product_tag-peruviana","19":"product_tag-peyote","20":"product_tag-picchu","21":"product_tag-san-pedro","22":"product_tag-trichocereus","23":"product_shipping_class-samen","25":"first","26":"instock","27":"sale","28":"taxable","29":"shipping-taxable","30":"purchasable","31":"product-type-variable","32":"has-default-attributes"},"_links":{"self":[{"href":"https:\/\/www.gardenshaman.eu\/de\/wp-json\/wp\/v2\/product\/10200","targetHints":{"allow":["GET"]}}],"collection":[{"href":"https:\/\/www.gardenshaman.eu\/de\/wp-json\/wp\/v2\/product"}],"about":[{"href":"https:\/\/www.gardenshaman.eu\/de\/wp-json\/wp\/v2\/types\/product"}],"replies":[{"embeddable":true,"href":"https:\/\/www.gardenshaman.eu\/de\/wp-json\/wp\/v2\/comments?post=10200"}],"wp:featuredmedia":[{"embeddable":true,"href":"https:\/\/www.gardenshaman.eu\/de\/wp-json\/wp\/v2\/media\/10234"}],"wp:attachment":[{"href":"https:\/\/www.gardenshaman.eu\/de\/wp-json\/wp\/v2\/media?parent=10200"}],"wp:term":[{"taxonomy":"product_brand","embeddable":true,"href":"https:\/\/www.gardenshaman.eu\/de\/wp-json\/wp\/v2\/product_brand?post=10200"},{"taxonomy":"product_cat","embeddable":true,"href":"https:\/\/www.gardenshaman.eu\/de\/wp-json\/wp\/v2\/product_cat?post=10200"},{"taxonomy":"product_tag","embeddable":true,"href":"https:\/\/www.gardenshaman.eu\/de\/wp-json\/wp\/v2\/product_tag?post=10200"}],"curies":[{"name":"wp","href":"https:\/\/api.w.org\/{rel}","templated":true}]}}